{"id":9316,"date":"2024-09-17T16:13:38","date_gmt":"2024-09-17T14:13:38","guid":{"rendered":"https:\/\/antcube.shop\/en\/product\/ameisen-ausbruchsschutz-lack-10ml\/"},"modified":"2026-04-07T09:37:58","modified_gmt":"2026-04-07T07:37:58","slug":"ameisen-ausbruchsschutz-lack-10ml","status":"publish","type":"product","link":"https:\/\/antcube.shop\/pl\/produkt\/ameisen-ausbruchsschutz-lack-10ml\/","title":{"rendered":"Lakier chroni\u0105cy przed mr\u00f3wkami 10ml"},"content":{"rendered":"<p><strong>Tre\u015b\u0107:<\/strong> 10 ml (ilo\u015b\u0107 nierozcie\u0144czona wystarczaj\u0105ca na ok. 10 metr\u00f3w ta\u015bmy o szeroko\u015bci 20 mm)<\/p>\n<p><strong>Kolor:<\/strong> mlecznobia\u0142y<\/p>\n<p><strong>Materia\u0142:<\/strong> Na bazie PTFE<\/p>\n<p><strong>Opis:<\/strong> Lakier jest idealn\u0105 ochron\u0105 przed mr\u00f3wkami; rodzaj plastiku, kt\u00f3ry jest r\u00f3wnie\u017c cz\u0119sto stosowany jako \u015brodek antyadhezyjny - zalecany r\u00f3wnie\u017c przez naukowc\u00f3w H\u00f6lldoblera i Wilsona jako ochrona przed mr\u00f3wkami w hodowli mr\u00f3wek. Mr\u00f3wki nie znajduj\u0105 przyczepno\u015bci na na\u0142o\u017conej folii i ze\u015blizguj\u0105 si\u0119 z niej. Pow\u0142oka jest trwa\u0142a i dlatego nie musi by\u0107 odnawiana tak cz\u0119sto, jak inne alternatywy.<\/p>\n<p><strong>Zaleta:<\/strong><br \/>\n- W przypadku czystej aplikacji nie jest konieczne odnawianie.<br \/>\n- Idealny do powierzchni szklanych.<\/p>\n<p><strong>Wady:<\/strong><br \/>\n- Nie nadaje si\u0119 do formikari\u00f3w o wysokiej wilgotno\u015bci, poniewa\u017c lakier jest rozpuszczalny w wodzie.<br \/>\n- Lakier nie nadaje si\u0119 do powierzchni plastikowych, poniewa\u017c s\u0105 one samosmaruj\u0105ce.<br \/>\n- Aplikacj\u0119 nale\u017cy wcze\u015bniej prze\u0107wiczy\u0107, poniewa\u017c \"lakierowana\" powierzchnia nie mo\u017ce sta\u0107 si\u0119 szorstka ani porysowana.<\/p>\n<p><strong>Zastosowanie:<\/strong> Przed u\u017cyciem dobrze wstrz\u0105sn\u0105\u0107. Lakier mo\u017ce by\u0107 stosowany w postaci gotowej do u\u017cycia lub rozcie\u0144czony wod\u0105 w stosunku maksymalnie 1:10. Mo\u017cna go nak\u0142ada\u0107 p\u0119dzlem lub po prostu ostro\u017cnie kapa\u0107 na powierzchnie, kt\u00f3re maj\u0105 by\u0107 leczone. Warstwa powinna by\u0107 oko\u0142o 3 razy szersza od kraw\u0119dzi ni\u017c d\u0142ugo\u015b\u0107 mr\u00f3wek. Naj\u0142atwiejszym sposobem jest zamaskowanie obszaru ta\u015bm\u0105 samoprzylepn\u0105 i na\u0142o\u017cenie farby le\u017c\u0105c na boku zbiornika. Czas schni\u0119cia na stron\u0119 wynosi oko\u0142o 45 minut, ale mo\u017ce si\u0119 nieznacznie r\u00f3\u017cni\u0107 w zale\u017cno\u015bci od grubo\u015bci aplikacji.<\/p>\n<p><strong>Wa\u017cna uwaga:<\/strong> Unika\u0107 kontaktu z oczami. W przypadku kontaktu z oczami natychmiast przemy\u0107 du\u017c\u0105 ilo\u015bci\u0105 wody i skonsultowa\u0107 si\u0119 z lekarzem. Nie pali\u0107 tytoniu podczas aplikacji. Stosowa\u0107 wy\u0142\u0105cznie w dobrze wentylowanych pomieszczeniach. Przechowywa\u0107 w miejscu niedost\u0119pnym dla dzieci! Farba mo\u017ce nieodwracalnie zmieni\u0107 swoj\u0105 konsystencj\u0119 w temperaturach poni\u017cej zera. Dlatego wysy\u0142amy tylko w temperaturach powy\u017cej 0\u00b0C!<\/p>\n<p><a href=\"https:\/\/www.antstore.net\/shop\/images\/documents\/ant%20escape%20protection%20lacquer%20EN.pdf\">Karta charakterystyki farby chroni\u0105cej przed ogniskami mr\u00f3wek (angielski) , (PDF 0,2 MB)<\/a><br \/>\n(Zawiera: Instrukcje bezpiecze\u0144stwa)<\/p>\n<p>&nbsp;<\/p>","protected":false},"excerpt":{"rendered":"<p>Zawarto\u015b\u0107: 10 ml (ilo\u015b\u0107 nierozcie\u0144czona wystarczaj\u0105ca na ok. 10 metr\u00f3w paska o szeroko\u015bci 20 mm) Kolor: mlecznobia\u0142y Materia\u0142: Na bazie PTFE Opis: Lakier jest idealnym zabezpieczeniem przed mr\u00f3wkami; rodzaj plastiku, kt\u00f3ry jest r\u00f3wnie\u017c cz\u0119sto stosowany jako \u015brodek antyadhezyjny - zalecany r\u00f3wnie\u017c przez naukowc\u00f3w H\u00f6lldoblera i Wilsona jako ochrona przed mr\u00f3wkami w mr\u00f3wkach","protected":false},"featured_media":9592,"comment_status":"open","ping_status":"closed","template":"","meta":{"_acf_changed":false,"content-type":"","_monsterinsights_skip_tracking":false,"_monsterinsights_sitenote_active":false,"_monsterinsights_sitenote_note":"","_monsterinsights_sitenote_category":0},"product_brand":[484],"product_cat":[237],"product_tag":[],"class_list":{"0":"post-9316","1":"product","2":"type-product","3":"status-publish","4":"has-post-thumbnail","6":"product_brand-antcube","7":"product_cat-tools","9":"first","10":"instock","11":"taxable","12":"shipping-taxable","13":"purchasable","14":"product-type-simple"},"acf":[],"aioseo_notices":[],"jetpack_sharing_enabled":true,"_links":{"self":[{"href":"https:\/\/antcube.shop\/pl\/wp-json\/wp\/v2\/product\/9316","targetHints":{"allow":["GET"]}}],"collection":[{"href":"https:\/\/antcube.shop\/pl\/wp-json\/wp\/v2\/product"}],"about":[{"href":"https:\/\/antcube.shop\/pl\/wp-json\/wp\/v2\/types\/product"}],"replies":[{"embeddable":true,"href":"https:\/\/antcube.shop\/pl\/wp-json\/wp\/v2\/comments?post=9316"}],"wp:featuredmedia":[{"embeddable":true,"href":"https:\/\/antcube.shop\/pl\/wp-json\/wp\/v2\/media\/9592"}],"wp:attachment":[{"href":"https:\/\/antcube.shop\/pl\/wp-json\/wp\/v2\/media?parent=9316"}],"wp:term":[{"taxonomy":"product_brand","embeddable":true,"href":"https:\/\/antcube.shop\/pl\/wp-json\/wp\/v2\/product_brand?post=9316"},{"taxonomy":"product_cat","embeddable":true,"href":"https:\/\/antcube.shop\/pl\/wp-json\/wp\/v2\/product_cat?post=9316"},{"taxonomy":"product_tag","embeddable":true,"href":"https:\/\/antcube.shop\/pl\/wp-json\/wp\/v2\/product_tag?post=9316"}],"curies":[{"name":"wp","href":"https:\/\/api.w.org\/{rel}","templated":true}]}}