{"id":9315,"date":"2024-09-17T16:13:12","date_gmt":"2024-09-17T14:13:12","guid":{"rendered":"https:\/\/antcube.shop\/en\/product\/ameisen-ausbruchsschutz-pulver-10ml\/"},"modified":"2026-04-23T09:47:08","modified_gmt":"2026-04-23T07:47:08","slug":"ochrona-przed-mrowkami-w-proszku-10ml","status":"publish","type":"product","link":"https:\/\/antcube.shop\/pl\/produkt\/ochrona-przed-mrowkami-w-proszku-10ml\/","title":{"rendered":"Proszek do ochrony przed mr\u00f3wkami 10ml"},"content":{"rendered":"<p><strong>Tre\u015b\u0107:<\/strong> 8g\/10ml (wystarcza na oko\u0142o jeden metr paska o szeroko\u015bci 2cm)<\/p>\n<p><strong>Kolor:<\/strong> bia\u0142y, matowy<\/p>\n<p><strong>Materia\u0142:<\/strong> na bazie talku<\/p>\n<p><strong>Opis:<\/strong> Puder zapobiega wysypywaniu si\u0119 mr\u00f3wek poprzez zmieszanie go z wod\u0105 i na\u0142o\u017cenie p\u0119dzelkiem oko\u0142o 1 cm poni\u017cej wewn\u0119trznej kraw\u0119dzi formikarium. Woda wyparowuje i pozostaje cienka warstwa talku.<\/p>\n<p><strong>Zaleta:<\/strong> bardzo skuteczny, d\u0142ugotrwa\u0142y<\/p>\n<p><strong>Wady:<\/strong> Warstwa proszku mo\u017ce odpa\u015b\u0107, je\u015bli formikarium zostanie wstrz\u0105\u015bni\u0119te. Wymagana jest stosunkowo du\u017ca ilo\u015b\u0107 w por\u00f3wnaniu z olejem lub lakierem zabezpieczaj\u0105cym przed wybuchem.<\/p>\n<p><strong>Zastosowanie:<\/strong> Folia powinna by\u0107 na\u0142o\u017cona na kraw\u0119d\u017a o szeroko\u015bci oko\u0142o 3 razy wi\u0119kszej ni\u017c d\u0142ugo\u015b\u0107 mr\u00f3wek.<\/p>","protected":false},"excerpt":{"rendered":"<p>Zawarto\u015b\u0107: 8g\/10ml (wystarcza na ok. metr paska o szeroko\u015bci 2cm) Kolor: bia\u0142y, matowy Materia\u0142: na bazie talku Opis: Proszek zapobiega wybijaniu si\u0119 mr\u00f3wek poprzez zmieszanie proszku z wod\u0105 i na\u0142o\u017cenie go p\u0119dzelkiem oko\u0142o 1 cm poni\u017cej wewn\u0119trznej kraw\u0119dzi formikarium. Woda odparowuje i tworzy si\u0119 cienka warstwa proszku.","protected":false},"featured_media":9596,"comment_status":"open","ping_status":"closed","template":"","meta":{"_acf_changed":false,"content-type":"","_monsterinsights_skip_tracking":false,"_monsterinsights_sitenote_active":false,"_monsterinsights_sitenote_note":"","_monsterinsights_sitenote_category":0},"product_brand":[],"product_cat":[237],"product_tag":[],"class_list":{"0":"post-9315","1":"product","2":"type-product","3":"status-publish","4":"has-post-thumbnail","6":"product_cat-tools","8":"first","9":"instock","10":"taxable","11":"shipping-taxable","12":"purchasable","13":"product-type-simple"},"acf":[],"aioseo_notices":[],"jetpack_sharing_enabled":true,"_links":{"self":[{"href":"https:\/\/antcube.shop\/pl\/wp-json\/wp\/v2\/product\/9315","targetHints":{"allow":["GET"]}}],"collection":[{"href":"https:\/\/antcube.shop\/pl\/wp-json\/wp\/v2\/product"}],"about":[{"href":"https:\/\/antcube.shop\/pl\/wp-json\/wp\/v2\/types\/product"}],"replies":[{"embeddable":true,"href":"https:\/\/antcube.shop\/pl\/wp-json\/wp\/v2\/comments?post=9315"}],"wp:featuredmedia":[{"embeddable":true,"href":"https:\/\/antcube.shop\/pl\/wp-json\/wp\/v2\/media\/9596"}],"wp:attachment":[{"href":"https:\/\/antcube.shop\/pl\/wp-json\/wp\/v2\/media?parent=9315"}],"wp:term":[{"taxonomy":"product_brand","embeddable":true,"href":"https:\/\/antcube.shop\/pl\/wp-json\/wp\/v2\/product_brand?post=9315"},{"taxonomy":"product_cat","embeddable":true,"href":"https:\/\/antcube.shop\/pl\/wp-json\/wp\/v2\/product_cat?post=9315"},{"taxonomy":"product_tag","embeddable":true,"href":"https:\/\/antcube.shop\/pl\/wp-json\/wp\/v2\/product_tag?post=9315"}],"curies":[{"name":"wp","href":"https:\/\/api.w.org\/{rel}","templated":true}]}}