{"id":9314,"date":"2024-09-17T16:12:51","date_gmt":"2024-09-17T14:12:51","guid":{"rendered":"https:\/\/antcube.shop\/en\/product\/gitterkappe-fein-fur-gittereinsatz-acryl-50mm\/"},"modified":"2026-02-23T10:53:58","modified_gmt":"2026-02-23T09:53:58","slug":"zaslepka-do-kratki-akrylowej-50-mm","status":"publish","type":"product","link":"https:\/\/antcube.shop\/pl\/produkt\/zaslepka-do-kratki-akrylowej-50-mm\/","title":{"rendered":"Za\u015blepka kratki - do akrylowego wk\u0142adu kratki 50 mm"},"content":{"rendered":"<p><strong>Ilo\u015b\u0107:<\/strong> 1 szt.<\/p>\n<p><strong>Wymiary:<\/strong> 51x12mm<\/p>\n<p><strong>Kolor:<\/strong> przezroczysty<\/p>\n<p><strong>Materia\u0142:<\/strong> plastik<\/p>\n<p><strong>Opis:<\/strong> Ta za\u015blepka z bardzo drobn\u0105 siatk\u0105 (0,2-0,3 mm) do wk\u0142ad\u00f3w \"Grid insert acrylic 50 mm - clear\" i \"Ant arena - fan\" zapobiega wydostawaniu si\u0119 ma\u0142ych mr\u00f3wek przez szerokie otwory wentylacyjne wk\u0142adu. Za\u015blepka jest mocowana do wk\u0142adu od do\u0142u.<\/p>\n<p><strong>Uwaga:<\/strong> Nale\u017cy pami\u0119ta\u0107, \u017ce tego elementu mo\u017cna u\u017cywa\u0107 tylko w po\u0142\u0105czeniu z elementem: \"005044 Grid insert acrylic 50 mm - clear\" lub \"Ant arena fan\"!<\/p>","protected":false},"excerpt":{"rendered":"<p>Ilo\u015b\u0107: 1 sztuka Wymiary: 51x12mm Kolor: przezroczysty Materia\u0142: tworzywo sztuczne Opis: Ta za\u015blepka z bardzo drobn\u0105 siatk\u0105 (0,2-0,3 mm) do wk\u0142ad\u00f3w \"Grid insert acrylic 50 mm - clear\" i \"Ant arena - fan\" zapobiega wydostawaniu si\u0119 ma\u0142ych mr\u00f3wek przez szerokie otwory wentylacyjne wk\u0142adu z siatk\u0105. Za\u015blepka jest przymocowana do wk\u0142adu z","protected":false},"featured_media":9832,"comment_status":"open","ping_status":"closed","template":"","meta":{"_acf_changed":false,"content-type":"","_monsterinsights_skip_tracking":false,"_monsterinsights_sitenote_active":false,"_monsterinsights_sitenote_note":"","_monsterinsights_sitenote_category":0},"product_brand":[485],"product_cat":[119,238],"product_tag":[],"class_list":{"0":"post-9314","1":"product","2":"type-product","3":"status-publish","4":"has-post-thumbnail","6":"product_brand-antstore","7":"product_cat-formicarium-components","8":"product_cat-grid-caps-plugs-and-inserts","10":"first","11":"instock","12":"taxable","13":"shipping-taxable","14":"purchasable","15":"product-type-simple"},"acf":[],"aioseo_notices":[],"jetpack_sharing_enabled":true,"_links":{"self":[{"href":"https:\/\/antcube.shop\/pl\/wp-json\/wp\/v2\/product\/9314","targetHints":{"allow":["GET"]}}],"collection":[{"href":"https:\/\/antcube.shop\/pl\/wp-json\/wp\/v2\/product"}],"about":[{"href":"https:\/\/antcube.shop\/pl\/wp-json\/wp\/v2\/types\/product"}],"replies":[{"embeddable":true,"href":"https:\/\/antcube.shop\/pl\/wp-json\/wp\/v2\/comments?post=9314"}],"wp:featuredmedia":[{"embeddable":true,"href":"https:\/\/antcube.shop\/pl\/wp-json\/wp\/v2\/media\/9832"}],"wp:attachment":[{"href":"https:\/\/antcube.shop\/pl\/wp-json\/wp\/v2\/media?parent=9314"}],"wp:term":[{"taxonomy":"product_brand","embeddable":true,"href":"https:\/\/antcube.shop\/pl\/wp-json\/wp\/v2\/product_brand?post=9314"},{"taxonomy":"product_cat","embeddable":true,"href":"https:\/\/antcube.shop\/pl\/wp-json\/wp\/v2\/product_cat?post=9314"},{"taxonomy":"product_tag","embeddable":true,"href":"https:\/\/antcube.shop\/pl\/wp-json\/wp\/v2\/product_tag?post=9314"}],"curies":[{"name":"wp","href":"https:\/\/api.w.org\/{rel}","templated":true}]}}