{"id":9310,"date":"2024-09-17T16:11:08","date_gmt":"2024-09-17T14:11:08","guid":{"rendered":"https:\/\/antcube.shop\/en\/product\/gitterkappe-32mm-edelstahl\/"},"modified":"2026-03-23T10:48:04","modified_gmt":"2026-03-23T09:48:04","slug":"zaslepka-siatki-32-mm-ze-stali-nierdzewnej","status":"publish","type":"product","link":"https:\/\/antcube.shop\/pl\/produkt\/zaslepka-siatki-32-mm-ze-stali-nierdzewnej\/","title":{"rendered":"Za\u015blepka siatki - 32 mm - Stal nierdzewna"},"content":{"rendered":"<p><strong>Ilo\u015b\u0107:<\/strong> 1 szt.<\/p>\n<p><strong>Wymiary:<\/strong> 32 mm (\u015brednica wewn\u0119trzna), 40\u00d78 mm (wymiary zewn\u0119trzne)<\/p>\n<p><strong>Kolor:<\/strong> przezroczysty<\/p>\n<p><strong>Materia\u0142:<\/strong> stal nierdzewna, szk\u0142o akrylowe<\/p>\n<p><strong>Opis:<\/strong><br \/>\nTa nak\u0142adka z bardzo drobn\u0105 siatk\u0105 ze stali nierdzewnej (0,2 mm) mo\u017ce by\u0107 przymocowana do gniazda, rurki lub ko\u0144c\u00f3wki w\u0119\u017ca i zapewnia dobr\u0105 wentylacj\u0119 formikarium bez mo\u017cliwo\u015bci ucieczki mr\u00f3wek. Zar\u00f3wno siatka ze stali nierdzewnej, jak i ramka ze szk\u0142a akrylowego s\u0105 przezroczyste.<\/p>\n<p><strong>Uwaga:<\/strong> Nadaje si\u0119 r\u00f3wnie\u017c do bardzo gryz\u0105cych gatunk\u00f3w, takich jak mr\u00f3wki li\u015bciowe!<\/p>","protected":false},"excerpt":{"rendered":"<p>Ilo\u015b\u0107: 1 sztuka Wymiary: 40mm (\u015brednica wewn\u0119trzna), 50x8mm (wymiary zewn\u0119trzne) Kolor: przezroczysty Materia\u0142: stal nierdzewna, szk\u0142o akrylowe Opis: Ta za\u015blepka z bardzo drobn\u0105 siatk\u0105 ze stali nierdzewnej (0,2 mm) mo\u017ce by\u0107 przymocowana do gniazda, rurki lub ko\u0144c\u00f3wki w\u0119\u017ca i zapewnia dobr\u0105 wentylacj\u0119 formikarium bez mo\u017cliwo\u015bci ucieczki mr\u00f3wek. Zar\u00f3wno stal nierdzewna","protected":false},"featured_media":9840,"comment_status":"open","ping_status":"closed","template":"","meta":{"_acf_changed":false,"content-type":"","_monsterinsights_skip_tracking":false,"_monsterinsights_sitenote_active":false,"_monsterinsights_sitenote_note":"","_monsterinsights_sitenote_category":0},"product_brand":[485],"product_cat":[119,238],"product_tag":[],"class_list":{"0":"post-9310","1":"product","2":"type-product","3":"status-publish","4":"has-post-thumbnail","6":"product_brand-antstore","7":"product_cat-formicarium-components","8":"product_cat-grid-caps-plugs-and-inserts","10":"first","11":"instock","12":"taxable","13":"shipping-taxable","14":"purchasable","15":"product-type-simple"},"acf":[],"aioseo_notices":[],"jetpack_sharing_enabled":true,"_links":{"self":[{"href":"https:\/\/antcube.shop\/pl\/wp-json\/wp\/v2\/product\/9310","targetHints":{"allow":["GET"]}}],"collection":[{"href":"https:\/\/antcube.shop\/pl\/wp-json\/wp\/v2\/product"}],"about":[{"href":"https:\/\/antcube.shop\/pl\/wp-json\/wp\/v2\/types\/product"}],"replies":[{"embeddable":true,"href":"https:\/\/antcube.shop\/pl\/wp-json\/wp\/v2\/comments?post=9310"}],"wp:featuredmedia":[{"embeddable":true,"href":"https:\/\/antcube.shop\/pl\/wp-json\/wp\/v2\/media\/9840"}],"wp:attachment":[{"href":"https:\/\/antcube.shop\/pl\/wp-json\/wp\/v2\/media?parent=9310"}],"wp:term":[{"taxonomy":"product_brand","embeddable":true,"href":"https:\/\/antcube.shop\/pl\/wp-json\/wp\/v2\/product_brand?post=9310"},{"taxonomy":"product_cat","embeddable":true,"href":"https:\/\/antcube.shop\/pl\/wp-json\/wp\/v2\/product_cat?post=9310"},{"taxonomy":"product_tag","embeddable":true,"href":"https:\/\/antcube.shop\/pl\/wp-json\/wp\/v2\/product_tag?post=9310"}],"curies":[{"name":"wp","href":"https:\/\/api.w.org\/{rel}","templated":true}]}}