{"id":9309,"date":"2024-09-17T16:10:44","date_gmt":"2024-09-17T14:10:44","guid":{"rendered":"https:\/\/antcube.shop\/en\/product\/einsteckeinsatz-fein-fur-gittereinsatz-acryl-50-mm\/"},"modified":"2026-03-24T16:45:14","modified_gmt":"2026-03-24T15:45:14","slug":"einsteckeinsatz-fein-fur-gittereinsatz-acryl-50-mm","status":"publish","type":"product","link":"https:\/\/antcube.shop\/pl\/produkt\/einsteckeinsatz-fein-fur-gittereinsatz-acryl-50-mm\/","title":{"rendered":"Wk\u0142adka drobnoziarnista - do akrylowego wk\u0142adu siatkowego 50 mm"},"content":{"rendered":"<p><strong>Ilo\u015b\u0107:<\/strong> 1 szt.<\/p>\n<p><strong>Wymiary:<\/strong> 50x10mm<\/p>\n<p><strong>Kolor:<\/strong> przezroczysty<\/p>\n<p><strong>Materia\u0142:<\/strong> plastik<\/p>\n<p><strong>Opis:<\/strong><br \/>\nTa wk\u0142adka z bardzo drobn\u0105 siatk\u0105 (0,2-0,3 mm) do \"wk\u0142adki siatkowej akryl 50 mm - przezroczysta\" zapobiega wydostawaniu si\u0119 ma\u0142ych mr\u00f3wek przez szerokie szczeliny wentylacyjne wk\u0142adki siatkowej. Wk\u0142adka jest wk\u0142adana do wk\u0142adki siatkowej od do\u0142u.<\/p>\n<p>Nadaje si\u0119 r\u00f3wnie\u017c do bardzo gryz\u0105cych gatunk\u00f3w, takich jak mr\u00f3wki li\u015bciowe!<\/p>\n<p><strong>Uwaga:<\/strong> Nale\u017cy pami\u0119ta\u0107, \u017ce tego elementu mo\u017cna u\u017cywa\u0107 tylko w po\u0142\u0105czeniu z elementem: \"005044 Grid insert acrylic 50 mm - clear\"!<\/p>","protected":false},"excerpt":{"rendered":"<p>Ilo\u015b\u0107: 1 sztuka Wymiary: 50x10mm Kolor: przezroczysty Materia\u0142: tworzywo sztuczne Opis: Ta wk\u0142adka z bardzo drobn\u0105 siatk\u0105 (0,2-0,3 mm) do \"wk\u0142adki siatkowej akryl 50 mm - przezroczysta\" zapobiega wydostawaniu si\u0119 ma\u0142ych mr\u00f3wek przez szerokie szczeliny wentylacyjne wk\u0142adki siatkowej. Wk\u0142adk\u0119 wk\u0142ada si\u0119 do wk\u0142adki siatkowej od do\u0142u. Nadaje si\u0119 r\u00f3wnie\u017c do bardzo","protected":false},"featured_media":9842,"comment_status":"open","ping_status":"closed","template":"","meta":{"_acf_changed":false,"content-type":"","_monsterinsights_skip_tracking":false,"_monsterinsights_sitenote_active":false,"_monsterinsights_sitenote_note":"","_monsterinsights_sitenote_category":0},"product_brand":[],"product_cat":[119,238],"product_tag":[],"class_list":{"0":"post-9309","1":"product","2":"type-product","3":"status-publish","4":"has-post-thumbnail","6":"product_cat-formicarium-components","7":"product_cat-grid-caps-plugs-and-inserts","9":"first","10":"outofstock","11":"taxable","12":"shipping-taxable","13":"purchasable","14":"product-type-simple"},"acf":[],"aioseo_notices":[],"jetpack_sharing_enabled":true,"_links":{"self":[{"href":"https:\/\/antcube.shop\/pl\/wp-json\/wp\/v2\/product\/9309","targetHints":{"allow":["GET"]}}],"collection":[{"href":"https:\/\/antcube.shop\/pl\/wp-json\/wp\/v2\/product"}],"about":[{"href":"https:\/\/antcube.shop\/pl\/wp-json\/wp\/v2\/types\/product"}],"replies":[{"embeddable":true,"href":"https:\/\/antcube.shop\/pl\/wp-json\/wp\/v2\/comments?post=9309"}],"wp:featuredmedia":[{"embeddable":true,"href":"https:\/\/antcube.shop\/pl\/wp-json\/wp\/v2\/media\/9842"}],"wp:attachment":[{"href":"https:\/\/antcube.shop\/pl\/wp-json\/wp\/v2\/media?parent=9309"}],"wp:term":[{"taxonomy":"product_brand","embeddable":true,"href":"https:\/\/antcube.shop\/pl\/wp-json\/wp\/v2\/product_brand?post=9309"},{"taxonomy":"product_cat","embeddable":true,"href":"https:\/\/antcube.shop\/pl\/wp-json\/wp\/v2\/product_cat?post=9309"},{"taxonomy":"product_tag","embeddable":true,"href":"https:\/\/antcube.shop\/pl\/wp-json\/wp\/v2\/product_tag?post=9309"}],"curies":[{"name":"wp","href":"https:\/\/api.w.org\/{rel}","templated":true}]}}