{"id":9308,"date":"2024-09-17T16:10:24","date_gmt":"2024-09-17T14:10:24","guid":{"rendered":"https:\/\/antcube.shop\/en\/product\/dosierfilter-16mm\/"},"modified":"2026-04-05T17:10:16","modified_gmt":"2026-04-05T15:10:16","slug":"filtr-dozujacy-16-mm","status":"publish","type":"product","link":"https:\/\/antcube.shop\/pl\/produkt\/filtr-dozujacy-16-mm\/","title":{"rendered":"Filtr dozuj\u0105cy 16 mm"},"content":{"rendered":"<p><strong>Wymiary:<\/strong> D\u0142ugo\u015b\u0107 20 mm, \u015brednica 14 mm dla rurek gniazdowych 16 mm<\/p>\n<p><strong>Zawarto\u015b\u0107:<\/strong><br \/>\n1x filtr dozuj\u0105cy<\/p>\n<p><strong>Materia\u0142:<\/strong> Medium filtracyjne<\/p>\n<p><strong>Opis:<\/strong> Filtr dozuj\u0105cy oddziela mr\u00f3wki od zbiornika wody w rurce gniazda. Si\u0142y kapilarne pozwalaj\u0105 jednak na przej\u015bcie przez filtr wystarczaj\u0105cej ilo\u015bci wilgoci, aby zasili\u0107 mr\u00f3wki.<\/p>\n<p><strong>Kolory:<\/strong> bia\u0142y<\/p>","protected":false},"excerpt":{"rendered":"<p>Wymiary: 20mm d\u0142ugo\u015bci, \u015brednica 14mm dla rurek gniazdowych 16mm Zawarto\u015b\u0107: 1x filtr dozuj\u0105cy Materia\u0142: Medium filtracyjne Opis: Filtr dozuj\u0105cy oddziela mr\u00f3wki od zbiornika wody w rurce gniazdowej. Jednak si\u0142y kapilarne pozwalaj\u0105 na przej\u015bcie wystarczaj\u0105cej ilo\u015bci wilgoci przez filtr, aby zasili\u0107 mr\u00f3wki. Kolory: bia\u0142y<\/p>","protected":false},"featured_media":9847,"comment_status":"open","ping_status":"closed","template":"","meta":{"_acf_changed":false,"content-type":"","_monsterinsights_skip_tracking":false,"_monsterinsights_sitenote_active":false,"_monsterinsights_sitenote_note":"","_monsterinsights_sitenote_category":0},"product_brand":[],"product_cat":[237],"product_tag":[],"class_list":{"0":"post-9308","1":"product","2":"type-product","3":"status-publish","4":"has-post-thumbnail","6":"product_cat-tools","8":"first","9":"instock","10":"taxable","11":"shipping-taxable","12":"purchasable","13":"product-type-simple"},"acf":[],"aioseo_notices":[],"jetpack_sharing_enabled":true,"_links":{"self":[{"href":"https:\/\/antcube.shop\/pl\/wp-json\/wp\/v2\/product\/9308","targetHints":{"allow":["GET"]}}],"collection":[{"href":"https:\/\/antcube.shop\/pl\/wp-json\/wp\/v2\/product"}],"about":[{"href":"https:\/\/antcube.shop\/pl\/wp-json\/wp\/v2\/types\/product"}],"replies":[{"embeddable":true,"href":"https:\/\/antcube.shop\/pl\/wp-json\/wp\/v2\/comments?post=9308"}],"wp:featuredmedia":[{"embeddable":true,"href":"https:\/\/antcube.shop\/pl\/wp-json\/wp\/v2\/media\/9847"}],"wp:attachment":[{"href":"https:\/\/antcube.shop\/pl\/wp-json\/wp\/v2\/media?parent=9308"}],"wp:term":[{"taxonomy":"product_brand","embeddable":true,"href":"https:\/\/antcube.shop\/pl\/wp-json\/wp\/v2\/product_brand?post=9308"},{"taxonomy":"product_cat","embeddable":true,"href":"https:\/\/antcube.shop\/pl\/wp-json\/wp\/v2\/product_cat?post=9308"},{"taxonomy":"product_tag","embeddable":true,"href":"https:\/\/antcube.shop\/pl\/wp-json\/wp\/v2\/product_tag?post=9308"}],"curies":[{"name":"wp","href":"https:\/\/api.w.org\/{rel}","templated":true}]}}