{"id":9306,"date":"2024-09-17T16:09:42","date_gmt":"2024-09-17T14:09:42","guid":{"rendered":"https:\/\/antcube.shop\/en\/product\/formicarienstopfen-fur-10mm-bohrung\/"},"modified":"2026-04-04T21:33:14","modified_gmt":"2026-04-04T19:33:14","slug":"formicarienstopfen-fur-10mm-bohrung","status":"publish","type":"product","link":"https:\/\/antcube.shop\/pl\/produkt\/formicarienstopfen-fur-10mm-bohrung\/","title":{"rendered":"Zatyczka do formikarium dla otworu 10 mm"},"content":{"rendered":"<p><strong>Ilo\u015b\u0107:<\/strong> 1 szt.<\/p>\n<p><strong>Wymiary:<\/strong> 14x 8 mm<\/p>\n<p><strong>Materia\u0142:<\/strong> Tworzywo PE<\/p>\n<p><strong>Kolor:<\/strong> przezroczysty, mleczny<\/p>\n<p><strong>Opis:<\/strong> Do zamykania okr\u0105g\u0142ych otwor\u00f3w w formikariach o \u015brednicy 10 mm<\/p>","protected":false},"excerpt":{"rendered":"<p>Ilo\u015b\u0107: 1 sztuka Wymiary: 14x 8 mm Materia\u0142: Tworzywo PE Kolor: przezroczysty, mleczny Opis: Do zamykania okr\u0105g\u0142ych otwor\u00f3w w formikariach o \u015brednicy 10 mm<\/p>","protected":false},"featured_media":9852,"comment_status":"open","ping_status":"closed","template":"","meta":{"_acf_changed":false,"content-type":"","_monsterinsights_skip_tracking":false,"_monsterinsights_sitenote_active":false,"_monsterinsights_sitenote_note":"","_monsterinsights_sitenote_category":0},"product_brand":[],"product_cat":[119,238],"product_tag":[],"class_list":{"0":"post-9306","1":"product","2":"type-product","3":"status-publish","4":"has-post-thumbnail","6":"product_cat-formicarium-components","7":"product_cat-grid-caps-plugs-and-inserts","9":"first","10":"instock","11":"taxable","12":"shipping-taxable","13":"purchasable","14":"product-type-simple"},"acf":[],"aioseo_notices":[],"jetpack_sharing_enabled":true,"_links":{"self":[{"href":"https:\/\/antcube.shop\/pl\/wp-json\/wp\/v2\/product\/9306","targetHints":{"allow":["GET"]}}],"collection":[{"href":"https:\/\/antcube.shop\/pl\/wp-json\/wp\/v2\/product"}],"about":[{"href":"https:\/\/antcube.shop\/pl\/wp-json\/wp\/v2\/types\/product"}],"replies":[{"embeddable":true,"href":"https:\/\/antcube.shop\/pl\/wp-json\/wp\/v2\/comments?post=9306"}],"wp:featuredmedia":[{"embeddable":true,"href":"https:\/\/antcube.shop\/pl\/wp-json\/wp\/v2\/media\/9852"}],"wp:attachment":[{"href":"https:\/\/antcube.shop\/pl\/wp-json\/wp\/v2\/media?parent=9306"}],"wp:term":[{"taxonomy":"product_brand","embeddable":true,"href":"https:\/\/antcube.shop\/pl\/wp-json\/wp\/v2\/product_brand?post=9306"},{"taxonomy":"product_cat","embeddable":true,"href":"https:\/\/antcube.shop\/pl\/wp-json\/wp\/v2\/product_cat?post=9306"},{"taxonomy":"product_tag","embeddable":true,"href":"https:\/\/antcube.shop\/pl\/wp-json\/wp\/v2\/product_tag?post=9306"}],"curies":[{"name":"wp","href":"https:\/\/api.w.org\/{rel}","templated":true}]}}