{"id":9303,"date":"2024-09-17T16:08:26","date_gmt":"2024-09-17T14:08:26","guid":{"rendered":"https:\/\/antcube.shop\/en\/product\/schlauchverbinder-l-16-weis\/"},"modified":"2026-04-02T15:33:17","modified_gmt":"2026-04-02T13:33:17","slug":"schlauchverbinder-l-16-weis","status":"publish","type":"product","link":"https:\/\/antcube.shop\/pl\/produkt\/schlauchverbinder-l-16-weis\/","title":{"rendered":"Z\u0142\u0105cze w\u0119\u017ca L 16 - bia\u0142e"},"content":{"rendered":"<p><strong>Wymiary:<\/strong> 3 x 3 cm<\/p>\n<p><strong>Opis:<\/strong> To z\u0142\u0105cze w kszta\u0142cie litery L \u0142\u0105czy w\u0119\u017ce o \u015brednicy wewn\u0119trznej 16 mm (odpowiednie dla naszych w\u0119\u017cy o \u015brednicy zewn\u0119trznej 20 mm).<\/p>","protected":false},"excerpt":{"rendered":"<p>Wymiary: 6 cm Opis: Ten \u0142\u0105cznik dwuteowy \u0142\u0105czy w\u0119\u017ce o \u015brednicy wewn\u0119trznej 16 mm (pasuje do naszych w\u0119\u017cy o \u015brednicy zewn\u0119trznej 20 mm).<\/p>","protected":false},"featured_media":9860,"comment_status":"open","ping_status":"closed","template":"","meta":{"_acf_changed":false,"content-type":"","_monsterinsights_skip_tracking":false,"_monsterinsights_sitenote_active":false,"_monsterinsights_sitenote_note":"","_monsterinsights_sitenote_category":0},"product_brand":[],"product_cat":[119,121],"product_tag":[],"class_list":{"0":"post-9303","1":"product","2":"type-product","3":"status-publish","4":"has-post-thumbnail","6":"product_cat-formicarium-components","7":"product_cat-connectors","9":"first","10":"instock","11":"taxable","12":"shipping-taxable","13":"purchasable","14":"product-type-simple"},"acf":[],"aioseo_notices":[],"jetpack_sharing_enabled":true,"_links":{"self":[{"href":"https:\/\/antcube.shop\/pl\/wp-json\/wp\/v2\/product\/9303","targetHints":{"allow":["GET"]}}],"collection":[{"href":"https:\/\/antcube.shop\/pl\/wp-json\/wp\/v2\/product"}],"about":[{"href":"https:\/\/antcube.shop\/pl\/wp-json\/wp\/v2\/types\/product"}],"replies":[{"embeddable":true,"href":"https:\/\/antcube.shop\/pl\/wp-json\/wp\/v2\/comments?post=9303"}],"wp:featuredmedia":[{"embeddable":true,"href":"https:\/\/antcube.shop\/pl\/wp-json\/wp\/v2\/media\/9860"}],"wp:attachment":[{"href":"https:\/\/antcube.shop\/pl\/wp-json\/wp\/v2\/media?parent=9303"}],"wp:term":[{"taxonomy":"product_brand","embeddable":true,"href":"https:\/\/antcube.shop\/pl\/wp-json\/wp\/v2\/product_brand?post=9303"},{"taxonomy":"product_cat","embeddable":true,"href":"https:\/\/antcube.shop\/pl\/wp-json\/wp\/v2\/product_cat?post=9303"},{"taxonomy":"product_tag","embeddable":true,"href":"https:\/\/antcube.shop\/pl\/wp-json\/wp\/v2\/product_tag?post=9303"}],"curies":[{"name":"wp","href":"https:\/\/api.w.org\/{rel}","templated":true}]}}