{"id":9301,"date":"2024-09-17T16:07:34","date_gmt":"2024-09-17T14:07:34","guid":{"rendered":"https:\/\/antcube.shop\/en\/product\/lp-schlauchverbinder-y-10\/"},"modified":"2026-04-03T22:49:18","modified_gmt":"2026-04-03T20:49:18","slug":"lp-schlauchverbinder-y-10","status":"publish","type":"product","link":"https:\/\/antcube.shop\/pl\/produkt\/lp-schlauchverbinder-y-10\/","title":{"rendered":"Z\u0142\u0105cze w\u0119\u017ca LP Y 10"},"content":{"rendered":"<p><strong>Zastosowanie:<\/strong> Do w\u0119\u017cy o \u015brednicy wewn\u0119trznej 9-10 mm<\/p>\n<p><strong>Materia\u0142:<\/strong> PP<\/p>","protected":false},"excerpt":{"rendered":"<p>Zastosowanie: Do w\u0119\u017cy o \u015brednicy wewn\u0119trznej 9-10 mm Materia\u0142: PP<\/p>","protected":false},"featured_media":9864,"comment_status":"open","ping_status":"closed","template":"","meta":{"_acf_changed":false,"content-type":"","_monsterinsights_skip_tracking":false,"_monsterinsights_sitenote_active":false,"_monsterinsights_sitenote_note":"","_monsterinsights_sitenote_category":0},"product_brand":[],"product_cat":[119,121],"product_tag":[],"class_list":{"0":"post-9301","1":"product","2":"type-product","3":"status-publish","4":"has-post-thumbnail","6":"product_cat-formicarium-components","7":"product_cat-connectors","9":"first","10":"instock","11":"taxable","12":"shipping-taxable","13":"purchasable","14":"product-type-simple"},"acf":[],"aioseo_notices":[],"jetpack_sharing_enabled":true,"_links":{"self":[{"href":"https:\/\/antcube.shop\/pl\/wp-json\/wp\/v2\/product\/9301","targetHints":{"allow":["GET"]}}],"collection":[{"href":"https:\/\/antcube.shop\/pl\/wp-json\/wp\/v2\/product"}],"about":[{"href":"https:\/\/antcube.shop\/pl\/wp-json\/wp\/v2\/types\/product"}],"replies":[{"embeddable":true,"href":"https:\/\/antcube.shop\/pl\/wp-json\/wp\/v2\/comments?post=9301"}],"wp:featuredmedia":[{"embeddable":true,"href":"https:\/\/antcube.shop\/pl\/wp-json\/wp\/v2\/media\/9864"}],"wp:attachment":[{"href":"https:\/\/antcube.shop\/pl\/wp-json\/wp\/v2\/media?parent=9301"}],"wp:term":[{"taxonomy":"product_brand","embeddable":true,"href":"https:\/\/antcube.shop\/pl\/wp-json\/wp\/v2\/product_brand?post=9301"},{"taxonomy":"product_cat","embeddable":true,"href":"https:\/\/antcube.shop\/pl\/wp-json\/wp\/v2\/product_cat?post=9301"},{"taxonomy":"product_tag","embeddable":true,"href":"https:\/\/antcube.shop\/pl\/wp-json\/wp\/v2\/product_tag?post=9301"}],"curies":[{"name":"wp","href":"https:\/\/api.w.org\/{rel}","templated":true}]}}