{"id":9292,"date":"2024-09-17T15:59:51","date_gmt":"2024-09-17T13:59:51","guid":{"rendered":"https:\/\/antcube.shop\/en\/product\/pilz-von-atta-cephalotes\/"},"modified":"2026-03-11T14:16:11","modified_gmt":"2026-03-11T13:16:11","slug":"grzyb-atta-cephalotes","status":"publish","type":"product","link":"https:\/\/antcube.shop\/pl\/produkt\/grzyb-atta-cephalotes\/","title":{"rendered":"Grzyb Atta cephalotes"},"content":{"rendered":"<p><span data-text-color=\"alert\"><strong>Wysy\u0142ka mo\u017cliwa tylko na terenie Niemiec!<\/strong><\/span><\/p>\n<p><strong>Ilo\u015b\u0107:<\/strong> (zestaw)<br \/>\n1x tuba transportowa<br \/>\n1x korek przepuszczaj\u0105cy powietrze<br \/>\n1x \u015bwie\u017cy grzyb o wielko\u015bci co najmniej 1 cm\u00b3<\/p>\n<p><strong>Opis:<\/strong> Oferujemy grzyb zast\u0119pczy w nag\u0142ych przypadkach, w kt\u00f3rych grzyb mr\u00f3wek li\u015bciowych spada lub umiera z powodu niew\u0142a\u015bciwej temperatury, wilgotno\u015bci lub z innych powod\u00f3w.<br \/>\nJednostka 1 cm\u00b3 jest wystarczaj\u0105ca do ponownego uruchomienia kolonii licz\u0105cej 11-25 zwierz\u0105t.<br \/>\nDostarczony grzyb mo\u017ce zawiera\u0107 ma\u0142ych hodowc\u00f3w grzyb\u00f3w (mini robotnik\u00f3w).<br \/>\nCi mali mini-robotnicy nie stanowi\u0105 problemu dla istniej\u0105cej kolonii, poniewa\u017c opiekuj\u0105 si\u0119 jedynie grzybem.<\/p>\n<p><strong>U\u017cycie:<\/strong><br \/>\nGrzyb = dla gatunk\u00f3w mr\u00f3wek \u017cywi\u0105cych si\u0119 grzybami<br \/>\nJest to karma pe\u0142noporcjowa (pojedyncza karma)<br \/>\nPojemnik transportowy nale\u017cy otworzy\u0107 i umie\u015bci\u0107 obok kolonii mr\u00f3wek. Zwierz\u0119ta b\u0119d\u0105 w\u00f3wczas samodzielnie przenosi\u0107 kawa\u0142ki grzyb\u00f3w.<\/p>\n<p><strong>Przechowywanie:<\/strong> 25\u00b0C i wilgotno\u015bci 90%<\/p>\n<p><strong>Zawiera:<\/strong><br \/>\n\u015bwie\u017ce i oryginalne kawa\u0142ki grzyb\u00f3w wymienionych gatunk\u00f3w mr\u00f3wek.<\/p>\n<p><strong>Uwaga:<\/strong><br \/>\nWi\u0119cej informacji mo\u017cna znale\u017a\u0107 w ulotce do\u0142\u0105czonej do opakowania.<\/p>\n<p>Infolinia +49 30 439703870<\/p>\n<p><strong>W\u0142a\u015bciwy Inspektorat Weterynarii i \u017bywno\u015bci:<\/strong><br \/>\nGabinet weterynaryjny Steglitz<br \/>\nK\u00f6nigin-Luise-Str. 92<br \/>\n14195 Berlin<\/p>","protected":false},"excerpt":{"rendered":"<p>Pasza pe\u0142noporcjowa<\/p>","protected":false},"featured_media":9777,"comment_status":"open","ping_status":"closed","template":"","meta":{"_acf_changed":false,"content-type":"","_monsterinsights_skip_tracking":false,"_monsterinsights_sitenote_active":false,"_monsterinsights_sitenote_note":"","_monsterinsights_sitenote_category":0},"product_brand":[],"product_cat":[115,116],"product_tag":[],"class_list":{"0":"post-9292","1":"product","2":"type-product","3":"status-publish","4":"has-post-thumbnail","6":"product_cat-food-and-feeding","7":"product_cat-food","9":"first","10":"instock","11":"taxable","12":"shipping-taxable","13":"purchasable","14":"product-type-simple"},"acf":[],"aioseo_notices":[],"jetpack_sharing_enabled":true,"_links":{"self":[{"href":"https:\/\/antcube.shop\/pl\/wp-json\/wp\/v2\/product\/9292","targetHints":{"allow":["GET"]}}],"collection":[{"href":"https:\/\/antcube.shop\/pl\/wp-json\/wp\/v2\/product"}],"about":[{"href":"https:\/\/antcube.shop\/pl\/wp-json\/wp\/v2\/types\/product"}],"replies":[{"embeddable":true,"href":"https:\/\/antcube.shop\/pl\/wp-json\/wp\/v2\/comments?post=9292"}],"wp:featuredmedia":[{"embeddable":true,"href":"https:\/\/antcube.shop\/pl\/wp-json\/wp\/v2\/media\/9777"}],"wp:attachment":[{"href":"https:\/\/antcube.shop\/pl\/wp-json\/wp\/v2\/media?parent=9292"}],"wp:term":[{"taxonomy":"product_brand","embeddable":true,"href":"https:\/\/antcube.shop\/pl\/wp-json\/wp\/v2\/product_brand?post=9292"},{"taxonomy":"product_cat","embeddable":true,"href":"https:\/\/antcube.shop\/pl\/wp-json\/wp\/v2\/product_cat?post=9292"},{"taxonomy":"product_tag","embeddable":true,"href":"https:\/\/antcube.shop\/pl\/wp-json\/wp\/v2\/product_tag?post=9292"}],"curies":[{"name":"wp","href":"https:\/\/api.w.org\/{rel}","templated":true}]}}