{"id":9291,"date":"2024-09-17T15:59:27","date_gmt":"2024-09-17T13:59:27","guid":{"rendered":"https:\/\/antcube.shop\/en\/product\/brombeerblatter-100g-frisch\/"},"modified":"2026-04-14T09:35:49","modified_gmt":"2026-04-14T07:35:49","slug":"brombeerblatter-100g-frisch","status":"publish","type":"product","link":"https:\/\/antcube.shop\/pl\/produkt\/brombeerblatter-100g-frisch\/","title":{"rendered":"\u015awie\u017ce li\u015bcie je\u017cyny 100 g"},"content":{"rendered":"<p><strong>Zawarto\u015b\u0107:<\/strong> 100 g \u015bwie\u017cych li\u015bci je\u017cyny<\/p>\n<p><strong>Opis:<\/strong> Li\u015bcie je\u017cyny jako po\u017cywka dla gatunk\u00f3w mr\u00f3wek rozwijaj\u0105cych grzyby.<\/p>\n<p><strong>U\u017cycie:<\/strong><br \/>\nLi\u015bcie je\u017cyny = dla gatunk\u00f3w mr\u00f3wek rozmna\u017caj\u0105cych grzyby<br \/>\nJest to \"pasza pe\u0142noporcjowa\" (pojedyncza pasza) i s\u0142u\u017cy jedynie jako po\u017cywka dla grzyba.<br \/>\nWystarczy umie\u015bci\u0107 li\u015bcie, kt\u00f3re maj\u0105 by\u0107 karmione w komorze karmienia.<\/p>\n<p>Przechowywanie: 5-8\u00b0C \/ wilgotno\u015b\u0107 60-90%. (alternatywnie r\u00f3wnie\u017c w wazonie z wod\u0105)<\/p>\n<p><strong>Zawiera:<\/strong><br \/>\n100% \u015bwie\u017ce li\u015bcie je\u017cyny<\/p>\n<p><strong>Uwaga:<\/strong><br \/>\nWi\u0119cej informacji mo\u017cna znale\u017a\u0107 w ulotce do\u0142\u0105czonej do opakowania.<\/p>\n<p>Infolinia +49 30 439703870<\/p>\n<p>W\u0142a\u015bciwy Inspektorat Weterynarii i \u017bywno\u015bci:<br \/>\nGabinet weterynaryjny Steglitz<br \/>\nK\u00f6nigin-Luise-Str. 92<br \/>\n14195 Berlin<\/p>","protected":false},"excerpt":{"rendered":"<p>Zawarto\u015b\u0107: 100g \u015bwie\u017cych li\u015bci je\u017cyny Opis: Li\u015bcie je\u017cyny jako pod\u0142o\u017ce hodowlane dla grzybo\u017cernych gatunk\u00f3w mr\u00f3wek. Zastosowanie: Li\u015bcie je\u017cyny = dla gatunk\u00f3w mr\u00f3wek hoduj\u0105cych grzyby Jest to \"karma pe\u0142noporcjowa\" (pojedyncza karma) i s\u0142u\u017cy wy\u0142\u0105cznie jako pod\u0142o\u017ce do hodowli grzyb\u00f3w. Wystarczy umie\u015bci\u0107 li\u015bcie, kt\u00f3re maj\u0105 by\u0107 karmione w komorze karmienia. Przechowywanie: 5-8\u00b0C","protected":false},"featured_media":9603,"comment_status":"open","ping_status":"closed","template":"","meta":{"_acf_changed":false,"content-type":"","_monsterinsights_skip_tracking":false,"_monsterinsights_sitenote_active":false,"_monsterinsights_sitenote_note":"","_monsterinsights_sitenote_category":0},"product_brand":[],"product_cat":[115,116],"product_tag":[],"class_list":{"0":"post-9291","1":"product","2":"type-product","3":"status-publish","4":"has-post-thumbnail","6":"product_cat-food-and-feeding","7":"product_cat-food","9":"first","10":"onbackorder","11":"taxable","12":"shipping-taxable","13":"purchasable","14":"product-type-simple"},"acf":[],"aioseo_notices":[],"jetpack_sharing_enabled":true,"_links":{"self":[{"href":"https:\/\/antcube.shop\/pl\/wp-json\/wp\/v2\/product\/9291","targetHints":{"allow":["GET"]}}],"collection":[{"href":"https:\/\/antcube.shop\/pl\/wp-json\/wp\/v2\/product"}],"about":[{"href":"https:\/\/antcube.shop\/pl\/wp-json\/wp\/v2\/types\/product"}],"replies":[{"embeddable":true,"href":"https:\/\/antcube.shop\/pl\/wp-json\/wp\/v2\/comments?post=9291"}],"wp:featuredmedia":[{"embeddable":true,"href":"https:\/\/antcube.shop\/pl\/wp-json\/wp\/v2\/media\/9603"}],"wp:attachment":[{"href":"https:\/\/antcube.shop\/pl\/wp-json\/wp\/v2\/media?parent=9291"}],"wp:term":[{"taxonomy":"product_brand","embeddable":true,"href":"https:\/\/antcube.shop\/pl\/wp-json\/wp\/v2\/product_brand?post=9291"},{"taxonomy":"product_cat","embeddable":true,"href":"https:\/\/antcube.shop\/pl\/wp-json\/wp\/v2\/product_cat?post=9291"},{"taxonomy":"product_tag","embeddable":true,"href":"https:\/\/antcube.shop\/pl\/wp-json\/wp\/v2\/product_tag?post=9291"}],"curies":[{"name":"wp","href":"https:\/\/api.w.org\/{rel}","templated":true}]}}