{"id":9290,"date":"2024-09-17T15:58:56","date_gmt":"2024-09-17T13:58:56","guid":{"rendered":"https:\/\/antcube.shop\/en\/product\/tranke-45ml-65mm\/"},"modified":"2026-04-10T10:08:59","modified_gmt":"2026-04-10T08:08:59","slug":"tranke-45ml-65mm","status":"publish","type":"product","link":"https:\/\/antcube.shop\/pl\/produkt\/tranke-45ml-65mm\/","title":{"rendered":"Korytko do picia 45 ml - 65 mm"},"content":{"rendered":"<p><strong>D\u0142ugo\u015b\u0107:<\/strong> 65 mm, 45 ml<\/p>\n<p><strong>Materia\u0142:<\/strong> Plastik<\/p>\n<p><strong>Opis:<\/strong> Aby mr\u00f3wki w formikarium mog\u0142y zapewni\u0107 sobie wystarczaj\u0105c\u0105 wilgotno\u015b\u0107. Wod\u0119 mo\u017cna r\u00f3wnie\u017c zmiesza\u0107 z miodem. Idealne r\u00f3wnie\u017c na sezon wakacyjny. Zaleca si\u0119 przykrycie dna poide\u0142ka ch\u0142onn\u0105 bawe\u0142n\u0105 lub g\u0105bk\u0105, aby zapobiec utoni\u0119ciu mr\u00f3wek.<\/p>\n<p><strong>Kolor podstawy:<\/strong> bia\u0142y<\/p>","protected":false},"excerpt":{"rendered":"<p>D\u0142ugo\u015b\u0107: 65 mm, materia\u0142: tworzywo sztuczne<\/p>","protected":false},"featured_media":9606,"comment_status":"open","ping_status":"closed","template":"","meta":{"_acf_changed":false,"content-type":"","_monsterinsights_skip_tracking":false,"_monsterinsights_sitenote_active":false,"_monsterinsights_sitenote_note":"","_monsterinsights_sitenote_category":0},"product_brand":[],"product_cat":[115,117],"product_tag":[],"class_list":{"0":"post-9290","1":"product","2":"type-product","3":"status-publish","4":"has-post-thumbnail","6":"product_cat-food-and-feeding","7":"product_cat-drinkers-for-ants","9":"first","10":"instock","11":"taxable","12":"shipping-taxable","13":"purchasable","14":"product-type-simple"},"acf":[],"aioseo_notices":[],"jetpack_sharing_enabled":true,"_links":{"self":[{"href":"https:\/\/antcube.shop\/pl\/wp-json\/wp\/v2\/product\/9290","targetHints":{"allow":["GET"]}}],"collection":[{"href":"https:\/\/antcube.shop\/pl\/wp-json\/wp\/v2\/product"}],"about":[{"href":"https:\/\/antcube.shop\/pl\/wp-json\/wp\/v2\/types\/product"}],"replies":[{"embeddable":true,"href":"https:\/\/antcube.shop\/pl\/wp-json\/wp\/v2\/comments?post=9290"}],"wp:featuredmedia":[{"embeddable":true,"href":"https:\/\/antcube.shop\/pl\/wp-json\/wp\/v2\/media\/9606"}],"wp:attachment":[{"href":"https:\/\/antcube.shop\/pl\/wp-json\/wp\/v2\/media?parent=9290"}],"wp:term":[{"taxonomy":"product_brand","embeddable":true,"href":"https:\/\/antcube.shop\/pl\/wp-json\/wp\/v2\/product_brand?post=9290"},{"taxonomy":"product_cat","embeddable":true,"href":"https:\/\/antcube.shop\/pl\/wp-json\/wp\/v2\/product_cat?post=9290"},{"taxonomy":"product_tag","embeddable":true,"href":"https:\/\/antcube.shop\/pl\/wp-json\/wp\/v2\/product_tag?post=9290"}],"curies":[{"name":"wp","href":"https:\/\/api.w.org\/{rel}","templated":true}]}}