{"id":9283,"date":"2024-09-17T15:55:52","date_gmt":"2024-09-17T13:55:52","guid":{"rendered":"https:\/\/antcube.shop\/en\/product\/felsschale-mini-mini-sand-stone\/"},"modified":"2026-04-01T17:55:16","modified_gmt":"2026-04-01T15:55:16","slug":"skorupa-skalna-mini-mini-kamien-piaskowy","status":"publish","type":"product","link":"https:\/\/antcube.shop\/pl\/produkt\/skorupa-skalna-mini-mini-kamien-piaskowy\/","title":{"rendered":"Kamie\u0144 skalny mini-mini Kamie\u0144 piaskowy"},"content":{"rendered":"<p><strong>Wymiary:<\/strong> 6 x 6 x 2 cm<\/p>\n<p><strong>Kolor:<\/strong> \u017c\u00f3\u0142ty<\/p>\n<p><strong>Materia\u0142:<\/strong> \u017cywica syntetyczna<\/p>\n<p><strong>Opis:<\/strong><br \/>\nW tych skalnych miskach mo\u017cna podawa\u0107 mr\u00f3wkom pokarm lub wod\u0119. Skalne miski s\u0105 wykonane z wytrzyma\u0142ej \u017cywicy syntetycznej i nie mog\u0105 zosta\u0107 zniszczone przez mr\u00f3wki.<\/p>","protected":false},"excerpt":{"rendered":"<p>Rozmiar: 6 x 6 x 2 cm<\/p>","protected":false},"featured_media":9767,"comment_status":"open","ping_status":"closed","template":"","meta":{"_acf_changed":false,"content-type":"","_monsterinsights_skip_tracking":false,"_monsterinsights_sitenote_active":false,"_monsterinsights_sitenote_note":"","_monsterinsights_sitenote_category":0},"product_brand":[],"product_cat":[115,118],"product_tag":[],"class_list":{"0":"post-9283","1":"product","2":"type-product","3":"status-publish","4":"has-post-thumbnail","6":"product_cat-food-and-feeding","7":"product_cat-feeding-bowls","9":"first","10":"instock","11":"taxable","12":"shipping-taxable","13":"purchasable","14":"product-type-simple"},"acf":[],"aioseo_notices":[],"jetpack_sharing_enabled":true,"_links":{"self":[{"href":"https:\/\/antcube.shop\/pl\/wp-json\/wp\/v2\/product\/9283","targetHints":{"allow":["GET"]}}],"collection":[{"href":"https:\/\/antcube.shop\/pl\/wp-json\/wp\/v2\/product"}],"about":[{"href":"https:\/\/antcube.shop\/pl\/wp-json\/wp\/v2\/types\/product"}],"replies":[{"embeddable":true,"href":"https:\/\/antcube.shop\/pl\/wp-json\/wp\/v2\/comments?post=9283"}],"wp:featuredmedia":[{"embeddable":true,"href":"https:\/\/antcube.shop\/pl\/wp-json\/wp\/v2\/media\/9767"}],"wp:attachment":[{"href":"https:\/\/antcube.shop\/pl\/wp-json\/wp\/v2\/media?parent=9283"}],"wp:term":[{"taxonomy":"product_brand","embeddable":true,"href":"https:\/\/antcube.shop\/pl\/wp-json\/wp\/v2\/product_brand?post=9283"},{"taxonomy":"product_cat","embeddable":true,"href":"https:\/\/antcube.shop\/pl\/wp-json\/wp\/v2\/product_cat?post=9283"},{"taxonomy":"product_tag","embeddable":true,"href":"https:\/\/antcube.shop\/pl\/wp-json\/wp\/v2\/product_tag?post=9283"}],"curies":[{"name":"wp","href":"https:\/\/api.w.org\/{rel}","templated":true}]}}