{"id":9276,"date":"2024-09-17T15:53:02","date_gmt":"2024-09-17T13:53:02","guid":{"rendered":"https:\/\/antcube.shop\/en\/product\/ameisen-futterrohrchen-2ml\/"},"modified":"2026-04-04T12:46:27","modified_gmt":"2026-04-04T10:46:27","slug":"ameisen-futterrohrchen-2ml","status":"publish","type":"product","link":"https:\/\/antcube.shop\/pl\/produkt\/ameisen-futterrohrchen-2ml\/","title":{"rendered":"Prob\u00f3wka z pokarmem dla mr\u00f3wek 2ml"},"content":{"rendered":"<p><strong>Wymiary:<\/strong> 13 x 13 x 46 mm<\/p>\n<p><strong>Materia\u0142:<\/strong> Plastik<\/p>\n<p><strong>Opis:<\/strong> Wyd\u0142u\u017cona rurka do nape\u0142niania r\u00f3\u017cnymi pokarmami dla mr\u00f3wek. Zawiera zakr\u0119can\u0105 pokrywk\u0119 z pier\u015bcieniem uszczelniaj\u0105cym, kt\u00f3ry zapewnia \u015bwie\u017co\u015b\u0107 pokarmu. Pokarm mo\u017cna \u0142atwo dozowa\u0107, ostro\u017cnie go wybijaj\u0105c.<\/p>","protected":false},"excerpt":{"rendered":"<p>Wymiary: 13 x 13 x 46 mm Materia\u0142: Plastik Opis: Wyd\u0142u\u017cona rurka do nape\u0142niania r\u00f3\u017cnymi pokarmami dla mr\u00f3wek. Zawiera zakr\u0119can\u0105 pokrywk\u0119 z pier\u015bcieniem uszczelniaj\u0105cym, kt\u00f3ry zapewnia \u015bwie\u017co\u015b\u0107 pokarmu. Pokarm mo\u017cna \u0142atwo dozowa\u0107, ostro\u017cnie go stukaj\u0105c.<\/p>","protected":false},"featured_media":9754,"comment_status":"open","ping_status":"closed","template":"","meta":{"_acf_changed":false,"content-type":"","_monsterinsights_skip_tracking":false,"_monsterinsights_sitenote_active":false,"_monsterinsights_sitenote_note":"","_monsterinsights_sitenote_category":0},"product_brand":[],"product_cat":[237],"product_tag":[],"class_list":{"0":"post-9276","1":"product","2":"type-product","3":"status-publish","4":"has-post-thumbnail","6":"product_cat-tools","8":"first","9":"instock","10":"taxable","11":"shipping-taxable","12":"purchasable","13":"product-type-simple"},"acf":[],"aioseo_notices":[],"jetpack_sharing_enabled":true,"_links":{"self":[{"href":"https:\/\/antcube.shop\/pl\/wp-json\/wp\/v2\/product\/9276","targetHints":{"allow":["GET"]}}],"collection":[{"href":"https:\/\/antcube.shop\/pl\/wp-json\/wp\/v2\/product"}],"about":[{"href":"https:\/\/antcube.shop\/pl\/wp-json\/wp\/v2\/types\/product"}],"replies":[{"embeddable":true,"href":"https:\/\/antcube.shop\/pl\/wp-json\/wp\/v2\/comments?post=9276"}],"wp:featuredmedia":[{"embeddable":true,"href":"https:\/\/antcube.shop\/pl\/wp-json\/wp\/v2\/media\/9754"}],"wp:attachment":[{"href":"https:\/\/antcube.shop\/pl\/wp-json\/wp\/v2\/media?parent=9276"}],"wp:term":[{"taxonomy":"product_brand","embeddable":true,"href":"https:\/\/antcube.shop\/pl\/wp-json\/wp\/v2\/product_brand?post=9276"},{"taxonomy":"product_cat","embeddable":true,"href":"https:\/\/antcube.shop\/pl\/wp-json\/wp\/v2\/product_cat?post=9276"},{"taxonomy":"product_tag","embeddable":true,"href":"https:\/\/antcube.shop\/pl\/wp-json\/wp\/v2\/product_tag?post=9276"}],"curies":[{"name":"wp","href":"https:\/\/api.w.org\/{rel}","templated":true}]}}