{"id":9274,"date":"2024-09-17T15:00:27","date_gmt":"2024-09-17T13:00:27","guid":{"rendered":"https:\/\/antcube.shop\/en\/product\/mini-hygrometer-analog-metall-25mm\/"},"modified":"2026-04-05T18:43:14","modified_gmt":"2026-04-05T16:43:14","slug":"mini-higrometr-analogowy-metalowy-25mm","status":"publish","type":"product","link":"https:\/\/antcube.shop\/pl\/produkt\/mini-higrometr-analogowy-metalowy-25mm\/","title":{"rendered":"Mini higrometr analogowy metalowy - 25 mm"},"content":{"rendered":"<p><strong>Wymiary:<\/strong> 25 mm<\/p>\n<p><strong>Kolor:<\/strong> metal, srebro<\/p>\n<p><strong>Zakres pomiarowy:<\/strong> 0 do 100%<\/p>\n<p><strong>Dok\u0142adno\u015b\u0107:<\/strong> +\/- 5%<\/p>\n<p><strong>Opis:<\/strong><br \/>\nAnalogowy higrometr, kt\u00f3ry jest szczeg\u00f3lnie przydatny w przypadku bardzo ma\u0142ych mr\u00f3wek.<br \/>\nMontuje si\u0119 go w otworze o \u015brednicy 27 mm za pomoc\u0105 \"za\u015blepek Formicarium do otworu 27 mm\" z wyci\u0119ciem 22 mm.<br \/>\nW przeciwnym razie higrometr mo\u017cna przymocowa\u0107 do wewn\u0119trznej tylnej cz\u0119\u015bci formikarium za pomoc\u0105 dwustronnej ta\u015bmy samoprzylepnej (brak w zestawie).<\/p>\n<p><strong>Uwaga:<\/strong><br \/>\nNie nale\u017cy zamyka\u0107 tylnego otworu higrometru, poniewa\u017c mo\u017ce to prowadzi\u0107 do b\u0142\u0119d\u00f3w pomiaru.<\/p>","protected":false},"excerpt":{"rendered":"<p>Zakres pomiarowy: 0 do 100%, \u015brednica: 25 mm<\/p>","protected":false},"featured_media":9750,"comment_status":"open","ping_status":"closed","template":"","meta":{"_acf_changed":false,"content-type":"","_monsterinsights_skip_tracking":false,"_monsterinsights_sitenote_active":false,"_monsterinsights_sitenote_note":"","_monsterinsights_sitenote_category":0},"product_brand":[],"product_cat":[359,119],"product_tag":[],"class_list":{"0":"post-9274","1":"product","2":"type-product","3":"status-publish","4":"has-post-thumbnail","6":"product_cat-light-heat-humidity","7":"product_cat-formicarium-components","9":"first","10":"instock","11":"taxable","12":"shipping-taxable","13":"purchasable","14":"product-type-simple"},"acf":[],"aioseo_notices":[],"jetpack_sharing_enabled":true,"_links":{"self":[{"href":"https:\/\/antcube.shop\/pl\/wp-json\/wp\/v2\/product\/9274","targetHints":{"allow":["GET"]}}],"collection":[{"href":"https:\/\/antcube.shop\/pl\/wp-json\/wp\/v2\/product"}],"about":[{"href":"https:\/\/antcube.shop\/pl\/wp-json\/wp\/v2\/types\/product"}],"replies":[{"embeddable":true,"href":"https:\/\/antcube.shop\/pl\/wp-json\/wp\/v2\/comments?post=9274"}],"wp:featuredmedia":[{"embeddable":true,"href":"https:\/\/antcube.shop\/pl\/wp-json\/wp\/v2\/media\/9750"}],"wp:attachment":[{"href":"https:\/\/antcube.shop\/pl\/wp-json\/wp\/v2\/media?parent=9274"}],"wp:term":[{"taxonomy":"product_brand","embeddable":true,"href":"https:\/\/antcube.shop\/pl\/wp-json\/wp\/v2\/product_brand?post=9274"},{"taxonomy":"product_cat","embeddable":true,"href":"https:\/\/antcube.shop\/pl\/wp-json\/wp\/v2\/product_cat?post=9274"},{"taxonomy":"product_tag","embeddable":true,"href":"https:\/\/antcube.shop\/pl\/wp-json\/wp\/v2\/product_tag?post=9274"}],"curies":[{"name":"wp","href":"https:\/\/api.w.org\/{rel}","templated":true}]}}