{"id":9273,"date":"2024-09-17T15:00:07","date_gmt":"2024-09-17T13:00:07","guid":{"rendered":"https:\/\/antcube.shop\/en\/product\/mini-thermometer-analog-metall-25mm\/"},"modified":"2026-04-13T09:32:47","modified_gmt":"2026-04-13T07:32:47","slug":"mini-termometr-analogowy-metalowy-25mm","status":"publish","type":"product","link":"https:\/\/antcube.shop\/pl\/produkt\/mini-termometr-analogowy-metalowy-25mm\/","title":{"rendered":"Mini termometr analogowy metalowy - 25 mm"},"content":{"rendered":"<p><strong>Wymiary:<\/strong> 25 mm<\/p>\n<p><strong>Kolor:<\/strong> metal, srebro<\/p>\n<p><strong>Zakres pomiarowy:<\/strong> -20 do +50\u00b0C \/ -10 do +130\u00b0F<\/p>\n<p><strong>Dok\u0142adno\u015b\u0107:<\/strong> +\/- 2\u00b0C , +\/- 4\u00b0F<\/p>\n<p><strong>Opis:<\/strong><br \/>\nTermometr analogowy, kt\u00f3ry jest szczeg\u00f3lnie odpowiedni dla bardzo ma\u0142ych mr\u00f3wek.<br \/>\nJest on mocowany do otworu o \u015brednicy 27 mm za pomoc\u0105 \"Formicarium plug for 27mm hole\" z wyci\u0119ciem o \u015brednicy 22 mm.<br \/>\nW przeciwnym razie higrometr mo\u017cna przymocowa\u0107 do wewn\u0119trznej tylnej cz\u0119\u015bci formikarium za pomoc\u0105 dwustronnej ta\u015bmy samoprzylepnej (brak w zestawie).<\/p>\n<p><strong>Uwaga:<\/strong><br \/>\nNie nale\u017cy zamyka\u0107 tylnego otworu termometru, poniewa\u017c mo\u017ce to prowadzi\u0107 do b\u0142\u0119d\u00f3w pomiaru.<\/p>","protected":false},"excerpt":{"rendered":"<p>Zakres pomiarowy: -20 do +50\u00b0C \/ -10 do +130\u00b0F, \u015brednica: 25 mm<\/p>","protected":false},"featured_media":9748,"comment_status":"open","ping_status":"closed","template":"","meta":{"_acf_changed":false,"content-type":"","_monsterinsights_skip_tracking":false,"_monsterinsights_sitenote_active":false,"_monsterinsights_sitenote_note":"","_monsterinsights_sitenote_category":0},"product_brand":[],"product_cat":[359,119],"product_tag":[],"class_list":{"0":"post-9273","1":"product","2":"type-product","3":"status-publish","4":"has-post-thumbnail","6":"product_cat-light-heat-humidity","7":"product_cat-formicarium-components","9":"first","10":"instock","11":"taxable","12":"shipping-taxable","13":"purchasable","14":"product-type-simple"},"acf":[],"aioseo_notices":[],"jetpack_sharing_enabled":true,"_links":{"self":[{"href":"https:\/\/antcube.shop\/pl\/wp-json\/wp\/v2\/product\/9273","targetHints":{"allow":["GET"]}}],"collection":[{"href":"https:\/\/antcube.shop\/pl\/wp-json\/wp\/v2\/product"}],"about":[{"href":"https:\/\/antcube.shop\/pl\/wp-json\/wp\/v2\/types\/product"}],"replies":[{"embeddable":true,"href":"https:\/\/antcube.shop\/pl\/wp-json\/wp\/v2\/comments?post=9273"}],"wp:featuredmedia":[{"embeddable":true,"href":"https:\/\/antcube.shop\/pl\/wp-json\/wp\/v2\/media\/9748"}],"wp:attachment":[{"href":"https:\/\/antcube.shop\/pl\/wp-json\/wp\/v2\/media?parent=9273"}],"wp:term":[{"taxonomy":"product_brand","embeddable":true,"href":"https:\/\/antcube.shop\/pl\/wp-json\/wp\/v2\/product_brand?post=9273"},{"taxonomy":"product_cat","embeddable":true,"href":"https:\/\/antcube.shop\/pl\/wp-json\/wp\/v2\/product_cat?post=9273"},{"taxonomy":"product_tag","embeddable":true,"href":"https:\/\/antcube.shop\/pl\/wp-json\/wp\/v2\/product_tag?post=9273"}],"curies":[{"name":"wp","href":"https:\/\/api.w.org\/{rel}","templated":true}]}}