{"id":9272,"date":"2024-09-17T14:59:43","date_gmt":"2024-09-17T12:59:43","guid":{"rendered":"https:\/\/antcube.shop\/en\/product\/mini-thermo-hygrometer-analog-display-stehend\/"},"modified":"2026-04-07T13:50:15","modified_gmt":"2026-04-07T11:50:15","slug":"mini-termohigrometr-z-wyswietlaczem-analogowym-stehend","status":"publish","type":"product","link":"https:\/\/antcube.shop\/pl\/produkt\/mini-termohigrometr-z-wyswietlaczem-analogowym-stehend\/","title":{"rendered":"Mini termohigrometr analogowy - wy\u015bwietlacz - pionowy"},"content":{"rendered":"<p><strong>Wymiary:<\/strong> 60 mm x 60 mm, g\u0142\u0119boko\u015b\u0107 30 mm<\/p>\n<p><strong>Materia\u0142:<\/strong> metal \/ szk\u0142o akrylowe<\/p>\n<p><strong>Kolor:<\/strong> metal, srebrny \/ przezroczysty<\/p>\n<p><strong>Zawarto\u015b\u0107:<\/strong> 1x mini termometr analogowy metalowy - 25mm, 1x mini higrometr analogowy metalowy - 25mm, 1x uchwyt ze szk\u0142a akrylowego z wyci\u0119ciami na przyrz\u0105dy pomiarowe - 60x60mm, 1x podstawa ze szk\u0142a akrylowego - \u015brednica 30mm<\/p>\n<p><strong>Opis:<\/strong><br \/>\nZestaw sk\u0142ada si\u0119 z analogowego termometru i higrometru wykonanych z metalu (25 mm), kt\u00f3re s\u0105 umieszczone w p\u0142ytce ze szk\u0142a akrylowego (60x60 mm). Wy\u015bwietlacz mo\u017cna umie\u015bci\u0107 na podstawie (30 mm) w mierzonym pomieszczeniu.<\/p>\n<p><strong>Uwaga:<\/strong><br \/>\nPrzyrz\u0105dy pomiarowe na tylnej stronie musz\u0105 pozosta\u0107 wolne, w przeciwnym razie mog\u0105 wyst\u0105pi\u0107 b\u0142\u0119dy pomiarowe.<\/p>\n<p>Dok\u0142adno\u015b\u0107: +\/- 2\u00b0C, +\/- 4\u00b0F<br \/>\nDok\u0142adno\u015b\u0107: +\/- 5%<\/p>","protected":false},"excerpt":{"rendered":"<p>Zestaw termometru i higrometru wykonany z metalu (25mm) umieszczony w p\u0142ytce ze szk\u0142a akrylowego (75x45mm)<\/p>","protected":false},"featured_media":9745,"comment_status":"open","ping_status":"closed","template":"","meta":{"_acf_changed":false,"content-type":"","_monsterinsights_skip_tracking":false,"_monsterinsights_sitenote_active":false,"_monsterinsights_sitenote_note":"","_monsterinsights_sitenote_category":0},"product_brand":[],"product_cat":[359,119],"product_tag":[],"class_list":{"0":"post-9272","1":"product","2":"type-product","3":"status-publish","4":"has-post-thumbnail","6":"product_cat-light-heat-humidity","7":"product_cat-formicarium-components","9":"first","10":"instock","11":"taxable","12":"shipping-taxable","13":"purchasable","14":"product-type-simple"},"acf":[],"aioseo_notices":[],"jetpack_sharing_enabled":true,"_links":{"self":[{"href":"https:\/\/antcube.shop\/pl\/wp-json\/wp\/v2\/product\/9272","targetHints":{"allow":["GET"]}}],"collection":[{"href":"https:\/\/antcube.shop\/pl\/wp-json\/wp\/v2\/product"}],"about":[{"href":"https:\/\/antcube.shop\/pl\/wp-json\/wp\/v2\/types\/product"}],"replies":[{"embeddable":true,"href":"https:\/\/antcube.shop\/pl\/wp-json\/wp\/v2\/comments?post=9272"}],"wp:featuredmedia":[{"embeddable":true,"href":"https:\/\/antcube.shop\/pl\/wp-json\/wp\/v2\/media\/9745"}],"wp:attachment":[{"href":"https:\/\/antcube.shop\/pl\/wp-json\/wp\/v2\/media?parent=9272"}],"wp:term":[{"taxonomy":"product_brand","embeddable":true,"href":"https:\/\/antcube.shop\/pl\/wp-json\/wp\/v2\/product_brand?post=9272"},{"taxonomy":"product_cat","embeddable":true,"href":"https:\/\/antcube.shop\/pl\/wp-json\/wp\/v2\/product_cat?post=9272"},{"taxonomy":"product_tag","embeddable":true,"href":"https:\/\/antcube.shop\/pl\/wp-json\/wp\/v2\/product_tag?post=9272"}],"curies":[{"name":"wp","href":"https:\/\/api.w.org\/{rel}","templated":true}]}}