{"id":9271,"date":"2024-09-17T14:58:23","date_gmt":"2024-09-17T12:58:23","guid":{"rendered":"https:\/\/antcube.shop\/en\/product\/mini-thermo-hygrometer-analog-display-magnet\/"},"modified":"2026-04-06T20:34:08","modified_gmt":"2026-04-06T18:34:08","slug":"mini-termohigrometr-analogowy-wyswietlacz-magnes","status":"publish","type":"product","link":"https:\/\/antcube.shop\/pl\/produkt\/mini-termohigrometr-analogowy-wyswietlacz-magnes\/","title":{"rendered":"Mini termohigrometr analogowy - wy\u015bwietlacz - magnes"},"content":{"rendered":"<p><strong>Wymiary:<\/strong> 75 mm x 60 mm, g\u0142\u0119boko\u015b\u0107 8 mm<\/p>\n<p><strong>Materia\u0142:<\/strong> metal \/ szk\u0142o akrylowe<\/p>\n<p><strong>Kolor:<\/strong> metal, srebrny \/ przezroczysty<\/p>\n<p><strong>Zawarto\u015b\u0107:<\/strong> 1x mini termometr analogowy metalowy - 25mm, 1x mini higrometr analogowy metalowy - 25mm, 1x uchwyt ze szk\u0142a akrylowego z wyci\u0119ciami na przyrz\u0105dy pomiarowe i trzema magnesami - 75x60mm, 1x p\u0142ytka ze szk\u0142a akrylowego z magnesami do mocowania wy\u015bwietlacza - 75x20mm,<\/p>\n<p><strong>Opis:<\/strong><br \/>\nZestaw sk\u0142ada si\u0119 z analogowego termometru i higrometru wykonanych z metalu (25 mm), kt\u00f3re s\u0105 umieszczone w p\u0142ytce ze szk\u0142a akrylowego (75x6 mm). Wy\u015bwietlacz jest przymocowany za pomoc\u0105 ma\u0142ej p\u0142ytki z magnesami, kt\u00f3ra jest przymocowana do drugiej strony p\u0142ytki. Umo\u017cliwia to dostosowanie lokalizacji wy\u015bwietlacza warto\u015bci do indywidualnych wymaga\u0144. W por\u00f3wnaniu z samoprzylepnymi podk\u0142adkami, magnesy umo\u017cliwiaj\u0105 zmian\u0119 po\u0142o\u017cenia wy\u015bwietlacza tak cz\u0119sto, jak jest to wymagane.<\/p>\n<p><strong>Uwaga:<\/strong><br \/>\nPrzyrz\u0105dy pomiarowe na tylnej stronie musz\u0105 pozosta\u0107 wolne, w przeciwnym razie mog\u0105 wyst\u0105pi\u0107 b\u0142\u0119dy pomiarowe.<\/p>\n<p>Ze wzgl\u0119du na proces produkcyjny na cz\u0119\u015bciach magnetycznych mog\u0105 wyst\u0119powa\u0107 niewielkie lub \u015brednie p\u0119kni\u0119cia.<\/p>\n<p>Dok\u0142adno\u015b\u0107: +\/- 2\u00b0C, +\/- 4\u00b0F<br \/>\nDok\u0142adno\u015b\u0107: +\/- 5%<\/p>","protected":false},"excerpt":{"rendered":"<p>Zestaw termometru i higrometru wykonany z metalu (25mm) umieszczony w p\u0142ytce ze szk\u0142a akrylowego (75x45mm)<\/p>","protected":false},"featured_media":9740,"comment_status":"open","ping_status":"closed","template":"","meta":{"_acf_changed":false,"content-type":"","_monsterinsights_skip_tracking":false,"_monsterinsights_sitenote_active":false,"_monsterinsights_sitenote_note":"","_monsterinsights_sitenote_category":0},"product_brand":[],"product_cat":[359,119],"product_tag":[],"class_list":{"0":"post-9271","1":"product","2":"type-product","3":"status-publish","4":"has-post-thumbnail","6":"product_cat-light-heat-humidity","7":"product_cat-formicarium-components","9":"first","10":"instock","11":"taxable","12":"shipping-taxable","13":"purchasable","14":"product-type-simple"},"acf":[],"aioseo_notices":[],"jetpack_sharing_enabled":true,"_links":{"self":[{"href":"https:\/\/antcube.shop\/pl\/wp-json\/wp\/v2\/product\/9271","targetHints":{"allow":["GET"]}}],"collection":[{"href":"https:\/\/antcube.shop\/pl\/wp-json\/wp\/v2\/product"}],"about":[{"href":"https:\/\/antcube.shop\/pl\/wp-json\/wp\/v2\/types\/product"}],"replies":[{"embeddable":true,"href":"https:\/\/antcube.shop\/pl\/wp-json\/wp\/v2\/comments?post=9271"}],"wp:featuredmedia":[{"embeddable":true,"href":"https:\/\/antcube.shop\/pl\/wp-json\/wp\/v2\/media\/9740"}],"wp:attachment":[{"href":"https:\/\/antcube.shop\/pl\/wp-json\/wp\/v2\/media?parent=9271"}],"wp:term":[{"taxonomy":"product_brand","embeddable":true,"href":"https:\/\/antcube.shop\/pl\/wp-json\/wp\/v2\/product_brand?post=9271"},{"taxonomy":"product_cat","embeddable":true,"href":"https:\/\/antcube.shop\/pl\/wp-json\/wp\/v2\/product_cat?post=9271"},{"taxonomy":"product_tag","embeddable":true,"href":"https:\/\/antcube.shop\/pl\/wp-json\/wp\/v2\/product_tag?post=9271"}],"curies":[{"name":"wp","href":"https:\/\/api.w.org\/{rel}","templated":true}]}}