{"id":9269,"date":"2024-09-17T14:52:27","date_gmt":"2024-09-17T12:52:27","guid":{"rendered":"https:\/\/antcube.shop\/en\/product\/heat-pack-stoffbeutel-72-std\/"},"modified":"2026-04-08T10:01:07","modified_gmt":"2026-04-08T08:01:07","slug":"torba-termiczna-z-tkaniny-72-godz","status":"publish","type":"product","link":"https:\/\/antcube.shop\/pl\/produkt\/torba-termiczna-z-tkaniny-72-godz\/","title":{"rendered":"Heat Pack - torba materia\u0142owa - 72 godz."},"content":{"rendered":"<p><strong>Wymiary:<\/strong> 15,5 x 11,5 cm<\/p>\n<p>Czas nagrzewania ( h ): ~ 72<\/p>\n<p>Temperatura (maks. \/ \u015brednia): 52\u00b0C \/ 46\u00b0C<\/p>\n<p><strong>Opis:<\/strong> Ten HeatPack jest ogrzewaczem z w\u0119glem aktywnym i jest aktywowany przez kontakt z powietrzem. Wystarczy wyj\u0105\u0107 HeatPack z opakowania, pozwoli\u0107 mu na kr\u00f3tk\u0105 aktywacj\u0119 w \u015brodowisku wolnym od mrozu i umie\u015bci\u0107 go w odpowiednim pude\u0142ku transportowym (np. pude\u0142ku styropianowym). Uwalnianie ciep\u0142a rozpocznie si\u0119 po kilku minutach i potrwa do 72 godzin.<\/p>\n<p>Mo\u017cna u\u017cy\u0107 tylko raz!<\/p>\n<p><strong>Sk\u0142adniki:<\/strong> \u017celazo, woda, celuloza, w\u0119giel aktywny, wermikulit, s\u00f3l<\/p>","protected":false},"excerpt":{"rendered":"<p>Wydajno\u015b\u0107 cieplna przez 72 godziny.<\/p>","protected":false},"featured_media":9735,"comment_status":"open","ping_status":"closed","template":"","meta":{"_acf_changed":false,"content-type":"","_monsterinsights_skip_tracking":false,"_monsterinsights_sitenote_active":false,"_monsterinsights_sitenote_note":"","_monsterinsights_sitenote_category":0},"product_brand":[],"product_cat":[237],"product_tag":[],"class_list":{"0":"post-9269","1":"product","2":"type-product","3":"status-publish","4":"has-post-thumbnail","6":"product_cat-tools","8":"first","9":"instock","10":"taxable","11":"shipping-taxable","12":"purchasable","13":"product-type-simple"},"acf":[],"aioseo_notices":[],"jetpack_sharing_enabled":true,"_links":{"self":[{"href":"https:\/\/antcube.shop\/pl\/wp-json\/wp\/v2\/product\/9269","targetHints":{"allow":["GET"]}}],"collection":[{"href":"https:\/\/antcube.shop\/pl\/wp-json\/wp\/v2\/product"}],"about":[{"href":"https:\/\/antcube.shop\/pl\/wp-json\/wp\/v2\/types\/product"}],"replies":[{"embeddable":true,"href":"https:\/\/antcube.shop\/pl\/wp-json\/wp\/v2\/comments?post=9269"}],"wp:featuredmedia":[{"embeddable":true,"href":"https:\/\/antcube.shop\/pl\/wp-json\/wp\/v2\/media\/9735"}],"wp:attachment":[{"href":"https:\/\/antcube.shop\/pl\/wp-json\/wp\/v2\/media?parent=9269"}],"wp:term":[{"taxonomy":"product_brand","embeddable":true,"href":"https:\/\/antcube.shop\/pl\/wp-json\/wp\/v2\/product_brand?post=9269"},{"taxonomy":"product_cat","embeddable":true,"href":"https:\/\/antcube.shop\/pl\/wp-json\/wp\/v2\/product_cat?post=9269"},{"taxonomy":"product_tag","embeddable":true,"href":"https:\/\/antcube.shop\/pl\/wp-json\/wp\/v2\/product_tag?post=9269"}],"curies":[{"name":"wp","href":"https:\/\/api.w.org\/{rel}","templated":true}]}}