{"id":9268,"date":"2024-09-17T14:52:05","date_gmt":"2024-09-17T12:52:05","guid":{"rendered":"https:\/\/antcube.shop\/en\/product\/heat-pack-alubeutel-36-std\/"},"modified":"2026-02-09T17:52:40","modified_gmt":"2026-02-09T16:52:40","slug":"aluminiowa-torba-termoizolacyjna-36-godz","status":"publish","type":"product","link":"https:\/\/antcube.shop\/pl\/produkt\/aluminiowa-torba-termoizolacyjna-36-godz\/","title":{"rendered":"Heat Pack - worek aluminiowy - 36 godz."},"content":{"rendered":"<p><strong>Wymiary:<\/strong> 16 x 11,5 cm<\/p>\n<p><strong>Opis:<\/strong> Ok\u0142ady termiczne nagrzewaj\u0105 si\u0119 do maks. 45\u00b0C w kontakcie z tlenem. S\u0105 u\u017cywane jako \u017ar\u00f3d\u0142o ciep\u0142a podczas transportu kolonii mr\u00f3wek tropikalnych, aby zapobiec hipotermii zwierz\u0105t. Wydajno\u015b\u0107 cieplna przez ok. 36 godzin.<\/p>\n<p>Mo\u017cna u\u017cy\u0107 tylko raz!<\/p>\n<p><strong>Sk\u0142adniki:<\/strong> \u017celazo, w\u0119giel aktywny, belmilit, s\u00f3l, woda<\/p>","protected":false},"excerpt":{"rendered":"<p>Wydajno\u015b\u0107 cieplna przez 36 godzin<\/p>","protected":false},"featured_media":9732,"comment_status":"open","ping_status":"closed","template":"","meta":{"_acf_changed":false,"content-type":"","_monsterinsights_skip_tracking":false,"_monsterinsights_sitenote_active":false,"_monsterinsights_sitenote_note":"","_monsterinsights_sitenote_category":0},"product_brand":[],"product_cat":[237],"product_tag":[],"class_list":{"0":"post-9268","1":"product","2":"type-product","3":"status-publish","4":"has-post-thumbnail","6":"product_cat-tools","8":"first","9":"instock","10":"taxable","11":"shipping-taxable","12":"purchasable","13":"product-type-simple"},"acf":[],"aioseo_notices":[],"jetpack_sharing_enabled":true,"_links":{"self":[{"href":"https:\/\/antcube.shop\/pl\/wp-json\/wp\/v2\/product\/9268","targetHints":{"allow":["GET"]}}],"collection":[{"href":"https:\/\/antcube.shop\/pl\/wp-json\/wp\/v2\/product"}],"about":[{"href":"https:\/\/antcube.shop\/pl\/wp-json\/wp\/v2\/types\/product"}],"replies":[{"embeddable":true,"href":"https:\/\/antcube.shop\/pl\/wp-json\/wp\/v2\/comments?post=9268"}],"wp:featuredmedia":[{"embeddable":true,"href":"https:\/\/antcube.shop\/pl\/wp-json\/wp\/v2\/media\/9732"}],"wp:attachment":[{"href":"https:\/\/antcube.shop\/pl\/wp-json\/wp\/v2\/media?parent=9268"}],"wp:term":[{"taxonomy":"product_brand","embeddable":true,"href":"https:\/\/antcube.shop\/pl\/wp-json\/wp\/v2\/product_brand?post=9268"},{"taxonomy":"product_cat","embeddable":true,"href":"https:\/\/antcube.shop\/pl\/wp-json\/wp\/v2\/product_cat?post=9268"},{"taxonomy":"product_tag","embeddable":true,"href":"https:\/\/antcube.shop\/pl\/wp-json\/wp\/v2\/product_tag?post=9268"}],"curies":[{"name":"wp","href":"https:\/\/api.w.org\/{rel}","templated":true}]}}