{"id":9264,"date":"2024-09-17T14:50:33","date_gmt":"2024-09-17T12:50:33","guid":{"rendered":"https:\/\/antcube.shop\/en\/product\/spritze-5-ml\/"},"modified":"2026-03-31T18:19:20","modified_gmt":"2026-03-31T16:19:20","slug":"strzykawka-5-ml","status":"publish","type":"product","link":"https:\/\/antcube.shop\/pl\/produkt\/strzykawka-5-ml\/","title":{"rendered":"Strzykawka 5 ml"},"content":{"rendered":"<p><strong>Wymiary:<\/strong> Pojemno\u015b\u0107: 5 ml<br \/>\n<strong>Opis:<\/strong> Mo\u017ce by\u0107 stosowany do karmienia mr\u00f3wek.<\/p>","protected":false},"excerpt":{"rendered":"<p>Wymiary: Pojemno\u015b\u0107: 20 ml Opis: Mo\u017ce by\u0107 stosowany do karmienia mr\u00f3wek.<\/p>","protected":false},"featured_media":9723,"comment_status":"open","ping_status":"closed","template":"","meta":{"_acf_changed":false,"content-type":"","_monsterinsights_skip_tracking":false,"_monsterinsights_sitenote_active":false,"_monsterinsights_sitenote_note":"","_monsterinsights_sitenote_category":0},"product_brand":[],"product_cat":[237],"product_tag":[],"class_list":{"0":"post-9264","1":"product","2":"type-product","3":"status-publish","4":"has-post-thumbnail","6":"product_cat-tools","8":"first","9":"instock","10":"taxable","11":"shipping-taxable","12":"purchasable","13":"product-type-simple"},"acf":[],"aioseo_notices":[],"jetpack_sharing_enabled":true,"_links":{"self":[{"href":"https:\/\/antcube.shop\/pl\/wp-json\/wp\/v2\/product\/9264","targetHints":{"allow":["GET"]}}],"collection":[{"href":"https:\/\/antcube.shop\/pl\/wp-json\/wp\/v2\/product"}],"about":[{"href":"https:\/\/antcube.shop\/pl\/wp-json\/wp\/v2\/types\/product"}],"replies":[{"embeddable":true,"href":"https:\/\/antcube.shop\/pl\/wp-json\/wp\/v2\/comments?post=9264"}],"wp:featuredmedia":[{"embeddable":true,"href":"https:\/\/antcube.shop\/pl\/wp-json\/wp\/v2\/media\/9723"}],"wp:attachment":[{"href":"https:\/\/antcube.shop\/pl\/wp-json\/wp\/v2\/media?parent=9264"}],"wp:term":[{"taxonomy":"product_brand","embeddable":true,"href":"https:\/\/antcube.shop\/pl\/wp-json\/wp\/v2\/product_brand?post=9264"},{"taxonomy":"product_cat","embeddable":true,"href":"https:\/\/antcube.shop\/pl\/wp-json\/wp\/v2\/product_cat?post=9264"},{"taxonomy":"product_tag","embeddable":true,"href":"https:\/\/antcube.shop\/pl\/wp-json\/wp\/v2\/product_tag?post=9264"}],"curies":[{"name":"wp","href":"https:\/\/api.w.org\/{rel}","templated":true}]}}