{"id":9261,"date":"2024-09-17T14:49:20","date_gmt":"2024-09-17T12:49:20","guid":{"rendered":"https:\/\/antcube.shop\/en\/product\/spritzflasche-pe-ld-500ml\/"},"modified":"2026-03-27T09:45:33","modified_gmt":"2026-03-27T08:45:33","slug":"butelka-z-rozpylaczem-pe-ld-500ml","status":"publish","type":"product","link":"https:\/\/antcube.shop\/pl\/produkt\/butelka-z-rozpylaczem-pe-ld-500ml\/","title":{"rendered":"Butelka z rozpylaczem PE-LD 500ml"},"content":{"rendered":"<p><strong>Wymiary:<\/strong> Pojemno\u015b\u0107: 500 ml<\/p>\n<p><strong>Kolor:<\/strong> przezroczysty \/ mleczny<\/p>\n<p><strong>Materia\u0142:<\/strong> PE<\/p>\n<p><strong>Opis:<\/strong> Butelka z rozpylaczem z przed\u0142u\u017con\u0105 dysz\u0105 - idealna do r\u0119cznego nawil\u017cania formikarium.<\/p>","protected":false},"excerpt":{"rendered":"<p>Wymiary: Pojemno\u015b\u0107: 100 ml Kolor: przezroczysty \/ mleczny Materia\u0142: PE Opis: Butelka z rozpylaczem z przed\u0142u\u017con\u0105 dysz\u0105 - idealna do r\u0119cznego nawil\u017cania formikarium.<\/p>","protected":false},"featured_media":9716,"comment_status":"open","ping_status":"closed","template":"","meta":{"_acf_changed":false,"content-type":"","_monsterinsights_skip_tracking":false,"_monsterinsights_sitenote_active":false,"_monsterinsights_sitenote_note":"","_monsterinsights_sitenote_category":0},"product_brand":[],"product_cat":[237],"product_tag":[],"class_list":{"0":"post-9261","1":"product","2":"type-product","3":"status-publish","4":"has-post-thumbnail","6":"product_cat-tools","8":"first","9":"instock","10":"taxable","11":"shipping-taxable","12":"purchasable","13":"product-type-simple"},"acf":[],"aioseo_notices":[],"jetpack_sharing_enabled":true,"_links":{"self":[{"href":"https:\/\/antcube.shop\/pl\/wp-json\/wp\/v2\/product\/9261","targetHints":{"allow":["GET"]}}],"collection":[{"href":"https:\/\/antcube.shop\/pl\/wp-json\/wp\/v2\/product"}],"about":[{"href":"https:\/\/antcube.shop\/pl\/wp-json\/wp\/v2\/types\/product"}],"replies":[{"embeddable":true,"href":"https:\/\/antcube.shop\/pl\/wp-json\/wp\/v2\/comments?post=9261"}],"wp:featuredmedia":[{"embeddable":true,"href":"https:\/\/antcube.shop\/pl\/wp-json\/wp\/v2\/media\/9716"}],"wp:attachment":[{"href":"https:\/\/antcube.shop\/pl\/wp-json\/wp\/v2\/media?parent=9261"}],"wp:term":[{"taxonomy":"product_brand","embeddable":true,"href":"https:\/\/antcube.shop\/pl\/wp-json\/wp\/v2\/product_brand?post=9261"},{"taxonomy":"product_cat","embeddable":true,"href":"https:\/\/antcube.shop\/pl\/wp-json\/wp\/v2\/product_cat?post=9261"},{"taxonomy":"product_tag","embeddable":true,"href":"https:\/\/antcube.shop\/pl\/wp-json\/wp\/v2\/product_tag?post=9261"}],"curies":[{"name":"wp","href":"https:\/\/api.w.org\/{rel}","templated":true}]}}