{"id":9256,"date":"2024-09-17T14:46:52","date_gmt":"2024-09-17T12:46:52","guid":{"rendered":"https:\/\/antcube.shop\/en\/product\/fotoruckwand-regenwald-30x60-hoch\/"},"modified":"2026-03-16T18:54:36","modified_gmt":"2026-03-16T17:54:36","slug":"tylna-sciana-fotograficzna-rainforest-30x60-wysoka","status":"publish","type":"product","link":"https:\/\/antcube.shop\/pl\/produkt\/tylna-sciana-fotograficzna-rainforest-30x60-wysoka\/","title":{"rendered":"Tylna \u015bcianka na zdj\u0119cia - Rainforest - 30\u00d760 - wysoka"},"content":{"rendered":"<p><strong>Wymiary:<\/strong> 30x60cm<\/p>\n<p><strong>Materia\u0142:<\/strong> Papier z foli\u0105 b\u0142yszcz\u0105c\u0105<\/p>\n<p><strong>Zawarto\u015b\u0107:<\/strong> 1x t\u0142o fotograficzne<\/p>\n<p><strong>Opis:<\/strong> Podk\u0142ad fotograficzny jest przyklejony na zewn\u0105trz tylnej cz\u0119\u015bci formikarium, aby stworzy\u0107 wra\u017cenie \u015brodowiska odpowiadaj\u0105cego naturalnemu \u015brodowisku mr\u00f3wek.<\/p>","protected":false},"excerpt":{"rendered":"<p>Materia\u0142: b\u0142yszcz\u0105cy papier foliowy<\/p>","protected":false},"featured_media":9704,"comment_status":"open","ping_status":"closed","template":"","meta":{"_acf_changed":false,"content-type":"","_monsterinsights_skip_tracking":false,"_monsterinsights_sitenote_active":false,"_monsterinsights_sitenote_note":"","_monsterinsights_sitenote_category":0},"product_brand":[],"product_cat":[97,106],"product_tag":[],"class_list":{"0":"post-9256","1":"product","2":"type-product","3":"status-publish","4":"has-post-thumbnail","6":"product_cat-photo-backwalls","7":"product_cat-rainforest-photo-backwall","9":"first","10":"instock","11":"taxable","12":"shipping-taxable","13":"purchasable","14":"product-type-simple"},"acf":[],"aioseo_notices":[],"jetpack_sharing_enabled":true,"_links":{"self":[{"href":"https:\/\/antcube.shop\/pl\/wp-json\/wp\/v2\/product\/9256","targetHints":{"allow":["GET"]}}],"collection":[{"href":"https:\/\/antcube.shop\/pl\/wp-json\/wp\/v2\/product"}],"about":[{"href":"https:\/\/antcube.shop\/pl\/wp-json\/wp\/v2\/types\/product"}],"replies":[{"embeddable":true,"href":"https:\/\/antcube.shop\/pl\/wp-json\/wp\/v2\/comments?post=9256"}],"wp:featuredmedia":[{"embeddable":true,"href":"https:\/\/antcube.shop\/pl\/wp-json\/wp\/v2\/media\/9704"}],"wp:attachment":[{"href":"https:\/\/antcube.shop\/pl\/wp-json\/wp\/v2\/media?parent=9256"}],"wp:term":[{"taxonomy":"product_brand","embeddable":true,"href":"https:\/\/antcube.shop\/pl\/wp-json\/wp\/v2\/product_brand?post=9256"},{"taxonomy":"product_cat","embeddable":true,"href":"https:\/\/antcube.shop\/pl\/wp-json\/wp\/v2\/product_cat?post=9256"},{"taxonomy":"product_tag","embeddable":true,"href":"https:\/\/antcube.shop\/pl\/wp-json\/wp\/v2\/product_tag?post=9256"}],"curies":[{"name":"wp","href":"https:\/\/api.w.org\/{rel}","templated":true}]}}