{"id":9251,"date":"2024-09-17T14:44:39","date_gmt":"2024-09-17T12:44:39","guid":{"rendered":"https:\/\/antcube.shop\/en\/product\/reagenzglas-warmeisolierung-16mm-20cm\/"},"modified":"2026-03-30T18:03:43","modified_gmt":"2026-03-30T16:03:43","slug":"izolacja-cieplna-rurki-testowej-16mm-20cm","status":"publish","type":"product","link":"https:\/\/antcube.shop\/pl\/produkt\/izolacja-cieplna-rurki-testowej-16mm-20cm\/","title":{"rendered":"Izolacja termiczna prob\u00f3wki 16 mm - 20 cm"},"content":{"rendered":"<p><strong>Wymiary:<\/strong> 20 x 3,5 x 3,5 cm<\/p>\n<p><strong>Materia\u0142:<\/strong> piana<\/p>\n<p><strong>Kolor:<\/strong> szary<\/p>\n<p><strong>Opis:<\/strong><br \/>\nIzolacja cieplna do prob\u00f3wek o \u015brednicy do 16 mm. Do bezpiecznego transportu mr\u00f3wek.<\/p>","protected":false},"excerpt":{"rendered":"<p><strong>Wielko\u015b\u0107:<\/strong> 20 x 3,5 x 3,5 cm<\/p>","protected":false},"featured_media":9556,"comment_status":"open","ping_status":"closed","template":"","meta":{"_acf_changed":false,"content-type":"","_monsterinsights_skip_tracking":false,"_monsterinsights_sitenote_active":false,"_monsterinsights_sitenote_note":"","_monsterinsights_sitenote_category":0},"product_brand":[],"product_cat":[237],"product_tag":[],"class_list":{"0":"post-9251","1":"product","2":"type-product","3":"status-publish","4":"has-post-thumbnail","6":"product_cat-tools","8":"first","9":"instock","10":"taxable","11":"shipping-taxable","12":"purchasable","13":"product-type-simple"},"acf":[],"aioseo_notices":[],"jetpack_sharing_enabled":true,"_links":{"self":[{"href":"https:\/\/antcube.shop\/pl\/wp-json\/wp\/v2\/product\/9251","targetHints":{"allow":["GET"]}}],"collection":[{"href":"https:\/\/antcube.shop\/pl\/wp-json\/wp\/v2\/product"}],"about":[{"href":"https:\/\/antcube.shop\/pl\/wp-json\/wp\/v2\/types\/product"}],"replies":[{"embeddable":true,"href":"https:\/\/antcube.shop\/pl\/wp-json\/wp\/v2\/comments?post=9251"}],"wp:featuredmedia":[{"embeddable":true,"href":"https:\/\/antcube.shop\/pl\/wp-json\/wp\/v2\/media\/9556"}],"wp:attachment":[{"href":"https:\/\/antcube.shop\/pl\/wp-json\/wp\/v2\/media?parent=9251"}],"wp:term":[{"taxonomy":"product_brand","embeddable":true,"href":"https:\/\/antcube.shop\/pl\/wp-json\/wp\/v2\/product_brand?post=9251"},{"taxonomy":"product_cat","embeddable":true,"href":"https:\/\/antcube.shop\/pl\/wp-json\/wp\/v2\/product_cat?post=9251"},{"taxonomy":"product_tag","embeddable":true,"href":"https:\/\/antcube.shop\/pl\/wp-json\/wp\/v2\/product_tag?post=9251"}],"curies":[{"name":"wp","href":"https:\/\/api.w.org\/{rel}","templated":true}]}}