{"id":9250,"date":"2024-09-17T14:44:16","date_gmt":"2024-09-17T12:44:16","guid":{"rendered":"https:\/\/antcube.shop\/en\/product\/antcube-korknest-60x30-stehend\/"},"modified":"2026-03-10T17:53:31","modified_gmt":"2026-03-10T16:53:31","slug":"antcube-gniazdo-korkowe-60x30-pionowe","status":"publish","type":"product","link":"https:\/\/antcube.shop\/pl\/produkt\/antcube-gniazdo-korkowe-60x30-pionowe\/","title":{"rendered":"ANTCUBE - gniazdo korkowe 60\u00d730 - pionowe"},"content":{"rendered":"<p><strong>Wymiary:<\/strong> 583 x 240 x 20 mm<\/p>\n<p><strong>Materia\u0142:<\/strong> Korek (drobny)<\/p>\n<p>Pasuje tylko do naszych farm mr\u00f3wek o rozmiarze <span style=\"font-size: 10.5pt; font-family: Arial; color: #0000ff; background-color: transparent; font-weight: bold; font-style: normal; font-variant: normal; text-decoration: none; vertical-align: baseline;\">L<\/span><\/p>\n<p><strong>Opis:<\/strong> To korkowe gniazdo z prefabrykowanymi przej\u015bciami i komorami jest odpowiednie dla r\u00f3\u017cnych gatunk\u00f3w mr\u00f3wek, zw\u0142aszcza tych, kt\u00f3re gniazduj\u0105 w (martwym) drewnie. Posiada wywiercony otw\u00f3r umo\u017cliwiaj\u0105cy dost\u0119p do gniazda.<br \/>\nKorek jest neutralny chemicznie. Jego struktura jest nie tylko nieprzepuszczalna dla cieczy, ale tak\u017ce nie powoduje \u017cadnych reakcji chemicznych, a zatem nie ulega uszkodzeniu. Jednak zbyt du\u017ca ilo\u015b\u0107 wilgoci mo\u017ce prowadzi\u0107 do gnicia w d\u0142u\u017cszej perspektywie i zmniejszy\u0107 trwa\u0142o\u015b\u0107 gniazda. Niemniej jednak, korek jest bardzo odporny na gnicie, grzyby i ple\u015b\u0144. Wynika to z jego powierzchni i struktury, kt\u00f3re nie stanowi\u0105 dobrego pod\u0142o\u017ca do kolonizacji grzyb\u00f3w. Jednak resztki jedzenia i odchody zwierz\u0105t, a tak\u017ce inne substancje organiczne mog\u0105 sprzyja\u0107 rozwojowi ple\u015bni.<\/p>\n<p>Dlatego zalecamy trzymanie w korku g\u0142\u00f3wnie gatunk\u00f3w z suchych region\u00f3w. Gatunki z wilgotnych siedlisk nadal mog\u0105 by\u0107 trzymane w tym zestawie, poniewa\u017c gnicie nie jest problemem dla wi\u0119kszo\u015bci gatunk\u00f3w. Wiele mr\u00f3wek z p\u00f3\u0142nocnej Europy, takich jak Camponotus herculeanus lub Formica fusca, r\u00f3wnie\u017c \u017cyje w zgni\u0142ym lub rozk\u0142adaj\u0105cym si\u0119 drewnie.<\/p>","protected":false},"excerpt":{"rendered":"<p><strong>Wielko\u015b\u0107:<\/strong> 583 x 240 x 20 mm<\/p>","protected":false},"featured_media":9688,"comment_status":"open","ping_status":"closed","template":"","meta":{"_acf_changed":false,"content-type":"","_monsterinsights_skip_tracking":false,"_monsterinsights_sitenote_active":false,"_monsterinsights_sitenote_note":"","_monsterinsights_sitenote_category":0},"product_brand":[],"product_cat":[87,89],"product_tag":[],"class_list":{"0":"post-9250","1":"product","2":"type-product","3":"status-publish","4":"has-post-thumbnail","6":"product_cat-nest-insets","7":"product_cat-cork","9":"first","10":"instock","11":"taxable","12":"shipping-taxable","13":"purchasable","14":"product-type-simple"},"acf":[],"aioseo_notices":[],"jetpack_sharing_enabled":true,"_links":{"self":[{"href":"https:\/\/antcube.shop\/pl\/wp-json\/wp\/v2\/product\/9250","targetHints":{"allow":["GET"]}}],"collection":[{"href":"https:\/\/antcube.shop\/pl\/wp-json\/wp\/v2\/product"}],"about":[{"href":"https:\/\/antcube.shop\/pl\/wp-json\/wp\/v2\/types\/product"}],"replies":[{"embeddable":true,"href":"https:\/\/antcube.shop\/pl\/wp-json\/wp\/v2\/comments?post=9250"}],"wp:featuredmedia":[{"embeddable":true,"href":"https:\/\/antcube.shop\/pl\/wp-json\/wp\/v2\/media\/9688"}],"wp:attachment":[{"href":"https:\/\/antcube.shop\/pl\/wp-json\/wp\/v2\/media?parent=9250"}],"wp:term":[{"taxonomy":"product_brand","embeddable":true,"href":"https:\/\/antcube.shop\/pl\/wp-json\/wp\/v2\/product_brand?post=9250"},{"taxonomy":"product_cat","embeddable":true,"href":"https:\/\/antcube.shop\/pl\/wp-json\/wp\/v2\/product_cat?post=9250"},{"taxonomy":"product_tag","embeddable":true,"href":"https:\/\/antcube.shop\/pl\/wp-json\/wp\/v2\/product_tag?post=9250"}],"curies":[{"name":"wp","href":"https:\/\/api.w.org\/{rel}","templated":true}]}}