{"id":9248,"date":"2024-09-17T14:43:20","date_gmt":"2024-09-17T12:43:20","guid":{"rendered":"https:\/\/antcube.shop\/en\/product\/antcube-box-10x10-gipsnest-beige\/"},"modified":"2026-01-12T12:38:20","modified_gmt":"2026-01-12T11:38:20","slug":"pudelko-na-mrowki-10x10-gipsowe-gniazdo-bezowe","status":"publish","type":"product","link":"https:\/\/antcube.shop\/pl\/produkt\/pudelko-na-mrowki-10x10-gipsowe-gniazdo-bezowe\/","title":{"rendered":"ANTCUBE - Pude\u0142ko 10\u00d710 - Gniazdo gipsowe be\u017cowe"},"content":{"rendered":"<p><strong>Wymiary:<\/strong><br \/>\n100x100x100mm<\/p>\n<p><strong>Materia\u0142:<\/strong><br \/>\nPMMA, PS, gips<\/p>\n<p><strong>Kolor:<\/strong> przezroczysty, be\u017cowy<\/p>\n<p><strong>Tre\u015b\u0107:<\/strong><br \/>\n1x pude\u0142ko 100x100x100mm<br \/>\n1x wk\u0142adana ramka<br \/>\n1x wk\u0142adana pokrywa z otworem 50 mm<br \/>\n1x gipsowa wk\u0142adka gniazda<br \/>\n2x zatyczki do formikarium 27 mm<br \/>\n1x wk\u0142adka kratowa - 50mm - stal nierdzewna<\/p>\n<p><strong>Opis:<\/strong><br \/>\nTen pojemnik jest wyposa\u017cony we wk\u0142adan\u0105 ram\u0119 i pokryw\u0119, a tak\u017ce ma dwa otwory o \u015brednicy 27 mm do przysz\u0142ej rozbudowy. W pokrywie znajduje si\u0119 otw\u00f3r o \u015brednicy 50 mm, do kt\u00f3rego mo\u017cna w\u0142o\u017cy\u0107 wk\u0142ady siatkowe, wentylatory lub gniazda lamp. Ta praktyczna i \u0142atwa w utrzymaniu arena ze zintegrowanym gniazdem gipsowym jest odpowiednia dla kolonii fundamentowych, kt\u00f3re lubi\u0105 budowa\u0107 gniazda w ziemi lub mi\u0119dzy kamieniami.<\/p>","protected":false},"excerpt":{"rendered":"<p><strong>Wielko\u015b\u0107:<\/strong> 10x10x10 cm<\/p>","protected":false},"featured_media":9559,"comment_status":"open","ping_status":"closed","template":"","meta":{"_acf_changed":false,"content-type":"","_monsterinsights_skip_tracking":false,"_monsterinsights_sitenote_active":false,"_monsterinsights_sitenote_note":"","_monsterinsights_sitenote_category":0},"product_brand":[],"product_cat":[80,90],"product_tag":[],"class_list":{"0":"post-9248","1":"product","2":"type-product","3":"status-publish","4":"has-post-thumbnail","6":"product_cat-antfarms","7":"product_cat-gypsum","9":"first","10":"instock","11":"taxable","12":"shipping-taxable","13":"purchasable","14":"product-type-simple"},"acf":[],"aioseo_notices":[],"jetpack_sharing_enabled":true,"_links":{"self":[{"href":"https:\/\/antcube.shop\/pl\/wp-json\/wp\/v2\/product\/9248","targetHints":{"allow":["GET"]}}],"collection":[{"href":"https:\/\/antcube.shop\/pl\/wp-json\/wp\/v2\/product"}],"about":[{"href":"https:\/\/antcube.shop\/pl\/wp-json\/wp\/v2\/types\/product"}],"replies":[{"embeddable":true,"href":"https:\/\/antcube.shop\/pl\/wp-json\/wp\/v2\/comments?post=9248"}],"wp:featuredmedia":[{"embeddable":true,"href":"https:\/\/antcube.shop\/pl\/wp-json\/wp\/v2\/media\/9559"}],"wp:attachment":[{"href":"https:\/\/antcube.shop\/pl\/wp-json\/wp\/v2\/media?parent=9248"}],"wp:term":[{"taxonomy":"product_brand","embeddable":true,"href":"https:\/\/antcube.shop\/pl\/wp-json\/wp\/v2\/product_brand?post=9248"},{"taxonomy":"product_cat","embeddable":true,"href":"https:\/\/antcube.shop\/pl\/wp-json\/wp\/v2\/product_cat?post=9248"},{"taxonomy":"product_tag","embeddable":true,"href":"https:\/\/antcube.shop\/pl\/wp-json\/wp\/v2\/product_tag?post=9248"}],"curies":[{"name":"wp","href":"https:\/\/api.w.org\/{rel}","templated":true}]}}