{"id":9247,"date":"2024-09-17T14:42:38","date_gmt":"2024-09-17T12:42:38","guid":{"rendered":"https:\/\/antcube.shop\/en\/product\/antcube-gipsnest-30x30-liegend\/"},"modified":"2026-03-19T18:11:44","modified_gmt":"2026-03-19T17:11:44","slug":"antcube-gipsnest-30x30-liegend","status":"publish","type":"product","link":"https:\/\/antcube.shop\/pl\/produkt\/antcube-gipsnest-30x30-liegend\/","title":{"rendered":"ANTCUBE - Gniazdo gipsowe 30\u00d730 - poziome"},"content":{"rendered":"<p><span data-text-color=\"alert\"><strong>Wysy\u0142ka mo\u017cliwa tylko przez GO! na terenie Niemiec lub palet\u0105 na terenie Europy (bez wysp).<\/strong><\/span><\/p>\n<p><strong>Wymiary:<\/strong><br \/>\nGniazdo gipsowe: 290 x 290 x 50 mm<br \/>\nSzklana pokrywa: 279 x 279 x 4 mm<\/p>\n<p><strong>Materia\u0142:<\/strong> Tynk<\/p>\n<p><strong>Zawarto\u015b\u0107:<\/strong><br \/>\n1x gniazdo gipsowe 30\u00d730 z dwoma gniazdami przy\u0142\u0105czeniowymi L 14\/16\/18\/20 x 20mm<\/p>\n<ul>\n<li>W\u0105\u017c 14\/10 jest mocno osadzony w gnie\u017adzie 14 mm<\/li>\n<li>W\u0105\u017c 20\/16 jest mocno przymocowany do pierwszego stopnia 16 mm<\/li>\n<li>W\u0105\u017c 22\/18 jest mocno przymocowany do drugiego stopnia 20 mm<\/li>\n<li>W\u0105\u017c 24\/20 jest lu\u017ano przymocowany do drugiego stopnia 20 mm<\/li>\n<\/ul>\n<p>1x szklana os\u0142ona z otworem 50mm<br \/>\n1x pier\u015bcie\u0144 akrylowy 50 mm dla otworu 27 mm<br \/>\n1x podstawa formikarium 30\u00d730<br \/>\n2x za\u015blepka siatki - 16 mm - stal nierdzewna<br \/>\n1x wk\u0142adka kratowa - 27mm - stal nierdzewna<\/p>\n<p><strong>Opis:<\/strong> Nasze gipsowe gniazdo z prefabrykowanymi przej\u015bciami i komorami jest odpowiednie dla wielu gatunk\u00f3w mr\u00f3wek, zw\u0142aszcza dla gatunk\u00f3w, kt\u00f3re buduj\u0105 swoje gniazda na bardzo piaszczystych lub kamienistych glebach. Posiada dwa gniazda przy\u0142\u0105czeniowe umo\u017cliwiaj\u0105ce dost\u0119p do gniazda. Gips ma w\u0142a\u015bciwo\u015b\u0107 poch\u0142aniania wody, dzi\u0119ki czemu pewna ilo\u015b\u0107 wilgoci jest magazynowana. Niemniej jednak gniazdo gipsowe nie powinno by\u0107 u\u017cywane stale wilgotne, poniewa\u017c w przeciwnym razie mo\u017ce powsta\u0107 ple\u015b\u0144 (z powodu resztek jedzenia lub odchod\u00f3w mr\u00f3wek). Dlatego te\u017c, je\u015bli to mo\u017cliwe, nale\u017cy tu trzyma\u0107 gatunki z raczej suchych region\u00f3w. S\u0105 to na przyk\u0142ad gatunki z region\u00f3w \u015br\u00f3dziemnomorskich lub pustynnych.<\/p>\n<p><strong>Uwaga:<\/strong> Ze wzgl\u0119du na swoj\u0105 konstrukcj\u0119 nie s\u0105 one odpowiednie dla bardzo ma\u0142ych gatunk\u00f3w (np. gatunki Pheidole, gatunki Temnothorax), mog\u0105 wyst\u0105pi\u0107 luki 0,3 - 0,5 mm.<\/p>\n<p><strong>Wskaz\u00f3wka dotycz\u0105ca gniazd przy\u0142\u0105czeniowych<\/strong><br \/>\nPrzy zak\u0142adaniu i zdejmowaniu w\u0119\u017cy nale\u017cy przestrzega\u0107 nast\u0119puj\u0105cych wskaz\u00f3wek:<br \/>\nJe\u015bli w\u0105\u017c jest bardzo trudny do zamocowania w gnie\u017adzie przy\u0142\u0105czeniowym, gniazdo nale\u017cy lekko natrze\u0107 kropl\u0105 naszego oleju lub proszku zabezpieczaj\u0105cego przed wyrwaniem. Nast\u0119pnie w\u0105\u017c nale\u017cy wsun\u0105\u0107 do gniazda za pomoc\u0105 ruch\u00f3w obrotowych lub wkr\u0119caj\u0105cych, bez obci\u0105\u017cania gniazda ruchami w g\u00f3r\u0119 i w d\u00f3\u0142. To samo dotyczy zdejmowania w\u0119\u017cy z gniazda przy\u0142\u0105czeniowego. Nie nale\u017cy go po prostu \u015bci\u0105ga\u0107!<\/p>","protected":false},"excerpt":{"rendered":"<p>Wysy\u0142ka mo\u017cliwa tylko za po\u015brednictwem GO! w Niemczech lub za po\u015brednictwem palety w Europie (bez wysp) Wymiary: Gniazdo gipsowe: 290 x 290 x 50mm Szklana pokrywa: 279 x 279 x 4mm Materia\u0142: Gips Zawarto\u015b\u0107: 1x gniazdo gipsowe 30x30 z dwoma gniazdami przy\u0142\u0105czeniowymi L 14\/16\/18\/20 x 20mm 14\/10 w\u0105\u017c jest mocno w\u0142o\u017cony do gniazda 14mm","protected":false},"featured_media":9683,"comment_status":"open","ping_status":"closed","template":"","meta":{"_acf_changed":false,"content-type":"","_monsterinsights_skip_tracking":false,"_monsterinsights_sitenote_active":false,"_monsterinsights_sitenote_note":"","_monsterinsights_sitenote_category":0},"product_brand":[],"product_cat":[80,83],"product_tag":[],"class_list":{"0":"post-9247","1":"product","2":"type-product","3":"status-publish","4":"has-post-thumbnail","6":"product_cat-antfarms","7":"product_cat-antfarms-l","9":"first","10":"instock","11":"taxable","12":"shipping-taxable","13":"purchasable","14":"product-type-simple"},"acf":[],"aioseo_notices":[],"jetpack_sharing_enabled":true,"_links":{"self":[{"href":"https:\/\/antcube.shop\/pl\/wp-json\/wp\/v2\/product\/9247","targetHints":{"allow":["GET"]}}],"collection":[{"href":"https:\/\/antcube.shop\/pl\/wp-json\/wp\/v2\/product"}],"about":[{"href":"https:\/\/antcube.shop\/pl\/wp-json\/wp\/v2\/types\/product"}],"replies":[{"embeddable":true,"href":"https:\/\/antcube.shop\/pl\/wp-json\/wp\/v2\/comments?post=9247"}],"wp:featuredmedia":[{"embeddable":true,"href":"https:\/\/antcube.shop\/pl\/wp-json\/wp\/v2\/media\/9683"}],"wp:attachment":[{"href":"https:\/\/antcube.shop\/pl\/wp-json\/wp\/v2\/media?parent=9247"}],"wp:term":[{"taxonomy":"product_brand","embeddable":true,"href":"https:\/\/antcube.shop\/pl\/wp-json\/wp\/v2\/product_brand?post=9247"},{"taxonomy":"product_cat","embeddable":true,"href":"https:\/\/antcube.shop\/pl\/wp-json\/wp\/v2\/product_cat?post=9247"},{"taxonomy":"product_tag","embeddable":true,"href":"https:\/\/antcube.shop\/pl\/wp-json\/wp\/v2\/product_tag?post=9247"}],"curies":[{"name":"wp","href":"https:\/\/api.w.org\/{rel}","templated":true}]}}