{"id":9245,"date":"2024-09-17T14:41:26","date_gmt":"2024-09-17T12:41:26","guid":{"rendered":"https:\/\/antcube.shop\/en\/product\/antcube-gipsnest-30x30-stehend\/"},"modified":"2026-01-12T12:39:49","modified_gmt":"2026-01-12T11:39:49","slug":"antcube-gipsnest-30x30-stehend","status":"publish","type":"product","link":"https:\/\/antcube.shop\/pl\/produkt\/antcube-gipsnest-30x30-stehend\/","title":{"rendered":"ANTCUBE - Gniazdo gipsowe 30\u00d730 - pionowe"},"content":{"rendered":"<p><span data-text-color=\"alert\"><strong>Wysy\u0142ka mo\u017cliwa tylko przez GO! na terenie Niemiec lub palet\u0105 na terenie Europy (bez wysp).<\/strong><\/span><\/p>\n<p><strong>Wymiary:<\/strong> 282 x 239 x 45,5 mm<\/p>\n<p><strong>Materia\u0142:<\/strong> tynk<\/p>\n<p>Pasuje tylko do naszych farm mr\u00f3wek o rozmiarze <span style=\"font-size: 10.5pt; font-family: Arial; color: #ff0000; background-color: transparent; font-weight: bold; font-style: normal; font-variant: normal; text-decoration: none; vertical-align: baseline;\">XL<\/span><\/p>\n<p><strong>Opis:<\/strong> Nasze gipsowe gniazdo z prefabrykowanymi przej\u015bciami i komorami jest odpowiednie dla wielu gatunk\u00f3w mr\u00f3wek, zw\u0142aszcza dla gatunk\u00f3w, kt\u00f3re buduj\u0105 swoje gniazda na bardzo piaszczystych lub kamienistych glebach. Posiada dwa gniazda przy\u0142\u0105czeniowe umo\u017cliwiaj\u0105ce dost\u0119p do gniazda. Gips ma w\u0142a\u015bciwo\u015b\u0107 poch\u0142aniania wody, dzi\u0119ki czemu pewna ilo\u015b\u0107 wilgoci jest magazynowana. Niemniej jednak gniazdo gipsowe nie powinno by\u0107 u\u017cywane stale wilgotne, poniewa\u017c w przeciwnym razie mo\u017ce powsta\u0107 ple\u015b\u0144 (z powodu resztek jedzenia lub odchod\u00f3w mr\u00f3wek). Dlatego te\u017c, je\u015bli to mo\u017cliwe, nale\u017cy tu trzyma\u0107 gatunki z raczej suchych region\u00f3w. S\u0105 to na przyk\u0142ad gatunki z region\u00f3w \u015br\u00f3dziemnomorskich lub pustynnych.<\/p>","protected":false},"excerpt":{"rendered":"<p>Wysy\u0142ka mo\u017cliwa tylko za po\u015brednictwem GO! w Niemczech lub za po\u015brednictwem palety w Europie (bez wysp) Wymiary: 582 x 239 x 45,5 mm Materia\u0142: gips Pasuje tylko do naszych farm mr\u00f3wek o rozmiarze XL Opis: Nasze gipsowe gniazdo z prefabrykowanymi przej\u015bciami i komorami jest odpowiednie dla wielu gatunk\u00f3w mr\u00f3wek, zw\u0142aszcza dla gatunk\u00f3w, kt\u00f3re buduj\u0105","protected":false},"featured_media":9679,"comment_status":"open","ping_status":"closed","template":"","meta":{"_acf_changed":false,"content-type":"","_monsterinsights_skip_tracking":false,"_monsterinsights_sitenote_active":false,"_monsterinsights_sitenote_note":"","_monsterinsights_sitenote_category":0},"product_brand":[],"product_cat":[87,90],"product_tag":[],"class_list":{"0":"post-9245","1":"product","2":"type-product","3":"status-publish","4":"has-post-thumbnail","6":"product_cat-nest-insets","7":"product_cat-gypsum","9":"first","10":"instock","11":"taxable","12":"shipping-taxable","13":"purchasable","14":"product-type-simple"},"acf":[],"aioseo_notices":[],"jetpack_sharing_enabled":true,"_links":{"self":[{"href":"https:\/\/antcube.shop\/pl\/wp-json\/wp\/v2\/product\/9245","targetHints":{"allow":["GET"]}}],"collection":[{"href":"https:\/\/antcube.shop\/pl\/wp-json\/wp\/v2\/product"}],"about":[{"href":"https:\/\/antcube.shop\/pl\/wp-json\/wp\/v2\/types\/product"}],"replies":[{"embeddable":true,"href":"https:\/\/antcube.shop\/pl\/wp-json\/wp\/v2\/comments?post=9245"}],"wp:featuredmedia":[{"embeddable":true,"href":"https:\/\/antcube.shop\/pl\/wp-json\/wp\/v2\/media\/9679"}],"wp:attachment":[{"href":"https:\/\/antcube.shop\/pl\/wp-json\/wp\/v2\/media?parent=9245"}],"wp:term":[{"taxonomy":"product_brand","embeddable":true,"href":"https:\/\/antcube.shop\/pl\/wp-json\/wp\/v2\/product_brand?post=9245"},{"taxonomy":"product_cat","embeddable":true,"href":"https:\/\/antcube.shop\/pl\/wp-json\/wp\/v2\/product_cat?post=9245"},{"taxonomy":"product_tag","embeddable":true,"href":"https:\/\/antcube.shop\/pl\/wp-json\/wp\/v2\/product_tag?post=9245"}],"curies":[{"name":"wp","href":"https:\/\/api.w.org\/{rel}","templated":true}]}}