{"id":9240,"date":"2024-09-17T14:38:37","date_gmt":"2024-09-17T12:38:37","guid":{"rendered":"https:\/\/antcube.shop\/en\/product\/antcube-digfix-platte-60x30-m\/"},"modified":"2026-03-20T10:38:51","modified_gmt":"2026-03-20T09:38:51","slug":"antcube-digfix-platte-60x30-m","status":"publish","type":"product","link":"https:\/\/antcube.shop\/pl\/produkt\/antcube-digfix-platte-60x30-m\/","title":{"rendered":"ANTCUBE - Digfix Plate 60\u00d730 - M"},"content":{"rendered":"<p><span data-text-color=\"alert\"><strong>Wysy\u0142ka mo\u017cliwa tylko przez GO! na terenie Niemiec lub palet\u0105 na terenie Europy (bez wysp).<\/strong><\/span><\/p>\n<p><strong>Wymiary:<\/strong> 583x260x10 mm<\/p>\n<p><strong>Materia\u0142:<\/strong> Digfix<\/p>\n<p><strong>Opis:<\/strong> P\u0142ytka Digfix wykonana z materia\u0142u nadaj\u0105cego si\u0119 do kopania idealnie pasuje do naszych farm mr\u00f3wek ANTCUBE. Mo\u017ce by\u0107 u\u017cywana zar\u00f3wno na sucho, jak i na mokro. Jest r\u00f3wnie\u017c odpowiednia dla wielu gatunk\u00f3w mr\u00f3wek, zw\u0142aszcza tych, kt\u00f3re gniazduj\u0105 w piasku i (martwym) drewnie. Mo\u017ce by\u0107 stosowany zamiast mieszanek piasku i gliny lub wk\u0142ad\u00f3w korkowych. G\u0142\u00f3wn\u0105 zalet\u0105 w por\u00f3wnaniu z gniazdami korkowymi jest to, \u017ce Digfix nie ple\u015bnieje nawet po zamoczeniu. Oznacza to, \u017ce gatunki mr\u00f3wek o wysokim zapotrzebowaniu na wilgo\u0107 mog\u0105 by\u0107 \u0142atwo zaopatrywane w wystarczaj\u0105c\u0105 ilo\u015b\u0107 wody. Digfix ma r\u00f3wnie\u017c t\u0119 zalet\u0119, \u017ce kopi\u0105ce gatunki mr\u00f3wek nie brudz\u0105 szklanych szyb gniazda podczas kopania, umo\u017cliwiaj\u0105c doskona\u0142y wgl\u0105d do gniazda.<\/p>\n<p><strong>Uwaga:<\/strong> Naturalny kolor mo\u017ce waha\u0107 si\u0119 od zielono-szaro-br\u0105zowego do ziemisto-br\u0105zowego. Odcie\u0144 koloru nie ma wp\u0142ywu na jako\u015b\u0107.<br \/>\nZe wzgl\u0119du na proces produkcyjny wymiary mog\u0105 r\u00f3\u017cni\u0107 si\u0119 o +\/- 1 mm.<\/p>","protected":false},"excerpt":{"rendered":"<p>Wielko\u015b\u0107:<strong><span style=\"color: #339966;\"> M<\/span><\/strong><\/p>","protected":false},"featured_media":9668,"comment_status":"open","ping_status":"closed","template":"","meta":{"_acf_changed":false,"content-type":"","_monsterinsights_skip_tracking":false,"_monsterinsights_sitenote_active":false,"_monsterinsights_sitenote_note":"","_monsterinsights_sitenote_category":0},"product_brand":[],"product_cat":[87,88],"product_tag":[],"class_list":{"0":"post-9240","1":"product","2":"type-product","3":"status-publish","4":"has-post-thumbnail","6":"product_cat-nest-insets","7":"product_cat-digfix","9":"first","10":"instock","11":"taxable","12":"shipping-taxable","13":"purchasable","14":"product-type-simple"},"acf":[],"aioseo_notices":[],"jetpack_sharing_enabled":true,"_links":{"self":[{"href":"https:\/\/antcube.shop\/pl\/wp-json\/wp\/v2\/product\/9240","targetHints":{"allow":["GET"]}}],"collection":[{"href":"https:\/\/antcube.shop\/pl\/wp-json\/wp\/v2\/product"}],"about":[{"href":"https:\/\/antcube.shop\/pl\/wp-json\/wp\/v2\/types\/product"}],"replies":[{"embeddable":true,"href":"https:\/\/antcube.shop\/pl\/wp-json\/wp\/v2\/comments?post=9240"}],"wp:featuredmedia":[{"embeddable":true,"href":"https:\/\/antcube.shop\/pl\/wp-json\/wp\/v2\/media\/9668"}],"wp:attachment":[{"href":"https:\/\/antcube.shop\/pl\/wp-json\/wp\/v2\/media?parent=9240"}],"wp:term":[{"taxonomy":"product_brand","embeddable":true,"href":"https:\/\/antcube.shop\/pl\/wp-json\/wp\/v2\/product_brand?post=9240"},{"taxonomy":"product_cat","embeddable":true,"href":"https:\/\/antcube.shop\/pl\/wp-json\/wp\/v2\/product_cat?post=9240"},{"taxonomy":"product_tag","embeddable":true,"href":"https:\/\/antcube.shop\/pl\/wp-json\/wp\/v2\/product_tag?post=9240"}],"curies":[{"name":"wp","href":"https:\/\/api.w.org\/{rel}","templated":true}]}}