{"id":9237,"date":"2024-09-17T14:32:30","date_gmt":"2024-09-17T12:32:30","guid":{"rendered":"https:\/\/antcube.shop\/en\/product\/antcube-arena-20x10x10-lang\/"},"modified":"2026-04-23T09:47:16","modified_gmt":"2026-04-23T07:47:16","slug":"antcube-arena-20x10x10-long","status":"publish","type":"product","link":"https:\/\/antcube.shop\/pl\/produkt\/antcube-arena-20x10x10-long\/","title":{"rendered":"ANTCUBE - arena 20x10x10 - d\u0142uga"},"content":{"rendered":"<p><strong>Wielko\u015b\u0107:<\/strong> 200 x 100 x 100 mm; grubo\u015b\u0107: 4 mm<\/p>\n<p><strong>Materia\u0142:<\/strong> szk\u0142o float<\/p>\n<p><strong>Adapter:<\/strong> 2x wiercenie 27 mm<\/p>\n<p><strong>Opis:<\/strong><br \/>\nSzklana umywalka 40x20x20 cm z otworami 2x 27 mm<br \/>\nWiercenie (jego \u015brodek) znajduje si\u0119 na wysoko\u015bci 3 cm.<\/p>\n<p><strong>Uwaga:<\/strong> Szk\u0142o jest ci\u0119te zgodnie z DIN 1249 z tolerancj\u0105 +\/- 1mm. W przypadku wyj\u0105tkowo ma\u0142ych gatunk\u00f3w mr\u00f3wek konieczna jest dodatkowa ochrona przed ucieczk\u0105.<\/p>","protected":false},"excerpt":{"rendered":"<p><strong>Po\u0142\u0105czenie:<\/strong> 2x otw\u00f3r 27 mm<\/p>\n<p><strong>Wielko\u015b\u0107:<\/strong> S, M, L, XL<\/p>","protected":false},"featured_media":9494,"comment_status":"open","ping_status":"closed","template":"","meta":{"_acf_changed":false,"content-type":"","_monsterinsights_skip_tracking":false,"_monsterinsights_sitenote_active":false,"_monsterinsights_sitenote_note":"","_monsterinsights_sitenote_category":0},"product_brand":[],"product_cat":[85,86],"product_tag":[],"class_list":{"0":"post-9237","1":"product","2":"type-product","3":"status-publish","4":"has-post-thumbnail","6":"product_cat-ant-arenas","7":"product_cat-formicariums","9":"first","10":"instock","11":"taxable","12":"shipping-taxable","13":"purchasable","14":"product-type-simple"},"acf":[],"aioseo_notices":[],"jetpack_sharing_enabled":true,"_links":{"self":[{"href":"https:\/\/antcube.shop\/pl\/wp-json\/wp\/v2\/product\/9237","targetHints":{"allow":["GET"]}}],"collection":[{"href":"https:\/\/antcube.shop\/pl\/wp-json\/wp\/v2\/product"}],"about":[{"href":"https:\/\/antcube.shop\/pl\/wp-json\/wp\/v2\/types\/product"}],"replies":[{"embeddable":true,"href":"https:\/\/antcube.shop\/pl\/wp-json\/wp\/v2\/comments?post=9237"}],"wp:featuredmedia":[{"embeddable":true,"href":"https:\/\/antcube.shop\/pl\/wp-json\/wp\/v2\/media\/9494"}],"wp:attachment":[{"href":"https:\/\/antcube.shop\/pl\/wp-json\/wp\/v2\/media?parent=9237"}],"wp:term":[{"taxonomy":"product_brand","embeddable":true,"href":"https:\/\/antcube.shop\/pl\/wp-json\/wp\/v2\/product_brand?post=9237"},{"taxonomy":"product_cat","embeddable":true,"href":"https:\/\/antcube.shop\/pl\/wp-json\/wp\/v2\/product_cat?post=9237"},{"taxonomy":"product_tag","embeddable":true,"href":"https:\/\/antcube.shop\/pl\/wp-json\/wp\/v2\/product_tag?post=9237"}],"curies":[{"name":"wp","href":"https:\/\/api.w.org\/{rel}","templated":true}]}}