{"id":9236,"date":"2024-09-17T14:31:58","date_gmt":"2024-09-17T12:31:58","guid":{"rendered":"https:\/\/antcube.shop\/en\/product\/ameisenarena-rahmen-20x10\/"},"modified":"2026-03-31T12:29:33","modified_gmt":"2026-03-31T10:29:33","slug":"rama-areny-mrowek-20x10","status":"publish","type":"product","link":"https:\/\/antcube.shop\/pl\/produkt\/rama-areny-mrowek-20x10\/","title":{"rendered":"Rama areny mr\u00f3wek 20\u00d710"},"content":{"rendered":"<p><strong>Wymiary (LxWxH):<\/strong> 20x10x0,4 cm<\/p>\n<p><strong>Materia\u0142:<\/strong> Szk\u0142o float<\/p>\n<p><strong>Kolor:<\/strong> bezbarwny \/ przezroczysty<\/p>\n<p><strong>Tre\u015b\u0107:<\/strong><br \/>\n1x rama areny mr\u00f3wek<\/p>\n<p><strong>Opis:<\/strong><br \/>\nSzklana rama do areny dla mr\u00f3wek jako ochrona przed ucieczk\u0105.<\/p>\n<p><strong>Zastosowanie:<\/strong><br \/>\nRama mrowiska to rama wykonana ze szk\u0142a, kt\u00f3r\u0105 umieszcza si\u0119 na mrowisku i kt\u00f3ra od spodu jest pokryta \u015brodkiem zapobiegaj\u0105cym wydostawaniu si\u0119 mr\u00f3wek (olejem, proszkiem lub lakierem).<\/p>\n<p><strong>Zawiadomienie:<\/strong><br \/>\nPoniewa\u017c artyku\u0142 jest wykonany ze szk\u0142a i dlatego jest delikatny, nale\u017cy si\u0119 z nim obchodzi\u0107 bardzo ostro\u017cnie. Szk\u0142o jest ci\u0119te zgodnie z norm\u0105 DIN 1249 z tolerancj\u0105 +\/- 1mm. W przypadku wyj\u0105tkowo ma\u0142ych gatunk\u00f3w mr\u00f3wek konieczna jest dodatkowa ochrona przed wy\u0142amaniem.<\/p>","protected":false},"excerpt":{"rendered":"<p>Wymiary (d\u0142. x szer. x wys.): 60 x 30 x 0,4 cm Materia\u0142: Szk\u0142o float Kolor: bezbarwny \/ przezroczysty Zawarto\u015b\u0107: 1x Ramka na aren\u0119 dla mr\u00f3wek Opis: Ramka ze szk\u0142a do areny dla mr\u00f3wek jako ochrona przed ucieczk\u0105. Zastosowanie: Ramka na mr\u00f3wki to ramka wykonana ze szk\u0142a, kt\u00f3r\u0105 umieszcza si\u0119 na arenie dla mr\u00f3wek i kt\u00f3ra jest wyposa\u017cona w zabezpieczenie przed st\u0142uczeniem (olej, proszek).","protected":false},"featured_media":9498,"comment_status":"open","ping_status":"closed","template":"","meta":{"_acf_changed":false,"content-type":"","_monsterinsights_skip_tracking":false,"_monsterinsights_sitenote_active":false,"_monsterinsights_sitenote_note":"","_monsterinsights_sitenote_category":0},"product_brand":[],"product_cat":[91,93],"product_tag":[],"class_list":{"0":"post-9236","1":"product","2":"type-product","3":"status-publish","4":"has-post-thumbnail","6":"product_cat-formicarium-modules","7":"product_cat-arena-frame","9":"first","10":"instock","11":"taxable","12":"shipping-taxable","13":"purchasable","14":"product-type-simple"},"acf":[],"aioseo_notices":[],"jetpack_sharing_enabled":true,"_links":{"self":[{"href":"https:\/\/antcube.shop\/pl\/wp-json\/wp\/v2\/product\/9236","targetHints":{"allow":["GET"]}}],"collection":[{"href":"https:\/\/antcube.shop\/pl\/wp-json\/wp\/v2\/product"}],"about":[{"href":"https:\/\/antcube.shop\/pl\/wp-json\/wp\/v2\/types\/product"}],"replies":[{"embeddable":true,"href":"https:\/\/antcube.shop\/pl\/wp-json\/wp\/v2\/comments?post=9236"}],"wp:featuredmedia":[{"embeddable":true,"href":"https:\/\/antcube.shop\/pl\/wp-json\/wp\/v2\/media\/9498"}],"wp:attachment":[{"href":"https:\/\/antcube.shop\/pl\/wp-json\/wp\/v2\/media?parent=9236"}],"wp:term":[{"taxonomy":"product_brand","embeddable":true,"href":"https:\/\/antcube.shop\/pl\/wp-json\/wp\/v2\/product_brand?post=9236"},{"taxonomy":"product_cat","embeddable":true,"href":"https:\/\/antcube.shop\/pl\/wp-json\/wp\/v2\/product_cat?post=9236"},{"taxonomy":"product_tag","embeddable":true,"href":"https:\/\/antcube.shop\/pl\/wp-json\/wp\/v2\/product_tag?post=9236"}],"curies":[{"name":"wp","href":"https:\/\/api.w.org\/{rel}","templated":true}]}}