{"id":9234,"date":"2024-09-17T14:31:14","date_gmt":"2024-09-17T12:31:14","guid":{"rendered":"https:\/\/antcube.shop\/en\/product\/ameisenarena-lufter-50mm\/"},"modified":"2026-04-05T17:10:30","modified_gmt":"2026-04-05T15:10:30","slug":"wentylator-ant-arena-50mm","status":"publish","type":"product","link":"https:\/\/antcube.shop\/pl\/produkt\/wentylator-ant-arena-50mm\/","title":{"rendered":"Ant Arena - wentylator 50 mm"},"content":{"rendered":"<p><span data-text-color=\"alert\"><strong>Wysy\u0142ka mo\u017cliwa tylko na terenie Niemiec!<\/strong><\/span><\/p>\n<p><strong>Zawarto\u015b\u0107:<\/strong><br \/>\n- Wentylator 42 mm<br \/>\n- Wk\u0142adka kratki 50 mm - przezroczysta<br \/>\n- Wtyczka \/ z\u0142\u0105cze<\/p>\n<p><strong>Dane techniczne:<\/strong><br \/>\nMoc: 1W<br \/>\nNapi\u0119cie: 12 V<br \/>\nD\u0142ugo\u015b\u0107 kabla: 10 cm<br \/>\nZakres temperatur -10 - +60 \u00b0C<br \/>\n\u017bywotno\u015b\u0107 50 000 h<br \/>\nNat\u0119\u017cenie przep\u0142ywu powietrza 10 m\u00b3\/h (z do\u0142\u0105czon\u0105 kratk\u0105, nat\u0119\u017cenie przep\u0142ywu zmniejsza si\u0119 w zale\u017cno\u015bci od wielko\u015bci otworu)<\/p>\n<p><strong>Materia\u0142:<\/strong> plastik<\/p>\n<p><strong>Kolor:<\/strong> bia\u0142y \/ przezroczysty<\/p>\n<p><strong>Opis:<\/strong><br \/>\nAby wentylowa\u0107 mrowisko, wentylator ten mo\u017cna pod\u0142\u0105czy\u0107 bezpo\u015brednio do pokrywy mrowiska.<\/p>\n<p><strong>Informacje o \u015brodowisku:<\/strong><br \/>\nMo\u017ce by\u0107 wymagana specjalna utylizacja. Prosimy o kontakt z lokalnymi w\u0142adzami.<br \/>\nWi\u0119cej informacji:<\/p>\n<blockquote class=\"wp-embedded-content\" data-secret=\"E5wsFkHgL8\"><p><a href=\"https:\/\/antcube.shop\/en\/electrical-devices-act\/\">Ustawa o urz\u0105dzeniach elektrycznych<\/a><\/p><\/blockquote>\n<p><iframe loading=\"lazy\" class=\"wp-embedded-content\" sandbox=\"allow-scripts\" security=\"restricted\" style=\"position: absolute; visibility: hidden;\" title=\"&quot;Ustawa o urz\u0105dzeniach elektrycznych&quot; - ANTCUBE\" src=\"https:\/\/antcube.shop\/en\/electrical-devices-act\/embed\/#?secret=BvHuHVTyVI#?secret=E5wsFkHgL8\" data-secret=\"E5wsFkHgL8\" width=\"600\" height=\"338\" frameborder=\"0\" marginwidth=\"0\" marginheight=\"0\" scrolling=\"no\"><\/iframe><\/p>\n<p>&nbsp;<\/p>\n<p>Ten artyku\u0142 jest zarejestrowany zgodnie z WEEE-Reg. DE 54590387.<\/p>\n<p>&nbsp;<\/p>","protected":false},"excerpt":{"rendered":"<p>Wysy\u0142ka mo\u017cliwa tylko na terenie Niemiec! Zawarto\u015b\u0107: - Wentylator 42 mm - Wk\u0142ad kratki 50 mm - przezroczysty - Wtyczka \/ z\u0142\u0105cze Dane techniczne: Moc: 1W Napi\u0119cie: 12V D\u0142ugo\u015b\u0107 kabla: 10 cm Zakres temperatur -10 - +60 \u00b0C \u017bywotno\u015b\u0107 50 000 h Przep\u0142yw powietrza 10 m\u00b3\/h (z mocowaniem kratki, przep\u0142yw zmniejsza si\u0119 w zale\u017cno\u015bci [...]","protected":false},"featured_media":9512,"comment_status":"open","ping_status":"closed","template":"","meta":{"_acf_changed":false,"content-type":"","_monsterinsights_skip_tracking":false,"_monsterinsights_sitenote_active":false,"_monsterinsights_sitenote_note":"","_monsterinsights_sitenote_category":0},"product_brand":[],"product_cat":[359,119],"product_tag":[],"class_list":{"0":"post-9234","1":"product","2":"type-product","3":"status-publish","4":"has-post-thumbnail","6":"product_cat-light-heat-humidity","7":"product_cat-formicarium-components","9":"first","10":"instock","11":"taxable","12":"shipping-taxable","13":"purchasable","14":"product-type-simple"},"acf":[],"aioseo_notices":[],"jetpack_sharing_enabled":true,"_links":{"self":[{"href":"https:\/\/antcube.shop\/pl\/wp-json\/wp\/v2\/product\/9234","targetHints":{"allow":["GET"]}}],"collection":[{"href":"https:\/\/antcube.shop\/pl\/wp-json\/wp\/v2\/product"}],"about":[{"href":"https:\/\/antcube.shop\/pl\/wp-json\/wp\/v2\/types\/product"}],"replies":[{"embeddable":true,"href":"https:\/\/antcube.shop\/pl\/wp-json\/wp\/v2\/comments?post=9234"}],"wp:featuredmedia":[{"embeddable":true,"href":"https:\/\/antcube.shop\/pl\/wp-json\/wp\/v2\/media\/9512"}],"wp:attachment":[{"href":"https:\/\/antcube.shop\/pl\/wp-json\/wp\/v2\/media?parent=9234"}],"wp:term":[{"taxonomy":"product_brand","embeddable":true,"href":"https:\/\/antcube.shop\/pl\/wp-json\/wp\/v2\/product_brand?post=9234"},{"taxonomy":"product_cat","embeddable":true,"href":"https:\/\/antcube.shop\/pl\/wp-json\/wp\/v2\/product_cat?post=9234"},{"taxonomy":"product_tag","embeddable":true,"href":"https:\/\/antcube.shop\/pl\/wp-json\/wp\/v2\/product_tag?post=9234"}],"curies":[{"name":"wp","href":"https:\/\/api.w.org\/{rel}","templated":true}]}}