{"id":9233,"date":"2024-09-17T14:30:50","date_gmt":"2024-09-17T12:30:50","guid":{"rendered":"https:\/\/antcube.shop\/en\/product\/ameisenarena-lufter-set-50mm-mit-netzgerat\/"},"modified":"2026-04-02T18:12:07","modified_gmt":"2026-04-02T16:12:07","slug":"ameisenarena-lufter-set-50mm-mit-netzgerat","status":"publish","type":"product","link":"https:\/\/antcube.shop\/pl\/produkt\/ameisenarena-lufter-set-50mm-mit-netzgerat\/","title":{"rendered":"Ant Arena - zestaw wentylator\u00f3w 50mm z zasilaczem"},"content":{"rendered":"<p><span data-text-color=\"alert\"><strong>Wysy\u0142ka mo\u017cliwa tylko na terenie Niemiec!<\/strong><\/span><\/p>\n<p><strong>Zawarto\u015b\u0107:<\/strong><br \/>\n- Wentylator 42 mm<br \/>\n- na wk\u0142adce kratki 50 mm - przezroczysta<br \/>\n- Jednostka zasilaj\u0105ca<br \/>\n- Wtyczka \/ z\u0142\u0105cze<\/p>\n<p><strong>Dane techniczne:<\/strong><br \/>\nWyj\u015bcie zasilacza: 2,5 A (12 W)<br \/>\nNapi\u0119cie wej\u015bciowe: 100V-240V<br \/>\nNapi\u0119cie wyj\u015bciowe: 5V<br \/>\nD\u0142ugo\u015b\u0107 kabla: 10 cm (wentylator)<br \/>\nD\u0142ugo\u015b\u0107 kabla: 90 cm (zasilacz)<br \/>\nMoc wentylatora 1 W<br \/>\nZakres temperatur -10 - +60 \u00b0C<br \/>\n\u017bywotno\u015b\u0107 50 000 h<br \/>\nNat\u0119\u017cenie przep\u0142ywu powietrza 10 m\u00b3\/h (z do\u0142\u0105czon\u0105 kratk\u0105, nat\u0119\u017cenie przep\u0142ywu zmniejsza si\u0119 w zale\u017cno\u015bci od wielko\u015bci otworu)<\/p>\n<p><strong>Wymiary:<\/strong> 5 x 5 x 1 cm (wentylator)<\/p>\n<p><strong>Materia\u0142:<\/strong> plastik<\/p>\n<p><strong>Kolor:<\/strong> przezroczysty, p\u00f3\u0142przezroczysty (wentylator); czarny (zasilacz)<\/p>\n<p><strong>Opis:<\/strong><br \/>\nWentylacja jest szczeg\u00f3lnie wa\u017cna w celu uzyskania jak najbardziej naturalnego klimatu w formikarium i zapobiegania rozwojowi ple\u015bni. Wentylator mo\u017cna zamontowa\u0107 za pomoc\u0105 czterech otwor\u00f3w na \u015bruby lub przymocowa\u0107 za pomoc\u0105 silikonu lub kleju do plastiku. Silnik pracuje niemal bezg\u0142o\u015bnie i bez wibracji.<\/p>\n<p><strong>Informacje o \u015brodowisku:<\/strong><br \/>\nMo\u017ce by\u0107 wymagana specjalna utylizacja. Prosimy o kontakt z lokalnymi w\u0142adzami.<br \/>\nWi\u0119cej informacji:<\/p>\n<blockquote class=\"wp-embedded-content\" data-secret=\"jOGF5OPQCF\"><p><a href=\"https:\/\/antcube.shop\/en\/electrical-devices-act\/\">Ustawa o urz\u0105dzeniach elektrycznych<\/a><\/p><\/blockquote>\n<p><iframe loading=\"lazy\" class=\"wp-embedded-content\" sandbox=\"allow-scripts\" security=\"restricted\" style=\"position: absolute; visibility: hidden;\" title=\"&quot;Ustawa o urz\u0105dzeniach elektrycznych&quot; - ANTCUBE\" src=\"https:\/\/antcube.shop\/en\/electrical-devices-act\/embed\/#?secret=NfRYQNwKWB#?secret=jOGF5OPQCF\" data-secret=\"jOGF5OPQCF\" width=\"600\" height=\"338\" frameborder=\"0\" marginwidth=\"0\" marginheight=\"0\" scrolling=\"no\"><\/iframe><\/p>","protected":false},"excerpt":{"rendered":"<p>Shipping only possible in Germany! Contents: &#8211; Fan 42mm &#8211; on grille insert 50mm &#8211; transparent &#8211; Power supply unit &#8211; Plug \/ connector Technical specifications: Power supply unit output: 2.5 A (12W) Voltage input: 100V-240V Voltage output: 5V Cable length: 10 cm (fan) Cable length: 90 cm (power supply unit) Power fan 1 W [&#8230;]","protected":false},"featured_media":9507,"comment_status":"open","ping_status":"closed","template":"","meta":{"_acf_changed":false,"content-type":"","_monsterinsights_skip_tracking":false,"_monsterinsights_sitenote_active":false,"_monsterinsights_sitenote_note":"","_monsterinsights_sitenote_category":0},"product_brand":[],"product_cat":[359,119],"product_tag":[],"class_list":{"0":"post-9233","1":"product","2":"type-product","3":"status-publish","4":"has-post-thumbnail","6":"product_cat-light-heat-humidity","7":"product_cat-formicarium-components","9":"first","10":"outofstock","11":"taxable","12":"shipping-taxable","13":"purchasable","14":"product-type-simple"},"acf":[],"aioseo_notices":[],"jetpack_sharing_enabled":true,"_links":{"self":[{"href":"https:\/\/antcube.shop\/pl\/wp-json\/wp\/v2\/product\/9233","targetHints":{"allow":["GET"]}}],"collection":[{"href":"https:\/\/antcube.shop\/pl\/wp-json\/wp\/v2\/product"}],"about":[{"href":"https:\/\/antcube.shop\/pl\/wp-json\/wp\/v2\/types\/product"}],"replies":[{"embeddable":true,"href":"https:\/\/antcube.shop\/pl\/wp-json\/wp\/v2\/comments?post=9233"}],"wp:featuredmedia":[{"embeddable":true,"href":"https:\/\/antcube.shop\/pl\/wp-json\/wp\/v2\/media\/9507"}],"wp:attachment":[{"href":"https:\/\/antcube.shop\/pl\/wp-json\/wp\/v2\/media?parent=9233"}],"wp:term":[{"taxonomy":"product_brand","embeddable":true,"href":"https:\/\/antcube.shop\/pl\/wp-json\/wp\/v2\/product_brand?post=9233"},{"taxonomy":"product_cat","embeddable":true,"href":"https:\/\/antcube.shop\/pl\/wp-json\/wp\/v2\/product_cat?post=9233"},{"taxonomy":"product_tag","embeddable":true,"href":"https:\/\/antcube.shop\/pl\/wp-json\/wp\/v2\/product_tag?post=9233"}],"curies":[{"name":"wp","href":"https:\/\/api.w.org\/{rel}","templated":true}]}}