{"id":9231,"date":"2024-09-17T14:30:07","date_gmt":"2024-09-17T12:30:07","guid":{"rendered":"https:\/\/antcube.shop\/en\/product\/antcube-arena-60x30x30-lang\/"},"modified":"2026-04-02T09:54:10","modified_gmt":"2026-04-02T07:54:10","slug":"antcube-arena-60x30x30-szeroka","status":"publish","type":"product","link":"https:\/\/antcube.shop\/pl\/produkt\/antcube-arena-60x30x30-szeroka\/","title":{"rendered":"ANTCUBE - Arena 60x30x30 - szeroki"},"content":{"rendered":"<p><span data-text-color=\"alert\"><strong>Wysy\u0142ka mo\u017cliwa tylko przez GO! na terenie Niemiec lub palet\u0105 na terenie Europy (bez wysp).<\/strong><\/span><\/p>\n<p><strong>Wymiary:<\/strong> 600 x 300 x 300 mm; grubo\u015b\u0107 szk\u0142a 4 mm<\/p>\n<p><strong>Materia\u0142:<\/strong> Szk\u0142o float<\/p>\n<p><strong>Po\u0142\u0105czenie:<\/strong> 2x otw\u00f3r 50 mm<\/p>\n<p><strong>Opis:<\/strong><br \/>\nSzklana umywalka 60x30x30 cm z otworem 2x 50 mm<br \/>\nOtw\u00f3r (punkt \u015brodkowy) znajduje si\u0119 na wysoko\u015bci 3 cm.<\/p>\n<p><strong>Uwaga:<\/strong> Szk\u0142o jest ci\u0119te zgodnie z DIN 1249 z tolerancj\u0105 +\/;- 1mm. W przypadku wyj\u0105tkowo ma\u0142ych gatunk\u00f3w mr\u00f3wek konieczne jest dodatkowe zabezpieczenie przed ucieczk\u0105 mr\u00f3wek.<\/p>","protected":false},"excerpt":{"rendered":"<p><strong>Po\u0142\u0105czenie:<\/strong> 2x otw\u00f3r 50 mm<\/p>\n<p><strong>Wielko\u015b\u0107:<\/strong> S, M, L, XL<\/p>","protected":false},"featured_media":9517,"comment_status":"open","ping_status":"closed","template":"","meta":{"_acf_changed":false,"content-type":"","_monsterinsights_skip_tracking":false,"_monsterinsights_sitenote_active":false,"_monsterinsights_sitenote_note":"","_monsterinsights_sitenote_category":0},"product_brand":[],"product_cat":[85,86],"product_tag":[],"class_list":{"0":"post-9231","1":"product","2":"type-product","3":"status-publish","4":"has-post-thumbnail","6":"product_cat-ant-arenas","7":"product_cat-formicariums","8":"product_shipping_class-fragile","10":"first","11":"instock","12":"taxable","13":"shipping-taxable","14":"purchasable","15":"product-type-simple"},"acf":[],"aioseo_notices":[],"jetpack_sharing_enabled":true,"_links":{"self":[{"href":"https:\/\/antcube.shop\/pl\/wp-json\/wp\/v2\/product\/9231","targetHints":{"allow":["GET"]}}],"collection":[{"href":"https:\/\/antcube.shop\/pl\/wp-json\/wp\/v2\/product"}],"about":[{"href":"https:\/\/antcube.shop\/pl\/wp-json\/wp\/v2\/types\/product"}],"replies":[{"embeddable":true,"href":"https:\/\/antcube.shop\/pl\/wp-json\/wp\/v2\/comments?post=9231"}],"wp:featuredmedia":[{"embeddable":true,"href":"https:\/\/antcube.shop\/pl\/wp-json\/wp\/v2\/media\/9517"}],"wp:attachment":[{"href":"https:\/\/antcube.shop\/pl\/wp-json\/wp\/v2\/media?parent=9231"}],"wp:term":[{"taxonomy":"product_brand","embeddable":true,"href":"https:\/\/antcube.shop\/pl\/wp-json\/wp\/v2\/product_brand?post=9231"},{"taxonomy":"product_cat","embeddable":true,"href":"https:\/\/antcube.shop\/pl\/wp-json\/wp\/v2\/product_cat?post=9231"},{"taxonomy":"product_tag","embeddable":true,"href":"https:\/\/antcube.shop\/pl\/wp-json\/wp\/v2\/product_tag?post=9231"}],"curies":[{"name":"wp","href":"https:\/\/api.w.org\/{rel}","templated":true}]}}