{"id":9229,"date":"2024-09-17T14:29:20","date_gmt":"2024-09-17T12:29:20","guid":{"rendered":"https:\/\/antcube.shop\/en\/product\/antcube-ameisenarenaeinsatz-m-20x10\/"},"modified":"2026-03-09T17:40:16","modified_gmt":"2026-03-09T16:40:16","slug":"antcube-ant-arena-insert-m-20x10","status":"publish","type":"product","link":"https:\/\/antcube.shop\/pl\/produkt\/antcube-ant-arena-insert-m-20x10\/","title":{"rendered":"Wk\u0142adka do ANTCUBE ant arena - M - 20\u00d720"},"content":{"rendered":"<p><strong>Wymiary:<\/strong><br \/>\nna zewn\u0105trz: 190 x 18 x 76 mm<br \/>\nwn\u0119trze: 184 x 10 x 69 mm<\/p>\n<p><strong>Materia\u0142:<\/strong> szk\u0142o float<\/p>\n<p><strong>Kolor:<\/strong> przezroczysty<\/p>\n<p><strong>Zawarto\u015b\u0107:<\/strong><br \/>\n1x wk\u0142adka do areny mr\u00f3wek<br \/>\n1x pokrywa<br \/>\n1x punkty mocowania 2 szt.<\/p>\n<p><strong>Opis:<\/strong><br \/>\nTa wk\u0142adka l\u0119gowa mo\u017ce by\u0107 umieszczona w arenie dla mr\u00f3wek ANTCUBE i wype\u0142niona materia\u0142em nadaj\u0105cym si\u0119 do kopania (np. mieszank\u0105 piasku i gliny lub Digfix). Szczeg\u00f3ln\u0105 cech\u0105 jest to, \u017ce mo\u017cna go \u0142atwo usun\u0105\u0107 z areny, np. w celu przezimowania z mr\u00f3wkami. W dolnej cz\u0119\u015bci znajduj\u0105 si\u0119 dwa otwory o \u015brednicy 10 mm s\u0142u\u017c\u0105ce do wchodzenia i wychodzenia oraz do wentylacji. Na czas zimowania mo\u017cna je za\u015blepi\u0107 korkami o \u015brednicy 10 mm (nie s\u0105 one do\u0142\u0105czone do zestawu).<\/p>\n<p><strong>Uwaga:<\/strong> Szk\u0142o jest ci\u0119te na wymiar zgodnie z norm\u0105 DIN 1249 z tolerancj\u0105 +\/- 1 mm. Dodatkowa ochrona przed wy\u0142amaniem jest niezb\u0119dna w przypadku wyj\u0105tkowo ma\u0142ych gatunk\u00f3w mr\u00f3wek.<\/p>","protected":false},"excerpt":{"rendered":"<p>Wielko\u015b\u0107: <span style=\"color: #008000;\"><strong>M<\/strong><\/span><\/p>","protected":false},"featured_media":9523,"comment_status":"open","ping_status":"closed","template":"","meta":{"_acf_changed":false,"content-type":"","_monsterinsights_skip_tracking":false,"_monsterinsights_sitenote_active":false,"_monsterinsights_sitenote_note":"","_monsterinsights_sitenote_category":0},"product_brand":[],"product_cat":[91,94],"product_tag":[],"class_list":{"0":"post-9229","1":"product","2":"type-product","3":"status-publish","4":"has-post-thumbnail","6":"product_cat-formicarium-modules","7":"product_cat-arena-inset","9":"first","10":"instock","11":"taxable","12":"shipping-taxable","13":"purchasable","14":"product-type-simple"},"acf":[],"aioseo_notices":[],"jetpack_sharing_enabled":true,"_links":{"self":[{"href":"https:\/\/antcube.shop\/pl\/wp-json\/wp\/v2\/product\/9229","targetHints":{"allow":["GET"]}}],"collection":[{"href":"https:\/\/antcube.shop\/pl\/wp-json\/wp\/v2\/product"}],"about":[{"href":"https:\/\/antcube.shop\/pl\/wp-json\/wp\/v2\/types\/product"}],"replies":[{"embeddable":true,"href":"https:\/\/antcube.shop\/pl\/wp-json\/wp\/v2\/comments?post=9229"}],"wp:featuredmedia":[{"embeddable":true,"href":"https:\/\/antcube.shop\/pl\/wp-json\/wp\/v2\/media\/9523"}],"wp:attachment":[{"href":"https:\/\/antcube.shop\/pl\/wp-json\/wp\/v2\/media?parent=9229"}],"wp:term":[{"taxonomy":"product_brand","embeddable":true,"href":"https:\/\/antcube.shop\/pl\/wp-json\/wp\/v2\/product_brand?post=9229"},{"taxonomy":"product_cat","embeddable":true,"href":"https:\/\/antcube.shop\/pl\/wp-json\/wp\/v2\/product_cat?post=9229"},{"taxonomy":"product_tag","embeddable":true,"href":"https:\/\/antcube.shop\/pl\/wp-json\/wp\/v2\/product_tag?post=9229"}],"curies":[{"name":"wp","href":"https:\/\/api.w.org\/{rel}","templated":true}]}}