{"id":9223,"date":"2024-09-17T14:26:51","date_gmt":"2024-09-17T12:26:51","guid":{"rendered":"https:\/\/antcube.shop\/en\/product\/antcube-ameisenarenaeinsatz-xl-60x30\/"},"modified":"2026-03-03T21:23:19","modified_gmt":"2026-03-03T20:23:19","slug":"antcube-ant-arena-insert-xl-60x30","status":"publish","type":"product","link":"https:\/\/antcube.shop\/pl\/produkt\/antcube-ant-arena-insert-xl-60x30\/","title":{"rendered":"Wk\u0142adka do mrowiska ANTCUBE - XL - 60\u00d730"},"content":{"rendered":"<p><span data-text-color=\"alert\"><strong>Wysy\u0142ka mo\u017cliwa tylko przez GO! na terenie Niemiec lub palet\u0105 na terenie Europy (bez wysp).<\/strong><\/span><\/p>\n<p><strong>Wymiary:<\/strong><br \/>\nna zewn\u0105trz: 590 x 58 x 276 mm<br \/>\nWn\u0119trze: 584 x 50 x 269 mm<\/p>\n<p><strong>Materia\u0142:<\/strong> szk\u0142o float<\/p>\n<p><strong>Kolor:<\/strong> przezroczysty<\/p>\n<p><strong>Tre\u015b\u0107:<\/strong><br \/>\n1x wk\u0142adka do areny mr\u00f3wek<br \/>\n1x pokrywa<br \/>\n1x punkty mocowania 2 szt.<\/p>\n<p><strong>Opis:<\/strong><br \/>\nTa wk\u0142adka l\u0119gowa mo\u017ce by\u0107 umieszczona w arenie dla mr\u00f3wek ANTCUBE i wype\u0142niona materia\u0142em nadaj\u0105cym si\u0119 do kopania (np. mieszank\u0105 piasku i gliny lub Digfix). Szczeg\u00f3ln\u0105 cech\u0105 jest to, \u017ce mo\u017cna go \u0142atwo usun\u0105\u0107 z areny, np. w celu przezimowania z mr\u00f3wkami. W dolnej cz\u0119\u015bci znajduj\u0105 si\u0119 dwa otwory o \u015brednicy 10 mm s\u0142u\u017c\u0105ce do wchodzenia i wychodzenia oraz do wentylacji. Na czas zimowania mo\u017cna je za\u015blepi\u0107 korkami o \u015brednicy 10 mm (nie s\u0105 one do\u0142\u0105czone do zestawu).<\/p>\n<p><strong>Uwaga:<\/strong> Szk\u0142o jest ci\u0119te na wymiar zgodnie z norm\u0105 DIN 1249 z tolerancj\u0105 +\/- 1 mm. Dodatkowa ochrona przed wy\u0142amaniem jest niezb\u0119dna w przypadku wyj\u0105tkowo ma\u0142ych gatunk\u00f3w mr\u00f3wek.<\/p>","protected":false},"excerpt":{"rendered":"<p>Wielko\u015b\u0107: <span style=\"color: #ff0000;\"><strong>XL<\/strong><\/span><\/p>","protected":false},"featured_media":9535,"comment_status":"open","ping_status":"closed","template":"","meta":{"_acf_changed":false,"content-type":"","_monsterinsights_skip_tracking":false,"_monsterinsights_sitenote_active":false,"_monsterinsights_sitenote_note":"","_monsterinsights_sitenote_category":0},"product_brand":[],"product_cat":[91,94],"product_tag":[],"class_list":{"0":"post-9223","1":"product","2":"type-product","3":"status-publish","4":"has-post-thumbnail","6":"product_cat-formicarium-modules","7":"product_cat-arena-inset","8":"product_shipping_class-fragile","10":"first","11":"instock","12":"taxable","13":"shipping-taxable","14":"purchasable","15":"product-type-simple"},"acf":[],"aioseo_notices":[],"jetpack_sharing_enabled":true,"_links":{"self":[{"href":"https:\/\/antcube.shop\/pl\/wp-json\/wp\/v2\/product\/9223","targetHints":{"allow":["GET"]}}],"collection":[{"href":"https:\/\/antcube.shop\/pl\/wp-json\/wp\/v2\/product"}],"about":[{"href":"https:\/\/antcube.shop\/pl\/wp-json\/wp\/v2\/types\/product"}],"replies":[{"embeddable":true,"href":"https:\/\/antcube.shop\/pl\/wp-json\/wp\/v2\/comments?post=9223"}],"wp:featuredmedia":[{"embeddable":true,"href":"https:\/\/antcube.shop\/pl\/wp-json\/wp\/v2\/media\/9535"}],"wp:attachment":[{"href":"https:\/\/antcube.shop\/pl\/wp-json\/wp\/v2\/media?parent=9223"}],"wp:term":[{"taxonomy":"product_brand","embeddable":true,"href":"https:\/\/antcube.shop\/pl\/wp-json\/wp\/v2\/product_brand?post=9223"},{"taxonomy":"product_cat","embeddable":true,"href":"https:\/\/antcube.shop\/pl\/wp-json\/wp\/v2\/product_cat?post=9223"},{"taxonomy":"product_tag","embeddable":true,"href":"https:\/\/antcube.shop\/pl\/wp-json\/wp\/v2\/product_tag?post=9223"}],"curies":[{"name":"wp","href":"https:\/\/api.w.org\/{rel}","templated":true}]}}