{"id":9222,"date":"2024-09-17T14:26:28","date_gmt":"2024-09-17T12:26:28","guid":{"rendered":"https:\/\/antcube.shop\/en\/product\/antcube-ameisenfarm-xl-40x20-stehend\/"},"modified":"2026-03-09T18:09:35","modified_gmt":"2026-03-09T17:09:35","slug":"antcube-ant-farm-xl-40x20-upright","status":"publish","type":"product","link":"https:\/\/antcube.shop\/pl\/produkt\/antcube-ant-farm-xl-40x20-upright\/","title":{"rendered":"ANTCUBE - Farma mr\u00f3wek - XL - 40\u00d720 - pionowa"},"content":{"rendered":"<p><strong>Wymiary (LxWxH):<\/strong><br \/>\nna zewn\u0105trz: 390x58x299 mm<br \/>\nwn\u0119trze: 384x50x190 mm<\/p>\n<p><strong>Materia\u0142:<\/strong><br \/>\nSzk\u0142o float, tworzywo sztuczne<\/p>\n<p><strong>kolor:<\/strong><br \/>\nkrystalicznie czysty<\/p>\n<p><strong>Zawarto\u015b\u0107:<\/strong><br \/>\n1x farma mr\u00f3wek ANTCUBE - rozstaw p\u0142ytek 52 mm<br \/>\n1x os\u0142ona farmy mr\u00f3wek XL 40\u00d76<br \/>\n2x wtyki 4 mm<\/p>\n<p><strong>Po\u0142\u0105czenie:<\/strong><br \/>\nPo obu stronach znajduje si\u0119 otw\u00f3r 27 mm, dzi\u0119ki czemu farm\u0119 mo\u017cna pod\u0142\u0105czy\u0107 do w\u0119\u017ca 28 mm lub naszego \"z\u0142\u0105cza zbiornika z w\u0119\u017cem do otwor\u00f3w 27 mm\".<br \/>\n2x otwory 4mm z za\u015blepkami 4mm.<\/p>\n<p><strong>Opis:<\/strong><br \/>\nTa w pe\u0142ni przezroczysta hodowla mr\u00f3wek jest odpowiednia dla gatunk\u00f3w mr\u00f3wek wielko\u015bci L.<\/p>\n<p><strong>Uwagi dotycz\u0105ce produkcji<\/strong><br \/>\nSzk\u0142o jest ci\u0119te zgodnie z DIN 1249 z tolerancj\u0105 +\/;- 1mm. W przypadku wyj\u0105tkowo ma\u0142ych gatunk\u00f3w mr\u00f3wek konieczne jest dodatkowe zabezpieczenie przed ucieczk\u0105 mr\u00f3wek.<\/p>\n<p><strong>Wskaz\u00f3wki dotycz\u0105ce gospodarstwa<\/strong><br \/>\nPodczas pod\u0142\u0105czania rurek nale\u017cy pami\u0119ta\u0107 o nast\u0119puj\u0105cych kwestiach:<br \/>\nJe\u015bli w\u0105\u017c jest bardzo trudny do umieszczenia w gnie\u017adzie przy\u0142\u0105czeniowym, gniazdo nale\u017cy lekko natrze\u0107 kropl\u0105 naszego oleju lub proszku zabezpieczaj\u0105cego przed wyrwaniem. Nast\u0119pnie nale\u017cy wcisn\u0105\u0107 przew\u00f3d na gniazdo, wykonuj\u0105c ruchy skr\u0119caj\u0105ce lub wkr\u0119caj\u0105ce bez obci\u0105\u017cania gniazda ruchami w g\u00f3r\u0119 i w d\u00f3\u0142.<\/p>","protected":false},"excerpt":{"rendered":"<p><strong>Po\u0142\u0105czenie:<\/strong> Otw\u00f3r 27 mm<br \/>\n<strong>Gr\u00f6\u00dfe<\/strong>: <span style=\"font-size: small;\"><span style=\"font-family: Arial;\"><strong>XL<\/strong><\/span><\/span><\/p>","protected":false},"featured_media":9537,"comment_status":"open","ping_status":"closed","template":"","meta":{"_acf_changed":false,"content-type":"","_monsterinsights_skip_tracking":false,"_monsterinsights_sitenote_active":false,"_monsterinsights_sitenote_note":"","_monsterinsights_sitenote_category":0},"product_brand":[],"product_cat":[80,84],"product_tag":[],"class_list":{"0":"post-9222","1":"product","2":"type-product","3":"status-publish","4":"has-post-thumbnail","6":"product_cat-antfarms","7":"product_cat-antfarms-xl","9":"first","10":"instock","11":"taxable","12":"shipping-taxable","13":"purchasable","14":"product-type-simple"},"acf":[],"aioseo_notices":[],"jetpack_sharing_enabled":true,"_links":{"self":[{"href":"https:\/\/antcube.shop\/pl\/wp-json\/wp\/v2\/product\/9222","targetHints":{"allow":["GET"]}}],"collection":[{"href":"https:\/\/antcube.shop\/pl\/wp-json\/wp\/v2\/product"}],"about":[{"href":"https:\/\/antcube.shop\/pl\/wp-json\/wp\/v2\/types\/product"}],"replies":[{"embeddable":true,"href":"https:\/\/antcube.shop\/pl\/wp-json\/wp\/v2\/comments?post=9222"}],"wp:featuredmedia":[{"embeddable":true,"href":"https:\/\/antcube.shop\/pl\/wp-json\/wp\/v2\/media\/9537"}],"wp:attachment":[{"href":"https:\/\/antcube.shop\/pl\/wp-json\/wp\/v2\/media?parent=9222"}],"wp:term":[{"taxonomy":"product_brand","embeddable":true,"href":"https:\/\/antcube.shop\/pl\/wp-json\/wp\/v2\/product_brand?post=9222"},{"taxonomy":"product_cat","embeddable":true,"href":"https:\/\/antcube.shop\/pl\/wp-json\/wp\/v2\/product_cat?post=9222"},{"taxonomy":"product_tag","embeddable":true,"href":"https:\/\/antcube.shop\/pl\/wp-json\/wp\/v2\/product_tag?post=9222"}],"curies":[{"name":"wp","href":"https:\/\/api.w.org\/{rel}","templated":true}]}}