{"id":9220,"date":"2024-09-17T14:25:41","date_gmt":"2024-09-17T12:25:41","guid":{"rendered":"https:\/\/antcube.shop\/en\/product\/antcube-ameisenfarm-m-60x30-stehend\/"},"modified":"2026-03-20T10:38:52","modified_gmt":"2026-03-20T09:38:52","slug":"antcube-ant-farm-m-60x30-upright","status":"publish","type":"product","link":"https:\/\/antcube.shop\/pl\/produkt\/antcube-ant-farm-m-60x30-upright\/","title":{"rendered":"ANTCUBE - Farma mr\u00f3wek - M - 60\u00d730 - pionowa"},"content":{"rendered":"<p><strong>Wymiary (LxWxH):<\/strong><br \/>\nna zewn\u0105trz: 632x58x299 mm<br \/>\nwn\u0119trze: 584x10x290 mm<\/p>\n<p><strong>Materia\u0142:<\/strong><br \/>\nSzk\u0142o float, tworzywo sztuczne<\/p>\n<p><strong>kolor:<\/strong><br \/>\nkrystalicznie czysty<\/p>\n<p><strong>Zawarto\u015b\u0107:<\/strong><br \/>\n1x hodowla mr\u00f3wek ANTCUBE - odst\u0119p mi\u0119dzy p\u0142ytkami 10 mm<br \/>\n1x os\u0142ona na mr\u00f3wki M 60\u00d72<br \/>\n2x wtyki 4 mm<\/p>\n<p><strong>Po\u0142\u0105czenie:<\/strong><br \/>\n2x nasadka 8\/10 x 10mm<br \/>\n2x otwory 4mm z za\u015blepkami 4mm<\/p>\n<p><strong>Opis:<\/strong><br \/>\nTa w pe\u0142ni przezroczysta hodowla mr\u00f3wek jest odpowiednia dla mr\u00f3wek w rozmiarze M.<\/p>\n<p><strong>Uwagi dotycz\u0105ce produkcji<\/strong><br \/>\nSzk\u0142o jest ci\u0119te zgodnie z DIN 1249 z tolerancj\u0105 +\/;- 1mm. W przypadku wyj\u0105tkowo ma\u0142ych gatunk\u00f3w mr\u00f3wek konieczne jest dodatkowe zabezpieczenie przed ucieczk\u0105 mr\u00f3wek.<\/p>\n<p><strong>Wskaz\u00f3wki dotycz\u0105ce gospodarstwa<\/strong><br \/>\nPrzy zak\u0142adaniu i zdejmowaniu w\u0119\u017cy nale\u017cy przestrzega\u0107 nast\u0119puj\u0105cych wskaz\u00f3wek:<br \/>\nJe\u015bli w\u0105\u017c jest bardzo trudny do zamocowania w gnie\u017adzie przy\u0142\u0105czeniowym, gniazdo nale\u017cy lekko natrze\u0107 kropl\u0105 naszego oleju lub proszku zabezpieczaj\u0105cego przed wyrwaniem. Nast\u0119pnie w\u0105\u017c nale\u017cy wsun\u0105\u0107 do gniazda za pomoc\u0105 ruch\u00f3w obrotowych lub wkr\u0119caj\u0105cych, bez obci\u0105\u017cania gniazda ruchami w g\u00f3r\u0119 i w d\u00f3\u0142. To samo dotyczy zdejmowania w\u0119\u017cy z gniazda przy\u0142\u0105czeniowego. Nie nale\u017cy go po prostu \u015bci\u0105ga\u0107!<\/p>","protected":false},"excerpt":{"rendered":"<p><strong>Po\u0142\u0105czenie:<\/strong> Gniazdo 2x 8\/10 mm + pokrywa Rozstaw p\u0142ytek: Wewn\u0105trz 10 mm \/ na zewn\u0105trz 18 mm<\/p>\n<p><strong>Wielko\u015b\u0107:<\/strong> M<\/p>","protected":false},"featured_media":9542,"comment_status":"open","ping_status":"closed","template":"","meta":{"_acf_changed":false,"content-type":"","_monsterinsights_skip_tracking":false,"_monsterinsights_sitenote_active":false,"_monsterinsights_sitenote_note":"","_monsterinsights_sitenote_category":0},"product_brand":[],"product_cat":[80,82],"product_tag":[],"class_list":{"0":"post-9220","1":"product","2":"type-product","3":"status-publish","4":"has-post-thumbnail","6":"product_cat-antfarms","7":"product_cat-antfarms-m","9":"first","10":"instock","11":"taxable","12":"shipping-taxable","13":"purchasable","14":"product-type-simple"},"acf":[],"aioseo_notices":[],"jetpack_sharing_enabled":true,"_links":{"self":[{"href":"https:\/\/antcube.shop\/pl\/wp-json\/wp\/v2\/product\/9220","targetHints":{"allow":["GET"]}}],"collection":[{"href":"https:\/\/antcube.shop\/pl\/wp-json\/wp\/v2\/product"}],"about":[{"href":"https:\/\/antcube.shop\/pl\/wp-json\/wp\/v2\/types\/product"}],"replies":[{"embeddable":true,"href":"https:\/\/antcube.shop\/pl\/wp-json\/wp\/v2\/comments?post=9220"}],"wp:featuredmedia":[{"embeddable":true,"href":"https:\/\/antcube.shop\/pl\/wp-json\/wp\/v2\/media\/9542"}],"wp:attachment":[{"href":"https:\/\/antcube.shop\/pl\/wp-json\/wp\/v2\/media?parent=9220"}],"wp:term":[{"taxonomy":"product_brand","embeddable":true,"href":"https:\/\/antcube.shop\/pl\/wp-json\/wp\/v2\/product_brand?post=9220"},{"taxonomy":"product_cat","embeddable":true,"href":"https:\/\/antcube.shop\/pl\/wp-json\/wp\/v2\/product_cat?post=9220"},{"taxonomy":"product_tag","embeddable":true,"href":"https:\/\/antcube.shop\/pl\/wp-json\/wp\/v2\/product_tag?post=9220"}],"curies":[{"name":"wp","href":"https:\/\/api.w.org\/{rel}","templated":true}]}}