{"id":9215,"date":"2024-09-17T14:23:32","date_gmt":"2024-09-17T12:23:32","guid":{"rendered":"https:\/\/antcube.shop\/en\/product\/rote-abdeckplatte-30x30-liegend\/"},"modified":"2026-03-19T18:11:45","modified_gmt":"2026-03-19T17:11:45","slug":"czerwona-nakladka-30x30-pozioma","status":"publish","type":"product","link":"https:\/\/antcube.shop\/pl\/produkt\/czerwona-nakladka-30x30-pozioma\/","title":{"rendered":"Czerwona nak\u0142adka 30\u00d730 - pozioma"},"content":{"rendered":"<p><strong>Wymiary:<\/strong> 280 x 280 mm,<br \/>\nGrubo\u015b\u0107: 3 mm<br \/>\nWymiar zewn\u0119trzny pier\u015bcienia z otworem 56 mm - wymiar wewn\u0119trzny otworu 33 mm<\/p>\n<p><strong>Materia\u0142:<\/strong> PMMA<\/p>\n<p><strong>Kolor:<\/strong> ciemnoczerwony, przezroczysty<\/p>\n<p><strong>Tre\u015b\u0107:<\/strong> 1 szt.<\/p>\n<p><strong>Opis:<\/strong> Czerwona przezroczysta nak\u0142adka - pozioma, s\u0142u\u017cy do zapewnienia mr\u00f3wkom wra\u017cenia przebywania pod ziemi\u0105. Dlatego zalecamy stosowanie tego produktu przynajmniej cz\u0119\u015bciowo w obszarze gniazda. Przez pokryw\u0119 mo\u017cna nawet zobaczy\u0107 mr\u00f3wki w gnie\u017adzie.<\/p>\n<p>Ta pokrywa idealnie pasuje do naszego \"ANTCUBE - gniazdo gipsowe 30\u00d730 - poziome\".<\/p>","protected":false},"excerpt":{"rendered":"<p>Wymiary: 180 x 180 mm, Grubo\u015b\u0107: 3 mm Wymiar zewn\u0119trzny pier\u015bcienia otworu 56 mm - wymiar wewn\u0119trzny otworu 33 mm Materia\u0142: PMMA Kolor: ciemnoczerwony, przezroczysty Zawarto\u015b\u0107: 1 szt. Opis: Czerwona przezroczysta nak\u0142adka - pozioma, s\u0142u\u017cy do zapewnienia mr\u00f3wkom wra\u017cenia przebywania pod ziemi\u0105. Dlatego zalecamy u\u017cywanie tego produktu przynajmniej cz\u0119\u015bciowo w","protected":false},"featured_media":9552,"comment_status":"open","ping_status":"closed","template":"","meta":{"_acf_changed":false,"content-type":"","_monsterinsights_skip_tracking":false,"_monsterinsights_sitenote_active":false,"_monsterinsights_sitenote_note":"","_monsterinsights_sitenote_category":0},"product_brand":[],"product_cat":[119,239],"product_tag":[],"class_list":{"0":"post-9215","1":"product","2":"type-product","3":"status-publish","4":"has-post-thumbnail","6":"product_cat-formicarium-components","7":"product_cat-useful-additions","9":"first","10":"instock","11":"taxable","12":"shipping-taxable","13":"purchasable","14":"product-type-simple"},"acf":[],"aioseo_notices":[],"jetpack_sharing_enabled":true,"_links":{"self":[{"href":"https:\/\/antcube.shop\/pl\/wp-json\/wp\/v2\/product\/9215","targetHints":{"allow":["GET"]}}],"collection":[{"href":"https:\/\/antcube.shop\/pl\/wp-json\/wp\/v2\/product"}],"about":[{"href":"https:\/\/antcube.shop\/pl\/wp-json\/wp\/v2\/types\/product"}],"replies":[{"embeddable":true,"href":"https:\/\/antcube.shop\/pl\/wp-json\/wp\/v2\/comments?post=9215"}],"wp:featuredmedia":[{"embeddable":true,"href":"https:\/\/antcube.shop\/pl\/wp-json\/wp\/v2\/media\/9552"}],"wp:attachment":[{"href":"https:\/\/antcube.shop\/pl\/wp-json\/wp\/v2\/media?parent=9215"}],"wp:term":[{"taxonomy":"product_brand","embeddable":true,"href":"https:\/\/antcube.shop\/pl\/wp-json\/wp\/v2\/product_brand?post=9215"},{"taxonomy":"product_cat","embeddable":true,"href":"https:\/\/antcube.shop\/pl\/wp-json\/wp\/v2\/product_cat?post=9215"},{"taxonomy":"product_tag","embeddable":true,"href":"https:\/\/antcube.shop\/pl\/wp-json\/wp\/v2\/product_tag?post=9215"}],"curies":[{"name":"wp","href":"https:\/\/api.w.org\/{rel}","templated":true}]}}