{"id":9214,"date":"2024-09-17T14:22:38","date_gmt":"2024-09-17T12:22:38","guid":{"rendered":"https:\/\/antcube.shop\/en\/product\/primatenschadel\/"},"modified":"2026-04-06T13:19:12","modified_gmt":"2026-04-06T11:19:12","slug":"czaszka-naczelnego","status":"publish","type":"product","link":"https:\/\/antcube.shop\/pl\/produkt\/czaszka-naczelnego\/","title":{"rendered":"Czaszka naczelnego"},"content":{"rendered":"<p><strong>Wymiary:<\/strong> 14x12x12 cm<\/p>\n<p><strong>Opis:<\/strong> Te dekoracje wykonane z wytrzyma\u0142ej \u017cywicy syntetycznej s\u0105 niezwykle trwa\u0142e i nie mog\u0105 zosta\u0107 uszkodzone przez mr\u00f3wki. Mimo to wygl\u0105daj\u0105 bardzo naturalnie i atrakcyjnie.<\/p>\n<p><strong>Uwaga:<\/strong> Przed u\u017cyciem wyczy\u015b\u0107 pod bie\u017c\u0105c\u0105 wod\u0105!<\/p>","protected":false},"excerpt":{"rendered":"<p>Wymiary: 14x12x12 cm<\/p>","protected":false},"featured_media":9664,"comment_status":"open","ping_status":"closed","template":"","meta":{"_acf_changed":false,"content-type":"","_monsterinsights_skip_tracking":false,"_monsterinsights_sitenote_active":false,"_monsterinsights_sitenote_note":"","_monsterinsights_sitenote_category":0},"product_brand":[],"product_cat":[98],"product_tag":[],"class_list":{"0":"post-9214","1":"product","2":"type-product","3":"status-publish","4":"has-post-thumbnail","6":"product_cat-decoration","8":"first","9":"instock","10":"taxable","11":"shipping-taxable","12":"purchasable","13":"product-type-simple"},"acf":[],"aioseo_notices":[],"jetpack_sharing_enabled":true,"_links":{"self":[{"href":"https:\/\/antcube.shop\/pl\/wp-json\/wp\/v2\/product\/9214","targetHints":{"allow":["GET"]}}],"collection":[{"href":"https:\/\/antcube.shop\/pl\/wp-json\/wp\/v2\/product"}],"about":[{"href":"https:\/\/antcube.shop\/pl\/wp-json\/wp\/v2\/types\/product"}],"replies":[{"embeddable":true,"href":"https:\/\/antcube.shop\/pl\/wp-json\/wp\/v2\/comments?post=9214"}],"wp:featuredmedia":[{"embeddable":true,"href":"https:\/\/antcube.shop\/pl\/wp-json\/wp\/v2\/media\/9664"}],"wp:attachment":[{"href":"https:\/\/antcube.shop\/pl\/wp-json\/wp\/v2\/media?parent=9214"}],"wp:term":[{"taxonomy":"product_brand","embeddable":true,"href":"https:\/\/antcube.shop\/pl\/wp-json\/wp\/v2\/product_brand?post=9214"},{"taxonomy":"product_cat","embeddable":true,"href":"https:\/\/antcube.shop\/pl\/wp-json\/wp\/v2\/product_cat?post=9214"},{"taxonomy":"product_tag","embeddable":true,"href":"https:\/\/antcube.shop\/pl\/wp-json\/wp\/v2\/product_tag?post=9214"}],"curies":[{"name":"wp","href":"https:\/\/api.w.org\/{rel}","templated":true}]}}