{"id":9213,"date":"2024-09-17T14:22:15","date_gmt":"2024-09-17T12:22:15","guid":{"rendered":"https:\/\/antcube.shop\/en\/product\/tiger-aloe-10cm\/"},"modified":"2026-04-13T09:32:19","modified_gmt":"2026-04-13T07:32:19","slug":"aloes-tygrysi-10cm","status":"publish","type":"product","link":"https:\/\/antcube.shop\/pl\/produkt\/aloes-tygrysi-10cm\/","title":{"rendered":"Aloes tygrysi - 10 cm"},"content":{"rendered":"<p><strong>Wymiary:<\/strong> 99 x 95 x 105 mm<\/p>\n<p><strong>Materia\u0142:<\/strong> polimerobeton, glina, plastik<\/p>\n<p><strong>Kolor:<\/strong><br \/>\nPodstawa: szaro-zielona<br \/>\nRo\u015blina: zielona z czerwono-br\u0105zowymi ko\u0144c\u00f3wkami<\/p>\n<p><strong>Tre\u015b\u0107:<\/strong> 1 szt.<\/p>\n<p><strong>Opis:<\/strong> Tiger Aloe jest wykonany z wytrzyma\u0142ego tworzywa sztucznego i ma podstaw\u0119 z \u017cywicy syntetycznej o wygl\u0105dzie kamienia. Dzi\u0119ki temu jest niezwykle wytrzyma\u0142y i nie mo\u017ce zosta\u0107 uszkodzony przez mr\u00f3wki.<br \/>\nNiemniej jednak wygl\u0105da bardzo naturalnie i atrakcyjnie i mo\u017cna go \u0142atwo zintegrowa\u0107 z formikarium.<\/p>\n<p><strong>Uwaga:<\/strong> Przed u\u017cyciem wyczy\u015b\u0107 pod bie\u017c\u0105c\u0105 wod\u0105!<\/p>","protected":false},"excerpt":{"rendered":"<p>Wymiary: 99 x 95 x 105 mm Materia\u0142: polimerobeton, glina, plastik Kolor: Podstawa: szaro-zielona Ro\u015blina: zielona z czerwono-br\u0105zowymi ko\u0144c\u00f3wkami Zawarto\u015b\u0107: 1 sztuka Opis: Tiger Aloe jest wykonany z wytrzyma\u0142ego plastiku i ma podstaw\u0119 z \u017cywicy syntetycznej o wygl\u0105dzie kamienia. Dzi\u0119ki temu jest niezwykle trwa\u0142y i nie mo\u017ce zosta\u0107 uszkodzony przez mr\u00f3wki. Niemniej jednak","protected":false},"featured_media":9662,"comment_status":"open","ping_status":"closed","template":"","meta":{"_acf_changed":false,"content-type":"","_monsterinsights_skip_tracking":false,"_monsterinsights_sitenote_active":false,"_monsterinsights_sitenote_note":"","_monsterinsights_sitenote_category":0},"product_brand":[],"product_cat":[98,99],"product_tag":[],"class_list":{"0":"post-9213","1":"product","2":"type-product","3":"status-publish","4":"has-post-thumbnail","6":"product_cat-decoration","7":"product_cat-desert","9":"first","10":"instock","11":"taxable","12":"shipping-taxable","13":"purchasable","14":"product-type-simple"},"acf":[],"aioseo_notices":[],"jetpack_sharing_enabled":true,"_links":{"self":[{"href":"https:\/\/antcube.shop\/pl\/wp-json\/wp\/v2\/product\/9213","targetHints":{"allow":["GET"]}}],"collection":[{"href":"https:\/\/antcube.shop\/pl\/wp-json\/wp\/v2\/product"}],"about":[{"href":"https:\/\/antcube.shop\/pl\/wp-json\/wp\/v2\/types\/product"}],"replies":[{"embeddable":true,"href":"https:\/\/antcube.shop\/pl\/wp-json\/wp\/v2\/comments?post=9213"}],"wp:featuredmedia":[{"embeddable":true,"href":"https:\/\/antcube.shop\/pl\/wp-json\/wp\/v2\/media\/9662"}],"wp:attachment":[{"href":"https:\/\/antcube.shop\/pl\/wp-json\/wp\/v2\/media?parent=9213"}],"wp:term":[{"taxonomy":"product_brand","embeddable":true,"href":"https:\/\/antcube.shop\/pl\/wp-json\/wp\/v2\/product_brand?post=9213"},{"taxonomy":"product_cat","embeddable":true,"href":"https:\/\/antcube.shop\/pl\/wp-json\/wp\/v2\/product_cat?post=9213"},{"taxonomy":"product_tag","embeddable":true,"href":"https:\/\/antcube.shop\/pl\/wp-json\/wp\/v2\/product_tag?post=9213"}],"curies":[{"name":"wp","href":"https:\/\/api.w.org\/{rel}","templated":true}]}}