{"id":9211,"date":"2024-09-17T14:21:24","date_gmt":"2024-09-17T12:21:24","guid":{"rendered":"https:\/\/antcube.shop\/en\/product\/kaktus-7cm\/"},"modified":"2026-03-31T09:51:43","modified_gmt":"2026-03-31T07:51:43","slug":"kaktus-7cm","status":"publish","type":"product","link":"https:\/\/antcube.shop\/pl\/produkt\/kaktus-7cm\/","title":{"rendered":"Kaktus - 7 cm"},"content":{"rendered":"<p><strong>Wymiary:<\/strong> 7 x 6 x 5 cm<\/p>\n<p><strong>Materia\u0142:<\/strong> polimerobeton, glina<\/p>\n<p><strong>Kolor:<\/strong><br \/>\nPodstawa: br\u0105zowa<br \/>\nKaktus: zielony<\/p>\n<p><strong>Tre\u015b\u0107:<\/strong> 1 szt.<\/p>\n<p><strong>Opis:<\/strong> Opr\u00f3cz naturalnego wygl\u0105du i odporno\u015bci na promieniowanie UV, ten polimerowo-betonowy kaktus oferuje wysok\u0105 stabilno\u015b\u0107 wymiarow\u0105, dzi\u0119ki czemu jest niezwykle trwa\u0142y i odporny na uszkodzenia przez mr\u00f3wki.<\/p>\n<p><strong>Uwaga:<\/strong> Przed u\u017cyciem wyczy\u015b\u0107 pod bie\u017c\u0105c\u0105 wod\u0105!<\/p>","protected":false},"excerpt":{"rendered":"<p>Wymiary: 5,5 x 7,0 x 6,0 cm<\/p>","protected":false},"featured_media":9655,"comment_status":"open","ping_status":"closed","template":"","meta":{"_acf_changed":false,"content-type":"","_monsterinsights_skip_tracking":false,"_monsterinsights_sitenote_active":false,"_monsterinsights_sitenote_note":"","_monsterinsights_sitenote_category":0},"product_brand":[],"product_cat":[98,99],"product_tag":[],"class_list":{"0":"post-9211","1":"product","2":"type-product","3":"status-publish","4":"has-post-thumbnail","6":"product_cat-decoration","7":"product_cat-desert","9":"first","10":"instock","11":"taxable","12":"shipping-taxable","13":"purchasable","14":"product-type-simple"},"acf":[],"aioseo_notices":[],"jetpack_sharing_enabled":true,"_links":{"self":[{"href":"https:\/\/antcube.shop\/pl\/wp-json\/wp\/v2\/product\/9211","targetHints":{"allow":["GET"]}}],"collection":[{"href":"https:\/\/antcube.shop\/pl\/wp-json\/wp\/v2\/product"}],"about":[{"href":"https:\/\/antcube.shop\/pl\/wp-json\/wp\/v2\/types\/product"}],"replies":[{"embeddable":true,"href":"https:\/\/antcube.shop\/pl\/wp-json\/wp\/v2\/comments?post=9211"}],"wp:featuredmedia":[{"embeddable":true,"href":"https:\/\/antcube.shop\/pl\/wp-json\/wp\/v2\/media\/9655"}],"wp:attachment":[{"href":"https:\/\/antcube.shop\/pl\/wp-json\/wp\/v2\/media?parent=9211"}],"wp:term":[{"taxonomy":"product_brand","embeddable":true,"href":"https:\/\/antcube.shop\/pl\/wp-json\/wp\/v2\/product_brand?post=9211"},{"taxonomy":"product_cat","embeddable":true,"href":"https:\/\/antcube.shop\/pl\/wp-json\/wp\/v2\/product_cat?post=9211"},{"taxonomy":"product_tag","embeddable":true,"href":"https:\/\/antcube.shop\/pl\/wp-json\/wp\/v2\/product_tag?post=9211"}],"curies":[{"name":"wp","href":"https:\/\/api.w.org\/{rel}","templated":true}]}}