{"id":9208,"date":"2024-09-17T14:19:38","date_gmt":"2024-09-17T12:19:38","guid":{"rendered":"https:\/\/antcube.shop\/en\/product\/kleines-fettblatt\/"},"modified":"2026-04-28T09:49:38","modified_gmt":"2026-04-28T07:49:38","slug":"kleines-fettblatt","status":"publish","type":"product","link":"https:\/\/antcube.shop\/pl\/produkt\/kleines-fettblatt\/","title":{"rendered":"Ma\u015blanka zwyczajna"},"content":{"rendered":"<p><strong>Wymiary:<\/strong> ok. 70 x 40 x 100 mm<\/p>\n<p><strong>Materia\u0142:<\/strong> polimerobeton, glina, plastik<\/p>\n<p><strong>Kolor:<\/strong><br \/>\nPodstawa: zielona, jasnoszara-ciemnoszara<br \/>\nRo\u015blina: ciemnozielona<\/p>\n<p><strong>Tre\u015b\u0107:<\/strong> 1 szt.<\/p>\n<p><strong>Opis:<\/strong> Ma\u0142y motyl jest wykonany z wytrzyma\u0142ego tworzywa sztucznego i ma podstaw\u0119 z \u017cywicy syntetycznej o wygl\u0105dzie kamienia. Dzi\u0119ki temu jest niezwykle trwa\u0142a i nie mo\u017ce zosta\u0107 uszkodzona przez mr\u00f3wki. Niemniej jednak wygl\u0105da bardzo naturalnie i atrakcyjnie i mo\u017cna go \u0142atwo zintegrowa\u0107 z formikarium.<\/p>\n<p><strong>Uwaga:<\/strong> Przed u\u017cyciem wyczy\u015b\u0107 pod bie\u017c\u0105c\u0105 wod\u0105!<\/p>","protected":false},"excerpt":{"rendered":"<p>Wymiary: ok. 7 x 4 x 10 cm<\/p>","protected":false},"featured_media":9360,"comment_status":"open","ping_status":"closed","template":"","meta":{"_acf_changed":false,"content-type":"","_monsterinsights_skip_tracking":false,"_monsterinsights_sitenote_active":false,"_monsterinsights_sitenote_note":"","_monsterinsights_sitenote_category":0},"product_brand":[],"product_cat":[98,102,100],"product_tag":[],"class_list":{"0":"post-9208","1":"product","2":"type-product","3":"status-publish","4":"has-post-thumbnail","6":"product_cat-decoration","7":"product_cat-meadow","8":"product_cat-rainforest","10":"first","11":"instock","12":"taxable","13":"shipping-taxable","14":"purchasable","15":"product-type-simple"},"acf":[],"aioseo_notices":[],"jetpack_sharing_enabled":true,"_links":{"self":[{"href":"https:\/\/antcube.shop\/pl\/wp-json\/wp\/v2\/product\/9208","targetHints":{"allow":["GET"]}}],"collection":[{"href":"https:\/\/antcube.shop\/pl\/wp-json\/wp\/v2\/product"}],"about":[{"href":"https:\/\/antcube.shop\/pl\/wp-json\/wp\/v2\/types\/product"}],"replies":[{"embeddable":true,"href":"https:\/\/antcube.shop\/pl\/wp-json\/wp\/v2\/comments?post=9208"}],"wp:featuredmedia":[{"embeddable":true,"href":"https:\/\/antcube.shop\/pl\/wp-json\/wp\/v2\/media\/9360"}],"wp:attachment":[{"href":"https:\/\/antcube.shop\/pl\/wp-json\/wp\/v2\/media?parent=9208"}],"wp:term":[{"taxonomy":"product_brand","embeddable":true,"href":"https:\/\/antcube.shop\/pl\/wp-json\/wp\/v2\/product_brand?post=9208"},{"taxonomy":"product_cat","embeddable":true,"href":"https:\/\/antcube.shop\/pl\/wp-json\/wp\/v2\/product_cat?post=9208"},{"taxonomy":"product_tag","embeddable":true,"href":"https:\/\/antcube.shop\/pl\/wp-json\/wp\/v2\/product_tag?post=9208"}],"curies":[{"name":"wp","href":"https:\/\/api.w.org\/{rel}","templated":true}]}}