{"id":9207,"date":"2024-09-17T14:19:09","date_gmt":"2024-09-17T12:19:09","guid":{"rendered":"https:\/\/antcube.shop\/en\/product\/grasstein-3cm\/"},"modified":"2026-04-17T23:17:17","modified_gmt":"2026-04-17T21:17:17","slug":"grasstein-3cm","status":"publish","type":"product","link":"https:\/\/antcube.shop\/pl\/produkt\/grasstein-3cm\/","title":{"rendered":"Kamie\u0144 z trawy - 3 cm"},"content":{"rendered":"<p><strong>Wymiary:<\/strong> ok. 86 x 29 x 30 mm<\/p>\n<p><strong>Materia\u0142:<\/strong> polimerobeton, glina, plastik<\/p>\n<p><strong>Kolor:<\/strong><br \/>\nPodstawa: zielona, ciemnoszara<br \/>\nRo\u015blina: jasnozielona-ciemnozielona<\/p>\n<p><strong>Tre\u015b\u0107:<\/strong> 1 szt.<\/p>\n<p><strong>Opis:<\/strong> Ro\u015bliny te s\u0105 wykonane z wytrzyma\u0142ego tworzywa sztucznego i maj\u0105 podstaw\u0119 z \u017cywicy syntetycznej o wygl\u0105dzie kamienia. Dzi\u0119ki temu s\u0105 niezwykle wytrzyma\u0142e i nie mog\u0105 zosta\u0107 uszkodzone przez mr\u00f3wki. Niemniej jednak wygl\u0105daj\u0105 bardzo naturalnie i atrakcyjnie i mo\u017cna je \u0142atwo zintegrowa\u0107 z formikarium.<\/p>\n<p><strong>Uwaga:<\/strong> Przed u\u017cyciem wyczy\u015b\u0107 pod bie\u017c\u0105c\u0105 wod\u0105!<\/p>\n<p>&nbsp;<\/p>","protected":false},"excerpt":{"rendered":"<p>Wymiary: ok. 86 x 29 x 30 mm Materia\u0142: polimerobeton, glina, plastik Kolor: Podstawa: zielony, ciemnoszary Ro\u015blina: jasnozielony-ciemnozielony Zawarto\u015b\u0107: 1 szt. Opis: Te ro\u015bliny s\u0105 wykonane z wytrzyma\u0142ego plastiku i maj\u0105 podstaw\u0119 z \u017cywicy syntetycznej o wygl\u0105dzie kamienia. Dzi\u0119ki temu s\u0105 niezwykle trwa\u0142e i nie mog\u0105 zosta\u0107 uszkodzone przez mr\u00f3wki.","protected":false},"featured_media":9356,"comment_status":"open","ping_status":"closed","template":"","meta":{"_acf_changed":false,"content-type":"","_monsterinsights_skip_tracking":false,"_monsterinsights_sitenote_active":false,"_monsterinsights_sitenote_note":"","_monsterinsights_sitenote_category":0},"product_brand":[],"product_cat":[98,102],"product_tag":[],"class_list":{"0":"post-9207","1":"product","2":"type-product","3":"status-publish","4":"has-post-thumbnail","6":"product_cat-decoration","7":"product_cat-meadow","9":"first","10":"instock","11":"taxable","12":"shipping-taxable","13":"purchasable","14":"product-type-simple"},"acf":[],"aioseo_notices":[],"jetpack_sharing_enabled":true,"_links":{"self":[{"href":"https:\/\/antcube.shop\/pl\/wp-json\/wp\/v2\/product\/9207","targetHints":{"allow":["GET"]}}],"collection":[{"href":"https:\/\/antcube.shop\/pl\/wp-json\/wp\/v2\/product"}],"about":[{"href":"https:\/\/antcube.shop\/pl\/wp-json\/wp\/v2\/types\/product"}],"replies":[{"embeddable":true,"href":"https:\/\/antcube.shop\/pl\/wp-json\/wp\/v2\/comments?post=9207"}],"wp:featuredmedia":[{"embeddable":true,"href":"https:\/\/antcube.shop\/pl\/wp-json\/wp\/v2\/media\/9356"}],"wp:attachment":[{"href":"https:\/\/antcube.shop\/pl\/wp-json\/wp\/v2\/media?parent=9207"}],"wp:term":[{"taxonomy":"product_brand","embeddable":true,"href":"https:\/\/antcube.shop\/pl\/wp-json\/wp\/v2\/product_brand?post=9207"},{"taxonomy":"product_cat","embeddable":true,"href":"https:\/\/antcube.shop\/pl\/wp-json\/wp\/v2\/product_cat?post=9207"},{"taxonomy":"product_tag","embeddable":true,"href":"https:\/\/antcube.shop\/pl\/wp-json\/wp\/v2\/product_tag?post=9207"}],"curies":[{"name":"wp","href":"https:\/\/api.w.org\/{rel}","templated":true}]}}