{"id":9032,"date":"2024-08-27T16:22:51","date_gmt":"2024-08-27T14:22:51","guid":{"rendered":"https:\/\/antcube.shop\/product\/antcube-digfix-terra-nidum-platte-60x30-l-beige\/"},"modified":"2026-04-06T17:28:14","modified_gmt":"2026-04-06T15:28:14","slug":"antcube-digfix-terra-nidum-platte-60x30-l-beige","status":"publish","type":"product","link":"https:\/\/antcube.shop\/pl\/produkt\/antcube-digfix-terra-nidum-platte-60x30-l-beige\/","title":{"rendered":"ANTCUBE - Digfix Terra nidum plate 60\u00d730 - L - be\u017cowy"},"content":{"rendered":"<p><strong>Wymiary:<\/strong> 583x237x19 mm<\/p>\n<p><strong>Materia\u0142:<\/strong> Wytrawny materia\u0142 na bazie \u017cywicy<\/p>\n<p><strong>Opis:<\/strong> P\u0142yta Terra nidum (\u0142ac. ziemne gniazdo) wykonana z materia\u0142u nadaj\u0105cego si\u0119 do kopania idealnie pasuje do naszych farm mr\u00f3wek ANTCUBE. Mo\u017ce by\u0107 u\u017cywana zar\u00f3wno na sucho, jak i na mokro. Jest r\u00f3wnie\u017c odpowiednia dla wielu gatunk\u00f3w mr\u00f3wek, zw\u0142aszcza tych, kt\u00f3re gniazduj\u0105 w piasku i (martwym) drewnie. Mo\u017cna go u\u017cywa\u0107 zamiast mieszanek piasku i gliny lub wk\u0142ad\u00f3w korkowych. Zalet\u0105 tego gniazda jest to, \u017ce nawil\u017cenie p\u0142yty jest \u0142atwiejsze do kontrolowania dzi\u0119ki wyra\u017anie widocznemu przebarwieniu, a kolorystyka p\u0142yty zapewnia doskona\u0142y kontrast dla zwykle ciemniejszych gatunk\u00f3w mr\u00f3wek. Ponadto, wewn\u0119trzne szyby mrowiska nie mog\u0105 by\u0107 zabrudzone pod\u0142o\u017cem, jak ma to miejsce w przypadku mieszanek piasku i gliny, co pozwala na doskona\u0142y widok gniazda. Nasz materia\u0142 gniazdowy ma r\u00f3wnie\u017c znacznie twardsz\u0105 struktur\u0119, dzi\u0119ki czemu tunele i komory wykopane przez mr\u00f3wki nie zapadaj\u0105 si\u0119.<\/p>\n<p><strong>Uwaga:<\/strong> Naturalny kolor mo\u017ce waha\u0107 si\u0119 od be\u017cowego\/piaskowego do jasnobr\u0105zowego. Odcie\u0144 koloru nie ma wp\u0142ywu na jako\u015b\u0107.<br \/>\nWymiary mog\u0105 r\u00f3\u017cni\u0107 si\u0119 o +\/- 1 mm ze wzgl\u0119du na proces produkcyjny<\/p>","protected":false},"excerpt":{"rendered":"<p>Wielko\u015b\u0107: <span style=\"color: #0000ff;\"><strong>L<\/strong><\/span><\/p>","protected":false},"featured_media":9039,"comment_status":"open","ping_status":"closed","template":"","meta":{"_acf_changed":false,"content-type":"","_monsterinsights_skip_tracking":false,"_monsterinsights_sitenote_active":false,"_monsterinsights_sitenote_note":"","_monsterinsights_sitenote_category":0},"product_brand":[],"product_cat":[257,87,88],"product_tag":[],"class_list":{"0":"post-9032","1":"product","2":"type-product","3":"status-publish","4":"has-post-thumbnail","6":"product_cat-new-innovatve-products","7":"product_cat-nest-insets","8":"product_cat-digfix","10":"first","11":"instock","12":"taxable","13":"shipping-taxable","14":"purchasable","15":"product-type-simple"},"acf":[],"aioseo_notices":[],"jetpack_sharing_enabled":true,"_links":{"self":[{"href":"https:\/\/antcube.shop\/pl\/wp-json\/wp\/v2\/product\/9032","targetHints":{"allow":["GET"]}}],"collection":[{"href":"https:\/\/antcube.shop\/pl\/wp-json\/wp\/v2\/product"}],"about":[{"href":"https:\/\/antcube.shop\/pl\/wp-json\/wp\/v2\/types\/product"}],"replies":[{"embeddable":true,"href":"https:\/\/antcube.shop\/pl\/wp-json\/wp\/v2\/comments?post=9032"}],"wp:featuredmedia":[{"embeddable":true,"href":"https:\/\/antcube.shop\/pl\/wp-json\/wp\/v2\/media\/9039"}],"wp:attachment":[{"href":"https:\/\/antcube.shop\/pl\/wp-json\/wp\/v2\/media?parent=9032"}],"wp:term":[{"taxonomy":"product_brand","embeddable":true,"href":"https:\/\/antcube.shop\/pl\/wp-json\/wp\/v2\/product_brand?post=9032"},{"taxonomy":"product_cat","embeddable":true,"href":"https:\/\/antcube.shop\/pl\/wp-json\/wp\/v2\/product_cat?post=9032"},{"taxonomy":"product_tag","embeddable":true,"href":"https:\/\/antcube.shop\/pl\/wp-json\/wp\/v2\/product_tag?post=9032"}],"curies":[{"name":"wp","href":"https:\/\/api.w.org\/{rel}","templated":true}]}}