{"id":8973,"date":"2024-08-19T20:50:58","date_gmt":"2024-08-19T18:50:58","guid":{"rendered":"https:\/\/antcube.shop\/product\/abstandshalter-fur-20mm-rohr\/"},"modified":"2026-03-05T18:06:15","modified_gmt":"2026-03-05T17:06:15","slug":"element-dystansowy-dla-rury-20-mm","status":"publish","type":"product","link":"https:\/\/antcube.shop\/pl\/produkt\/element-dystansowy-dla-rury-20-mm\/","title":{"rendered":"Podk\u0142adka dystansowa dla rury 20 mm"},"content":{"rendered":"<p><strong>Wymiary produktu:<\/strong> 49x14x8mm (przek\u0142adka)<\/p>\n<p><strong>Materia\u0142:<\/strong> szk\u0142o akrylowe, stal spr\u0119\u017cynowa<\/p>\n<p><strong>Kolor:<\/strong> bia\u0142y, stalowoszary<\/p>\n<p><strong>Tre\u015b\u0107:<\/strong><br \/>\n1x element dystansowy<br \/>\n1x uchwyt zacisku - stal spr\u0119\u017cynowa dla 20 mm<br \/>\n2x \u015bruba i ko\u0142ek do monta\u017cu na \u015bcianie<br \/>\n1x ma\u0142a \u015bruba do mocowania uchwytu zacisku do elementu dystansowego<\/p>\n<p><strong>Opis:<\/strong><br \/>\nElementy dystansowe do mocowania rurek akrylowych do \u015bciany. Zosta\u0142y one opracowane w celu \u0142\u0105czenia naszych aren \u015bciennych i farm mr\u00f3wek ze sob\u0105 lub z innymi elementami za pomoc\u0105 rurek akrylowych. Wype\u0142nia to luk\u0119 mi\u0119dzy \u015bcian\u0105 a rurkami akrylowymi i umo\u017cliwia bezpieczne, stabilne i atrakcyjne wizualnie mocowanie rurek akrylowych za pomoc\u0105 uchwyt\u00f3w zaciskowych.<\/p>\n<p><strong>Uwaga:<\/strong><br \/>\nDostarczane w pojedynczych cz\u0119\u015bciach i musz\u0105 by\u0107 mocowane za pomoc\u0105 \u015brubokr\u0119ta krzy\u017cakowego.<br \/>\nPo obu stronach elementu dystansowego znajduj\u0105 si\u0119 cienkie folie ochronne. Wystarczy je odklei\u0107.<\/p>\n<p><strong>Zapi\u0119cie:<\/strong><br \/>\nDo zamocowania 2 ko\u0142k\u00f3w rozporowych \"S6\" w \u015bcianie potrzebna jest wiertarka z wiert\u0142em 6 mm (do drewna, kamienia lub metalu, w zale\u017cno\u015bci od materia\u0142u).<br \/>\nW \u015bcianie nale\u017cy wywierci\u0107 otwory o g\u0142\u0119boko\u015bci 45 mm w celu pog\u0142\u0119bienia ko\u0142k\u00f3w 6x30 mm za pomoc\u0105 wkr\u0119t\u00f3w 4,5x40 mm.<br \/>\n<strong>Wymagane do monta\u017cu:<\/strong><br \/>\n- Poziomica<br \/>\n- Ta\u015bma samoprzylepna, aby nie trzeba by\u0142o oznacza\u0107 \u015bciany poni\u017cej.<br \/>\n- \u015arubokr\u0119t krzy\u017cakowy<br \/>\n- Wiertarka\/wkr\u0119tarka w zale\u017cno\u015bci od \u015bciany<br \/>\n- Wiert\u0142o 6 mm (do drewna, kamienia lub metalu w zale\u017cno\u015bci od powierzchni)<\/p>","protected":false},"excerpt":{"rendered":"<p>Wymiary produktu: 49x14x8mm (ramka dystansowa) Materia\u0142: szk\u0142o akrylowe, stal spr\u0119\u017cynowa Kolor: bia\u0142y, stalowoszary Zawarto\u015b\u0107: 1x podk\u0142adka dystansowa 1x uchwyt zaciskowy - stal spr\u0119\u017cynowa na 20mm 2x \u015bruba i ko\u0142ek do monta\u017cu na \u015bcianie 1x ma\u0142a \u015bruba do mocowania uchwytu zaciskowego do podk\u0142adki dystansowej Opis: Elementy dystansowe do mocowania rur akrylowych do \u015bciany. Zosta\u0142y one opracowane w celu","protected":false},"featured_media":8991,"comment_status":"open","ping_status":"closed","template":"","meta":{"_acf_changed":false,"content-type":"","_monsterinsights_skip_tracking":false,"_monsterinsights_sitenote_active":false,"_monsterinsights_sitenote_note":"","_monsterinsights_sitenote_category":0},"product_brand":[],"product_cat":[345,119,120],"product_tag":[],"class_list":{"0":"post-8973","1":"product","2":"type-product","3":"status-publish","4":"has-post-thumbnail","6":"product_cat-pipe-connectors","7":"product_cat-formicarium-components","8":"product_cat-hoses","10":"first","11":"instock","12":"taxable","13":"shipping-taxable","14":"purchasable","15":"product-type-simple"},"acf":[],"aioseo_notices":[],"jetpack_sharing_enabled":true,"_links":{"self":[{"href":"https:\/\/antcube.shop\/pl\/wp-json\/wp\/v2\/product\/8973","targetHints":{"allow":["GET"]}}],"collection":[{"href":"https:\/\/antcube.shop\/pl\/wp-json\/wp\/v2\/product"}],"about":[{"href":"https:\/\/antcube.shop\/pl\/wp-json\/wp\/v2\/types\/product"}],"replies":[{"embeddable":true,"href":"https:\/\/antcube.shop\/pl\/wp-json\/wp\/v2\/comments?post=8973"}],"wp:featuredmedia":[{"embeddable":true,"href":"https:\/\/antcube.shop\/pl\/wp-json\/wp\/v2\/media\/8991"}],"wp:attachment":[{"href":"https:\/\/antcube.shop\/pl\/wp-json\/wp\/v2\/media?parent=8973"}],"wp:term":[{"taxonomy":"product_brand","embeddable":true,"href":"https:\/\/antcube.shop\/pl\/wp-json\/wp\/v2\/product_brand?post=8973"},{"taxonomy":"product_cat","embeddable":true,"href":"https:\/\/antcube.shop\/pl\/wp-json\/wp\/v2\/product_cat?post=8973"},{"taxonomy":"product_tag","embeddable":true,"href":"https:\/\/antcube.shop\/pl\/wp-json\/wp\/v2\/product_tag?post=8973"}],"curies":[{"name":"wp","href":"https:\/\/api.w.org\/{rel}","templated":true}]}}