{"id":8968,"date":"2024-08-19T20:47:21","date_gmt":"2024-08-19T18:47:21","guid":{"rendered":"https:\/\/antcube.shop\/product\/wand-ameisenfarm-l-30x30-glas\/"},"modified":"2026-01-12T12:39:31","modified_gmt":"2026-01-12T11:39:31","slug":"sciana-mrowka-farma-l-30x30-szklo","status":"publish","type":"product","link":"https:\/\/antcube.shop\/pl\/produkt\/sciana-mrowka-farma-l-30x30-szklo\/","title":{"rendered":"Wall ant farm - L - 30\u00d730 - Szk\u0142o"},"content":{"rendered":"<p><strong>Wymiary (LxH):<\/strong><br \/>\nTylna \u015bciana (grubo\u015b\u0107 6 mm) : 400x293mm<\/p>\n<p>Na zewn\u0105trz (bez panelu tylnego)<br \/>\n334x28x296mm<\/p>\n<p>Wewn\u0105trz<br \/>\n284x20x290 mm<\/p>\n<p><strong>Materia\u0142:<\/strong><br \/>\nSzk\u0142o float<\/p>\n<p><strong>Kolor:<\/strong><br \/>\nkrystalicznie czysty<\/p>\n<p><strong>Zawarto\u015b\u0107:<\/strong><br \/>\nWall ant farm - L - 30\u00d730 - Szk\u0142o<br \/>\n1x pokrywa farmy mr\u00f3wek<br \/>\n4x gumowa wk\u0142adka do otwor\u00f3w jako zabezpieczenie<br \/>\n4x podk\u0142adka do wywierconych otwor\u00f3w<br \/>\n4x za\u015blepki i \u015bruby<\/p>\n<p><strong>Po\u0142\u0105czenie:<\/strong><br \/>\n2x nasadka 14\/16\/18\/20 x 20mm<\/p>\n<p>W\u0105\u017c 14\/10 jest mocno osadzony w gnie\u017adzie 14 mm<br \/>\nW\u0105\u017c 20\/16 jest mocno przymocowany do pierwszego stopnia 16 mm<\/p>\n<p><strong>Opis:<\/strong><br \/>\nTa farma mr\u00f3wek zosta\u0142a opracowana do monta\u017cu na \u015bcianie i jest \u0142atwa do zainstalowania na drewnianych i kamiennych \u015bcianach. Jest w pe\u0142ni przezroczysta i zapewnia dobry widok na gniazdo. Jako materia\u0142 gniazdowy dla mr\u00f3wek mo\u017cna wykorzysta\u0107 piasek i glin\u0119 lub jedn\u0105 z naszych pasuj\u0105cych wk\u0142adek gniazdowych wykonanych z korka lub Digfix. Ponadto do bocznych gniazd przy\u0142\u0105czeniowych mo\u017cna pod\u0142\u0105czy\u0107 w\u0105\u017c, przezroczyst\u0105 rurk\u0119 akrylow\u0105 lub \"schody dla mr\u00f3wek\". Oferujemy r\u00f3wnie\u017c \u015bcienne areny dla mr\u00f3wek w rozmiarach 30\u00d715 lub 30\u00d730, pasuj\u0105ce do \u015bciennej farmy mr\u00f3wek.<\/p>\n<p><strong>Instrukcje instalacji:<\/strong><br \/>\n<strong>Ze wzgl\u0119du na to, \u017ce szklany panel stanowi tyln\u0105 \u015bcian\u0119, \u015bciana pod nim powinna by\u0107 ca\u0142kowicie prosta.<\/strong><br \/>\nDo zamocowania 4 ko\u0142k\u00f3w \"S6\" w \u015bcianie potrzebna jest wiertarka z wiert\u0142em 6 mm (do drewna, kamienia lub metalu, w zale\u017cno\u015bci od materia\u0142u).<br \/>\nW \u015bcianie nale\u017cy wywierci\u0107 otwory o g\u0142\u0119boko\u015bci 45 mm, aby pog\u0142\u0119bi\u0107 ko\u0142ki 6x30 mm za pomoc\u0105 \u015brub 4,5x40 mm.<br \/>\n<strong>Wymagane do monta\u017cu:<\/strong><br \/>\n- poziomica<br \/>\n- Ta\u015bma samoprzylepna, aby unikn\u0105\u0107 konieczno\u015bci zaznaczania na \u015bcianie poni\u017cej.<br \/>\n- \u015arubokr\u0119t krzy\u017cakowy<br \/>\n- Wiertarka\/wkr\u0119tarka w zale\u017cno\u015bci od \u015bciany<br \/>\n- Wiert\u0142o 6 mm (do drewna, kamienia lub metalu w zale\u017cno\u015bci od powierzchni)<br \/>\n- Pomocne jest r\u00f3wnie\u017c wykonanie szablonu otwor\u00f3w z kartki papieru. Wystarczy umie\u015bci\u0107 go pod tyln\u0105 \u015bcian\u0105 i zaznaczy\u0107 otwory.<\/p>\n<p><strong>Uwagi dotycz\u0105ce produkcji<\/strong><br \/>\nSzk\u0142o jest ci\u0119te zgodnie z DIN 1249 z tolerancj\u0105 +\/;- 1mm. W przypadku wyj\u0105tkowo ma\u0142ych gatunk\u00f3w mr\u00f3wek konieczne jest dodatkowe zabezpieczenie przed ucieczk\u0105 mr\u00f3wek.<br \/>\nPoniewa\u017c nasze produkty s\u0105 wytwarzane r\u0119cznie, pomimo najwy\u017cszej staranno\u015bci mog\u0105 wyst\u0105pi\u0107 minimalne odchylenia.<\/p>\n<p><strong>Wskaz\u00f3wki dotycz\u0105ce gospodarstwa<\/strong><br \/>\nPrzy zak\u0142adaniu i zdejmowaniu w\u0119\u017cy nale\u017cy przestrzega\u0107 nast\u0119puj\u0105cych wskaz\u00f3wek:<br \/>\nJe\u015bli w\u0105\u017c jest bardzo trudny do zamocowania w gnie\u017adzie przy\u0142\u0105czeniowym, gniazdo nale\u017cy lekko natrze\u0107 kropl\u0105 naszego oleju lub proszku zabezpieczaj\u0105cego przed wyrwaniem. Nast\u0119pnie w\u0105\u017c nale\u017cy wsun\u0105\u0107 do gniazda za pomoc\u0105 ruch\u00f3w obrotowych lub wkr\u0119caj\u0105cych, bez obci\u0105\u017cania gniazda ruchami w g\u00f3r\u0119 i w d\u00f3\u0142. To samo dotyczy zdejmowania w\u0119\u017cy z gniazda przy\u0142\u0105czeniowego. Nie nale\u017cy go po prostu \u015bci\u0105ga\u0107!<\/p>","protected":false},"excerpt":{"rendered":"<p>Po\u0142\u0105czenie: Gniazdo 2x 14\/16 x 20mm; Rozstaw p\u0142yt: Wewn\u0105trz 20 mm<\/p>\n<p>Wielko\u015b\u0107: <span style=\"color: #0000ff;\"><strong>L<\/strong> <\/span><\/p>","protected":false},"featured_media":8997,"comment_status":"open","ping_status":"closed","template":"","meta":{"_acf_changed":false,"content-type":"","_monsterinsights_skip_tracking":false,"_monsterinsights_sitenote_active":false,"_monsterinsights_sitenote_note":"","_monsterinsights_sitenote_category":0},"product_brand":[],"product_cat":[257,80,83,86],"product_tag":[],"class_list":{"0":"post-8968","1":"product","2":"type-product","3":"status-publish","4":"has-post-thumbnail","6":"product_cat-new-innovatve-products","7":"product_cat-antfarms","8":"product_cat-antfarms-l","9":"product_cat-formicariums","11":"first","12":"instock","13":"taxable","14":"shipping-taxable","15":"purchasable","16":"product-type-simple"},"acf":[],"aioseo_notices":[],"jetpack_sharing_enabled":true,"_links":{"self":[{"href":"https:\/\/antcube.shop\/pl\/wp-json\/wp\/v2\/product\/8968","targetHints":{"allow":["GET"]}}],"collection":[{"href":"https:\/\/antcube.shop\/pl\/wp-json\/wp\/v2\/product"}],"about":[{"href":"https:\/\/antcube.shop\/pl\/wp-json\/wp\/v2\/types\/product"}],"replies":[{"embeddable":true,"href":"https:\/\/antcube.shop\/pl\/wp-json\/wp\/v2\/comments?post=8968"}],"wp:featuredmedia":[{"embeddable":true,"href":"https:\/\/antcube.shop\/pl\/wp-json\/wp\/v2\/media\/8997"}],"wp:attachment":[{"href":"https:\/\/antcube.shop\/pl\/wp-json\/wp\/v2\/media?parent=8968"}],"wp:term":[{"taxonomy":"product_brand","embeddable":true,"href":"https:\/\/antcube.shop\/pl\/wp-json\/wp\/v2\/product_brand?post=8968"},{"taxonomy":"product_cat","embeddable":true,"href":"https:\/\/antcube.shop\/pl\/wp-json\/wp\/v2\/product_cat?post=8968"},{"taxonomy":"product_tag","embeddable":true,"href":"https:\/\/antcube.shop\/pl\/wp-json\/wp\/v2\/product_tag?post=8968"}],"curies":[{"name":"wp","href":"https:\/\/api.w.org\/{rel}","templated":true}]}}