{"id":8967,"date":"2024-08-19T20:46:59","date_gmt":"2024-08-19T18:46:59","guid":{"rendered":"https:\/\/antcube.shop\/product\/wand-ameisenarena-30x15x15\/"},"modified":"2026-03-16T10:36:54","modified_gmt":"2026-03-16T09:36:54","slug":"sciana-ant-arena-30x15x15","status":"publish","type":"product","link":"https:\/\/antcube.shop\/pl\/produkt\/sciana-ant-arena-30x15x15\/","title":{"rendered":"Arena mr\u00f3wek - 30x15x15"},"content":{"rendered":"<p><strong>Wymiary (LxWxH):<\/strong><br \/>\nTylna \u015bcianka (6 mm): 400x150mm<\/p>\n<p>Arena (bez panelu tylnego): 300x146x150mm<\/p>\n<p><strong>Materia\u0142:<\/strong><br \/>\nSzk\u0142o float<\/p>\n<p><strong>Kolor:<\/strong><br \/>\nkrystalicznie czysty<\/p>\n<p><strong>Zawarto\u015b\u0107:<\/strong><br \/>\n1x mr\u00f3wcza arena \u015bcienna - 30x15x15<br \/>\n4x gumowa wk\u0142adka do otwor\u00f3w jako zabezpieczenie<br \/>\n4x podk\u0142adka do wywierconych otwor\u00f3w<br \/>\n4x za\u015blepki i \u015bruby<\/p>\n<p><strong>Po\u0142\u0105czenie:<\/strong><br \/>\n<strong>UWAGA: 2x za\u015blepki \/ wk\u0142adki siatkowe \/ z\u0142\u0105cza (zgodnie z wymaganiami) do bocznych otwor\u00f3w 27 mm nie wchodz\u0105 w zakres dostawy.<\/strong><br \/>\n2x otw\u00f3r 27 mm<\/p>\n<p><strong>Opis:<\/strong><br \/>\nTa mr\u00f3wkarnia zosta\u0142a zaprojektowana do monta\u017cu na \u015bcianie i jest \u0142atwa w instalacji na drewnianych i kamiennych \u015bcianach. Dodatkowe hodowle mr\u00f3wek i areny mo\u017cna pod\u0142\u0105czy\u0107 za pomoc\u0105 bocznych otwor\u00f3w o \u015brednicy 27 mm. Jako po\u0142\u0105czenia mo\u017cna u\u017cy\u0107 w\u0119\u017ca, przezroczystej akrylowej rurki lub \"mr\u00f3wczych schod\u00f3w\". Oferujemy r\u00f3wnie\u017c \u015bcienn\u0105 farm\u0119 mr\u00f3wek pasuj\u0105c\u0105 do \u015bciennej areny dla mr\u00f3wek.<br \/>\nPasuj\u0105ce artyku\u0142y Ant arena cover 30\u00d715 i Ant arena frame 30\u00d715 nale\u017cy zamawia\u0107 osobno.<\/p>\n<p><strong>Instrukcje instalacji:<\/strong><br \/>\nZe wzgl\u0119du na to, \u017ce szklany panel stanowi tyln\u0105 \u015bcian\u0119, \u015bciana pod nim powinna by\u0107 ca\u0142kowicie prosta.<br \/>\nDo zamocowania 4 ko\u0142k\u00f3w rozporowych \"S6\" w \u015bcianie potrzebna b\u0119dzie wiertarka z wiert\u0142em 6 mm (do drewna, kamienia lub metalu, w zale\u017cno\u015bci od materia\u0142u).<br \/>\nW \u015bcianie nale\u017cy wywierci\u0107 otwory o g\u0142\u0119boko\u015bci 45 mm w celu pog\u0142\u0119bienia ko\u0142k\u00f3w 6x30 mm za pomoc\u0105 wkr\u0119t\u00f3w 4,5x40 mm.<br \/>\nWymagane do monta\u017cu:<br \/>\n- Poziomica<br \/>\n- Ta\u015bma samoprzylepna, aby unikn\u0105\u0107 konieczno\u015bci zaznaczania na \u015bcianie poni\u017cej.<br \/>\n- \u015arubokr\u0119t krzy\u017cakowy<br \/>\n- Wiertarka\/wkr\u0119tarka w zale\u017cno\u015bci od \u015bciany<br \/>\n- Wiert\u0142o 6 mm (do drewna, kamienia lub metalu w zale\u017cno\u015bci od powierzchni)<br \/>\n- Pomocne jest r\u00f3wnie\u017c wykonanie szablonu otwor\u00f3w z kartki papieru. Wystarczy umie\u015bci\u0107 go pod tyln\u0105 \u015bcian\u0105 i zaznaczy\u0107 otwory.<\/p>\n<p><strong>Uwagi dotycz\u0105ce produkcji<\/strong><br \/>\nSzk\u0142o jest ci\u0119te zgodnie z DIN 1249 z tolerancj\u0105 +\/;- 1mm. W przypadku wyj\u0105tkowo ma\u0142ych gatunk\u00f3w mr\u00f3wek konieczne jest dodatkowe zabezpieczenie przed ucieczk\u0105 mr\u00f3wek.<br \/>\nPoniewa\u017c nasze produkty s\u0105 wytwarzane r\u0119cznie, pomimo najwy\u017cszej staranno\u015bci mog\u0105 wyst\u0105pi\u0107 minimalne odchylenia.<\/p>\n<p><strong>Wskaz\u00f3wki dotycz\u0105ce gospodarstwa<\/strong><br \/>\nPrzy zak\u0142adaniu i zdejmowaniu w\u0119\u017cy nale\u017cy przestrzega\u0107 nast\u0119puj\u0105cych wskaz\u00f3wek:<br \/>\nJe\u015bli w\u0105\u017c jest bardzo trudny do zamocowania w gnie\u017adzie przy\u0142\u0105czeniowym, gniazdo nale\u017cy lekko natrze\u0107 kropl\u0105 naszego oleju lub proszku zabezpieczaj\u0105cego przed wyrwaniem. Nast\u0119pnie w\u0105\u017c nale\u017cy wsun\u0105\u0107 do gniazda za pomoc\u0105 ruch\u00f3w obrotowych lub wkr\u0119caj\u0105cych, bez obci\u0105\u017cania gniazda ruchami w g\u00f3r\u0119 i w d\u00f3\u0142. To samo dotyczy zdejmowania w\u0119\u017cy z gniazda przy\u0142\u0105czeniowego. Nie nale\u017cy go po prostu \u015bci\u0105ga\u0107!<\/p>\n<p>&nbsp;<\/p>","protected":false},"excerpt":{"rendered":"<p>Pod\u0142\u0105czenie: Otw\u00f3r 2x 27 mm<\/p>","protected":false},"featured_media":8982,"comment_status":"open","ping_status":"closed","template":"","meta":{"_acf_changed":false,"content-type":"","_monsterinsights_skip_tracking":false,"_monsterinsights_sitenote_active":false,"_monsterinsights_sitenote_note":"","_monsterinsights_sitenote_category":0},"product_brand":[],"product_cat":[257,85,86],"product_tag":[],"class_list":{"0":"post-8967","1":"product","2":"type-product","3":"status-publish","4":"has-post-thumbnail","6":"product_cat-new-innovatve-products","7":"product_cat-ant-arenas","8":"product_cat-formicariums","10":"first","11":"instock","12":"taxable","13":"shipping-taxable","14":"purchasable","15":"product-type-simple"},"acf":[],"aioseo_notices":[],"jetpack_sharing_enabled":true,"_links":{"self":[{"href":"https:\/\/antcube.shop\/pl\/wp-json\/wp\/v2\/product\/8967","targetHints":{"allow":["GET"]}}],"collection":[{"href":"https:\/\/antcube.shop\/pl\/wp-json\/wp\/v2\/product"}],"about":[{"href":"https:\/\/antcube.shop\/pl\/wp-json\/wp\/v2\/types\/product"}],"replies":[{"embeddable":true,"href":"https:\/\/antcube.shop\/pl\/wp-json\/wp\/v2\/comments?post=8967"}],"wp:featuredmedia":[{"embeddable":true,"href":"https:\/\/antcube.shop\/pl\/wp-json\/wp\/v2\/media\/8982"}],"wp:attachment":[{"href":"https:\/\/antcube.shop\/pl\/wp-json\/wp\/v2\/media?parent=8967"}],"wp:term":[{"taxonomy":"product_brand","embeddable":true,"href":"https:\/\/antcube.shop\/pl\/wp-json\/wp\/v2\/product_brand?post=8967"},{"taxonomy":"product_cat","embeddable":true,"href":"https:\/\/antcube.shop\/pl\/wp-json\/wp\/v2\/product_cat?post=8967"},{"taxonomy":"product_tag","embeddable":true,"href":"https:\/\/antcube.shop\/pl\/wp-json\/wp\/v2\/product_tag?post=8967"}],"curies":[{"name":"wp","href":"https:\/\/api.w.org\/{rel}","templated":true}]}}