{"id":8854,"date":"2024-08-01T15:37:58","date_gmt":"2024-08-01T13:37:58","guid":{"rendered":"https:\/\/antcube.shop\/product\/bundle-offer-myrmica-rubra\/"},"modified":"2026-03-17T18:05:43","modified_gmt":"2026-03-17T17:05:43","slug":"oferta-pakietowa-myrmica-rubra","status":"publish","type":"product","link":"https:\/\/antcube.shop\/pl\/produkt\/oferta-pakietowa-myrmica-rubra\/","title":{"rendered":"Oferta pakietowa - Myrmica rubra"},"content":{"rendered":"<p><span data-text-color=\"secondary\"><strong>Oferta pakietowa obejmuj\u0105ca koloni\u0119 mr\u00f3wek Myrmica rubra (kr\u00f3lowa z 11-25 robotnicami + czerw)<\/strong><\/span><\/p>\n<p><span data-text-color=\"alert\"><strong>Tylko do wyczerpania zapas\u00f3w.<\/strong><\/span><\/p>\n<p><strong>Wszystko, czego potrzebujesz do stworzenia kolonii mr\u00f3wek Myrmica rubra:<\/strong><br \/>\nTen zestaw zawiera wszystko, czego potrzebujesz, aby skutecznie przeprowadzi\u0107 koloni\u0119 Myrmica rubra przez kilka pierwszych miesi\u0119cy. Mo\u017cna go elastycznie rozszerza\u0107 i by\u0142 testowany przez kilka lat z tym gatunkiem mr\u00f3wek.<\/p>\n<p><strong>Gatunek mr\u00f3wki Myrmica rubra - europejska mr\u00f3wka ognista:<\/strong><br \/>\nMyrmica rubra jest bardzo rozpowszechnionym gatunkiem mr\u00f3wek w Europie. Znana jest r\u00f3wnie\u017c jako czerwona mr\u00f3wka ogrodowa lub europejska mr\u00f3wka ognista. Uwielbia wilgotne i p\u00f3\u0142cieniste miejsca, dlatego wyst\u0119puje g\u0142\u00f3wnie w ogrodach, na \u0142\u0105kach i w lasach. Mo\u017cna j\u0105 r\u00f3wnie\u017c znale\u017a\u0107 w niekt\u00f3rych cz\u0119\u015bciach Kanady i USA, ale tam jest inwazyjna, tj. nie jest rodzima. Podobnie jak wi\u0119kszo\u015b\u0107 inwazyjnych gatunk\u00f3w mr\u00f3wek, zosta\u0142a tam wprowadzona wraz z ro\u015blinami oko\u0142o 1900 roku.<\/p>\n<p>Myrmica rubra jest gatunkiem poligynicznym, co oznacza, \u017ce na wolno\u015bci ma zwykle kilka kr\u00f3lowych. Istniej\u0105 nawet doniesienia o tak zwanych superkoloniach licz\u0105cych do 600 kr\u00f3lowych i oko\u0142o 20 000 robotnic. Myrmica rubra agresywnie broni swojego gniazda i posiada \u017c\u0105d\u0142o do obrony. Jej jad jest jednak nieszkodliwy, z wyj\u0105tkiem alergik\u00f3w.<\/p>\n<p>Myrmica rubra hibernuje na wolno\u015bci od ko\u0144ca pa\u017adziernika do ko\u0144ca marca w temperaturze oko\u0142o 5-8\u00b0.<\/p>\n<p><strong>Gniazdo dla Myrmica rubra:<\/strong><br \/>\nW naturze Myrmica rubra gniazduje pod poduszkami z mchu, kamieniami na polach i \u0142\u0105kach w ziemi, gdzie buduje kopce, a nawet w spr\u00f3chnia\u0142ym drewnie. Najwa\u017cniejsze jest dla nich wilgotne miejsce gniazdowania.<\/p>\n<p>W tym zestawie startowym zawarli\u015bmy jedn\u0105 z naszych p\u0142yt Digfix jako materia\u0142 do budowy gniazda. Symuluje ona naturalne gniazdo ziemne i mo\u017ce by\u0107 utrzymywana w wysokiej wilgotno\u015bci. Ponadto zwierz\u0119ta nie mog\u0105 zabrudzi\u0107 okien farmy mr\u00f3wek podczas kopania, co zapewnia sta\u0142y, wyra\u017any widok na komory i przej\u015bcia. Materia\u0142 ten jest r\u00f3wnie\u017c znacznie bardziej stabilny w hodowli mr\u00f3wek ni\u017c konwencjonalna mieszanka piasku i gliny, co zapobiega zapadaniu si\u0119 kom\u00f3r i tuneli.<\/p>\n<p><strong>Pokarm dla Myrmica rubra:<\/strong><br \/>\nMyrmica rubra jest wszystko\u017cerna i na wolno\u015bci \u017cywi si\u0119 padlin\u0105, owadami i nektarem. Podobnie jak Lasius niger, Myrmica rubra utrzymuje kolonie mszyc i broni ich.<\/p>\n<p>Do tego zestawu do\u0142\u0105czyli\u015bmy ca\u0142e blanszowane \u015bwierszcze i spadzi\u0119. Oba s\u0105 bardzo dobrze akceptowane przez Myrmica rubra i wspieraj\u0105 naturalny i pozytywny rozw\u00f3j kolonii dzi\u0119ki zawartym w nich sk\u0142adnikom od\u017cywczym.<\/p>\n<p><strong>Optymalne warunki klimatyczne dla Myrmica rubra s\u0105 nast\u0119puj\u0105ce:<\/strong><br \/>\nWilgotno\u015b\u0107:<br \/>\nArena: 30 - 50% Obszar gniazda: 50 - 70%<br \/>\nTemperatura:<br \/>\nArena: 18 - 28\u00b0C Obszar gniazda: 21 - 24\u00b0C<\/p>\n<p><strong>Zawarto\u015b\u0107:<\/strong><\/p>\n<p>1x kr\u00f3lowa Myrmica rubra + 11-25 robotnic i wyl\u0119gu<br \/>\n1x Cricket Jam 25g<br \/>\n1x mieszanka spadziowa (HT) - opakowanie uzupe\u0142niaj\u0105ce 10 ml<br \/>\n1x Podstawa formikarium - 20x20cm<br \/>\n1x podstawa formikarium - 20x6cm<\/p>\n<p>1x ANTCUBE - arena 20x20x10 - p\u0142aska<br \/>\n1x rama areny mr\u00f3wek 20\u00d720<br \/>\n1x pokrywa areny mr\u00f3wek 20\u00d720<br \/>\n4x punkt mocowania dla pokrywy areny<br \/>\n2x ANTCUBE - Farma mr\u00f3wek - L - 20\u00d720 - pionowa<br \/>\n1x ANTCUBE - p\u0142ytka Digfix 20\u00d720 - M<\/p>\n<p>1x 0,5m rurka przezroczysta 14\/10 mm<br \/>\n1x ANTCUBE - czerwona folia 20\u00d720 - filtr<br \/>\n1x zaciski samoprzylepne - przezroczyste 2 szt.<br \/>\n1x pod\u0142o\u017ce - piaskowo-gliniaste be\u017cowe - 200g<\/p>\n<p>1x Grid cap &#8211; 10mm &#8211; stainless steel<br \/>\n2x Grid insert acrylic &#8211; 50 mm with sealing ring<br \/>\n1x Grid insert acrylic &#8211; 27 mm with sealing ring<\/p>\n<p>1x z\u0142\u0105cze w\u0119\u017ca zbiornika 27-14,16,20 mm - przezroczyste<br \/>\n1x Foil thermometer &#8211; farm<br \/>\n1x Foil thermometer Display<br \/>\n1x drinking clear 5ml &#8211; sponge<br \/>\n1x Feeding dish white rectangle &#8211; 3 compartments<br \/>\n1x Drinking trough 2ml &#8211; 360 Degrees<br \/>\n1x Olejek chroni\u0105cy przed ucieczk\u0105 mr\u00f3wek 10ml<br \/>\n1x P\u0119seta ze stali spr\u0119\u017cynowej - szeroka - mi\u0119kka<br \/>\n1x P\u0119seta plastikowa przezroczysta<br \/>\n1x pipeta plastikowa 3ml<br \/>\n1x lupa r\u0119czna - 2x - 30mm<br \/>\n1x wycieraczka piankowa 150x18x2,5mm<br \/>\n1x plecy fotograficzne - \u0142\u0105ka - 20\u00d710<\/p>\n<p>&nbsp;<\/p>\n<p><strong>Opis:<\/strong><br \/>\nTen rozszerzalny zestaw startowy dla Myrmica rubra zawiera nie tylko optymalnie dostosowane formikarium, ale tak\u017ce odpowiednie akcesoria do hodowli tego gatunku mr\u00f3wek. \"Poid\u0142o przezroczyste 20 ml - g\u0105bka\" jest przeznaczone do wody, a \"Poid\u0142o 2 ml - 360 stopni\" do mieszanki spadziowej.<\/p>\n<p><span data-text-color=\"alert\"><strong>Wa\u017cne:<\/strong><\/span> Prosimy o zwil\u017cenie pod\u0142o\u017ca przed u\u017cyciem, aby mieszanka mog\u0142a si\u0119 zwi\u0105za\u0107 i mocno osadzi\u0107 w hodowli mr\u00f3wek. Ponadto suche i zakurzone pod\u0142o\u017ce mo\u017ce spowodowa\u0107 zablokowanie dr\u00f3g oddechowych mr\u00f3wek, a w najgorszym przypadku doprowadzi\u0107 do uduszenia si\u0119 zwierz\u0105t.<\/p>\n<p><strong>Uwagi dotycz\u0105ce produkcji<\/strong><br \/>\nSzk\u0142o jest ci\u0119te na wymiar zgodnie z norm\u0105 DIN 1249 z tolerancj\u0105 +\/- 1 mm. Dodatkowa ochrona przed wy\u0142amaniem jest niezb\u0119dna w przypadku wyj\u0105tkowo ma\u0142ych gatunk\u00f3w mr\u00f3wek.<\/p>\n<p><strong>Uwaga dotycz\u0105ca blanszowanych \u015bwierszczy:<\/strong><br \/>\nNasze blanszowane \u015bwierszcze to \u0142atwy spos\u00f3b na zapewnienie mr\u00f3wkom \u015bwie\u017co konserwowanego pokarmu bia\u0142kowego bez konieczno\u015bci karmienia \u017cywymi owadami. Zawarte \u015bwierszcze (Acheta domesticus) zosta\u0142y delikatnie zblanszowane, aby zapewni\u0107 zachowanie warto\u015bci od\u017cywczych, smaku i aromatu. Ponadto chitynowa pow\u0142oka owad\u00f3w jest w ten spos\u00f3b zmi\u0119kczana, dzi\u0119ki czemu mo\u017ce by\u0107 \u0142atwiej trawiona. Wi\u0105zania bia\u0142ek kolagenowych s\u0105 rozbijane, aby mr\u00f3wki mog\u0142y je lepiej wykorzysta\u0107. Konserwy Acheta domesticus maj\u0105 tak\u0105 sam\u0105 warto\u015b\u0107 od\u017cywcz\u0105 jak \u017cywe \u015bwierszcze, ale s\u0105 \u0142atwiejsze do strawienia.<\/p>\n<p>Blanszowane \u015bwierszcze nie nadaj\u0105 si\u0119 do polowania na gatunki mr\u00f3wek, kt\u00f3re wymagaj\u0105 \u017cywego pokarmu (np. poneryny (wielkie mr\u00f3wki), takie jak Harpegnathos lub Odontomachus).<\/p>\n<p><strong>Dalsze korzy\u015bci:<\/strong><br \/>\nGwarantowany brak roztoczy<br \/>\nMo\u017cliwo\u015b\u0107 porcjowania<br \/>\nSterylizowane i odkurzane<br \/>\nBez dodatk\u00f3w<br \/>\n\u015awierszcze ze zr\u00f3wnowa\u017conej, czysto ekologicznej hodowli, karmione odpadami organicznymi<\/p>\n<p><strong>Uwaga:<\/strong><br \/>\nMo\u017cna przechowywa\u0107 w lod\u00f3wce przez oko\u0142o cztery dni po otwarciu. D\u0142u\u017cszy okres trwa\u0142o\u015bci w przypadku zamro\u017cenia.<\/p>\n<p><strong>Uwaga dotycz\u0105ca spadzi:<\/strong><br \/>\nZawarto\u015b\u0107: 10 ml<br \/>\nJest to produkt naturalny, kt\u00f3ry po intensywnych badaniach w naszym laboratorium udoskonalili\u015bmy i stworzyli\u015bmy z niego pokarm bardzo dobrze akceptowany przez mr\u00f3wki. Powodem jest to, \u017ce nieprzetworzony mi\u00f3d spadziowy w swojej skoncentrowanej oryginalnej formie nie jest dobrze akceptowany przez mr\u00f3wki i ich metabolizm.<br \/>\nNasza spad\u017a zosta\u0142a zebrana w nieska\u017conych, dzikich lasach g\u00f3rskich Bu\u0142garii. Spad\u017a jest produkowana tylko przez bardzo ograniczony czas, oko\u0142o dw\u00f3ch miesi\u0119cy w lecie. Jest wi\u0119c bardzo rzadka. Ze wzgl\u0119du na specyficzne w\u0142a\u015bciwo\u015bci gleby w lasach i klimat, niezb\u0119dne sk\u0142adniki od\u017cywcze s\u0105 przechowywane w li\u015bciach drzew, kt\u00f3re s\u0105 wch\u0142aniane przez mszyce. To w\u0142a\u015bnie sprawia, \u017ce ta mieszanka spadzi jest tak po\u017c\u0105dana przez mr\u00f3wki.<\/p>\n<p><strong>Zastosowanie:<\/strong><br \/>\nIlo\u015b\u0107 pokarmu powinna by\u0107 spo\u017cyta w ci\u0105gu oko\u0142o 3 dni.<\/p>\n<p><strong>Opis:<\/strong><br \/>\nSpad\u017a, w przeciwie\u0144stwie do miodu kwiatowego, pozyskiwana jest z wydzielin owad\u00f3w ss\u0105cych ro\u015bliny, takich jak mszyce. Spad\u017a jest popularnym \u017ar\u00f3d\u0142em po\u017cywienia dla wielu owad\u00f3w, takich jak mr\u00f3wki, pszczo\u0142y i trzmiele. Pszczo\u0142y i trzmiele zlizuj\u0105 j\u0105 z li\u015bci lub igie\u0142 r\u00f3\u017cnych drzew. Mr\u00f3wki, takie jak Lasius niger, dos\u0142ownie utrzymuj\u0105 mszyce. Broni\u0105 ich nawet przed drapie\u017cnikami i przenosz\u0105 na \u015bwie\u017ce p\u0119dy.<\/p>\n<p>Spad\u017a jest szczeg\u00f3lnie popularna w\u015br\u00f3d mr\u00f3wek ze wzgl\u0119du na jej nieco inne sk\u0142adniki. G\u0142\u00f3wnymi cukrami w spadzi s\u0105 sacharoza i fruktoza, ale wyst\u0119puj\u0105 r\u00f3wnie\u017c mniejsze ilo\u015bci maltozy, trehalozy, melezytozy, rafinozy i innych oligosacharyd\u00f3w. Opr\u00f3cz cukru i wody, spad\u017a zawiera r\u00f3wnie\u017c niezb\u0119dne aminokwasy, minera\u0142y, pierwiastki \u015bladowe, adenozyny, fosforany i inne sk\u0142adniki, takie jak witaminy.<\/p>\n<p><strong>U\u017cycie:<\/strong><br \/>\nDla gatunk\u00f3w mr\u00f3wek miodo\u017cernych (Meliphagidae)<br \/>\nJest to pasza uzupe\u0142niaj\u0105ca<br \/>\nKarma mo\u017ce by\u0107 podawana zwierz\u0119tom w takiej postaci, w jakiej zosta\u0142a dostarczona. Poniewa\u017c wilgotno\u015b\u0107 zmniejsza st\u0119\u017cenie cukru i rozpoczyna si\u0119 proces fermentacji, pokarm nale\u017cy wymienia\u0107 co 3 dni. Przed ponownym u\u017cyciem nale\u017cy dok\u0142adnie wyczy\u015bci\u0107 misk\u0119\/rurk\u0119 do karmienia.<br \/>\nPo otwarciu opakowania nale\u017cy je przechowywa\u0107 szczelnie zamkni\u0119te do up\u0142ywu daty wa\u017cno\u015bci.<\/p>\n<p><strong>Informacja o warto\u015bciach od\u017cywczych na 100 g:<\/strong><br \/>\nok. 2,7 % t\u0142uszcze<br \/>\nz czego nasycone ok. 0,45 %<br \/>\nok. 95 w\u0119glowodan\u00f3w %<br \/>\nz czego cukier ok. 71<br \/>\noko\u0142o 2,85% bia\u0142ka<\/p>\n<p>Minera\u0142y (potas, wap\u0144, mied\u017a, \u017celazo, s\u00f3d, magnez, fosfor, cynk i inne pierwiastki \u015bladowe) Aminokwasy (prolina, leucyna, fenyloalanina, alanina, histydyna, izoleucyna, kwas glutaminowy, arginina, kwas asparaginowy itd.) Kwasy organiczne Enzymy (fermenty) Aromaty Inhibiny (substancje antybakteryjne) Kwiaty Py\u0142ek kwiatowy<\/p>\n<p><strong>Przechowywanie:<\/strong><br \/>\nAby zapewni\u0107 odpowiedni\u0105 jako\u015b\u0107 paszy, nale\u017cy przechowywa\u0107 j\u0105 w ciemnym i suchym miejscu.<\/p>\n<p><strong>Uwaga:<\/strong><br \/>\nPokarm uzupe\u0142niaj\u0105cy dla mr\u00f3wek miodo\u017cernych.<br \/>\nSk\u0142ad, sk\u0142adniki analityczne, data przydatno\u015bci do spo\u017cycia i numer partii znajduj\u0105 si\u0119 na ulotce do\u0142\u0105czonej do opakowania.<\/p>\n<p>Infolinia +49 30 439703870<\/p>\n<p><strong>W\u0142a\u015bciwy Inspektorat Weterynarii i \u017bywno\u015bci:<\/strong><br \/>\nGabinet weterynaryjny Steglitz<br \/>\nK\u00f6nigin-Luise-Str. 92<br \/>\n14195 Berlin<\/p>","protected":false},"excerpt":{"rendered":"<p>Zestaw sk\u0142ada si\u0119 z 34 cz\u0119\u015bci<\/p>","protected":false},"featured_media":8856,"comment_status":"open","ping_status":"closed","template":"","meta":{"_acf_changed":false,"content-type":"","_monsterinsights_skip_tracking":false,"_monsterinsights_sitenote_active":false,"_monsterinsights_sitenote_note":"","_monsterinsights_sitenote_category":0},"product_brand":[],"product_cat":[355,73],"product_tag":[],"class_list":{"0":"post-8854","1":"product","2":"type-product","3":"status-publish","4":"has-post-thumbnail","6":"product_cat-bundle-offers","7":"product_cat-starter-sets","9":"first","10":"instock","11":"taxable","12":"shipping-taxable","13":"purchasable","14":"product-type-simple"},"acf":[],"aioseo_notices":[],"jetpack_sharing_enabled":true,"_links":{"self":[{"href":"https:\/\/antcube.shop\/pl\/wp-json\/wp\/v2\/product\/8854","targetHints":{"allow":["GET"]}}],"collection":[{"href":"https:\/\/antcube.shop\/pl\/wp-json\/wp\/v2\/product"}],"about":[{"href":"https:\/\/antcube.shop\/pl\/wp-json\/wp\/v2\/types\/product"}],"replies":[{"embeddable":true,"href":"https:\/\/antcube.shop\/pl\/wp-json\/wp\/v2\/comments?post=8854"}],"wp:featuredmedia":[{"embeddable":true,"href":"https:\/\/antcube.shop\/pl\/wp-json\/wp\/v2\/media\/8856"}],"wp:attachment":[{"href":"https:\/\/antcube.shop\/pl\/wp-json\/wp\/v2\/media?parent=8854"}],"wp:term":[{"taxonomy":"product_brand","embeddable":true,"href":"https:\/\/antcube.shop\/pl\/wp-json\/wp\/v2\/product_brand?post=8854"},{"taxonomy":"product_cat","embeddable":true,"href":"https:\/\/antcube.shop\/pl\/wp-json\/wp\/v2\/product_cat?post=8854"},{"taxonomy":"product_tag","embeddable":true,"href":"https:\/\/antcube.shop\/pl\/wp-json\/wp\/v2\/product_tag?post=8854"}],"curies":[{"name":"wp","href":"https:\/\/api.w.org\/{rel}","templated":true}]}}