{"id":8718,"date":"2024-07-22T15:43:52","date_gmt":"2024-07-22T13:43:52","guid":{"rendered":"https:\/\/antcube.shop\/product\/bonsai-tree-deko\/"},"modified":"2026-01-20T18:00:36","modified_gmt":"2026-01-20T17:00:36","slug":"drzewko-bonsai-deko","status":"publish","type":"product","link":"https:\/\/antcube.shop\/pl\/produkt\/drzewko-bonsai-deko\/","title":{"rendered":"Drzewo bonsai"},"content":{"rendered":"<p>Rozmiar \/ wysoko\u015b\u0107 od 20 cm do 28 cm<br \/>\n\u015arednica ~ 10 cm - 20 cm, idealna do aren o wymiarach 30x30x30 cm i wi\u0119kszych.<br \/>\nWaga waha si\u0119 od 250 do 400 gram\u00f3w<\/p>\n<p>Nasze drzewko bonsai to idealna dekoracja do formikarium. Mo\u017ce by\u0107 u\u017cywane zar\u00f3wno jako wolnostoj\u0105ce w formikarium, jak i w naturalnie obsadzonych wiwariach. Poniewa\u017c mr\u00f3wki mog\u0105 chowa\u0107 si\u0119 pod lub w bonsai, zalecamy u\u017cywanie go tylko wtedy, gdy kolonia mr\u00f3wek przenios\u0142a si\u0119 ju\u017c do swojego gniazda. W przeciwnym razie mog\u0105 one preferowa\u0107 to miejsce jako miejsce gniazdowania i straci\u0107 gniazdo z oczu.<\/p>\n<p><strong>UWAGA:<\/strong> Nie nale\u017cy umieszcza\u0107 bonsai w bardzo wilgotnych formikariach (wilgotno\u015b\u0107 powy\u017cej 60%). Bonsai mo\u017ce zacz\u0105\u0107 ple\u015bnie\u0107. Przy bardzo dobrej wentylacji, bonsai mo\u017cna r\u00f3wnie\u017c umie\u015bci\u0107 w bardziej wilgotnych formikariach.<\/p>\n<p><span data-text-color=\"alert\"><strong>WA\u017bNA UWAGA DOTYCZ\u0104CA ARTYKU\u0141U:<\/strong><\/span><br \/>\nPoniewa\u017c jest to produkt naturalny \/ unikalny, zdj\u0119cia nie s\u0105 ca\u0142kowicie identyczne z przedmiotem, kt\u00f3ry otrzymasz. Mog\u0105 wyst\u0105pi\u0107 r\u00f3\u017cnice w wielko\u015bci, kszta\u0142cie i kolorze drzewka oraz podstawy z \u0142upka kamienio\u0142omu. Gwarantujemy jedynie maksymaln\u0105 wysoko\u015b\u0107 przedmiotu.<\/p>\n<p>Zamawiaj\u0105c ten produkt, wyra\u017casz zgod\u0119 na powy\u017csze ewentualne r\u00f3\u017cnice w rozmiarze, kszta\u0142cie i kolorze produktu w momencie zakupu.<\/p>","protected":false},"excerpt":{"rendered":"<p>Wymiary: 20-28 cm wysoko\u015bci<\/p>","protected":false},"featured_media":8721,"comment_status":"open","ping_status":"closed","template":"","meta":{"_acf_changed":false,"content-type":"","_monsterinsights_skip_tracking":false,"_monsterinsights_sitenote_active":false,"_monsterinsights_sitenote_note":"","_monsterinsights_sitenote_category":0},"product_brand":[],"product_cat":[95,98],"product_tag":[],"class_list":{"0":"post-8718","1":"product","2":"type-product","3":"status-publish","4":"has-post-thumbnail","6":"product_cat-accessories-for-ants","7":"product_cat-decoration","9":"first","10":"outofstock","11":"taxable","12":"shipping-taxable","13":"purchasable","14":"product-type-simple"},"acf":[],"aioseo_notices":[],"jetpack_sharing_enabled":true,"_links":{"self":[{"href":"https:\/\/antcube.shop\/pl\/wp-json\/wp\/v2\/product\/8718","targetHints":{"allow":["GET"]}}],"collection":[{"href":"https:\/\/antcube.shop\/pl\/wp-json\/wp\/v2\/product"}],"about":[{"href":"https:\/\/antcube.shop\/pl\/wp-json\/wp\/v2\/types\/product"}],"replies":[{"embeddable":true,"href":"https:\/\/antcube.shop\/pl\/wp-json\/wp\/v2\/comments?post=8718"}],"wp:featuredmedia":[{"embeddable":true,"href":"https:\/\/antcube.shop\/pl\/wp-json\/wp\/v2\/media\/8721"}],"wp:attachment":[{"href":"https:\/\/antcube.shop\/pl\/wp-json\/wp\/v2\/media?parent=8718"}],"wp:term":[{"taxonomy":"product_brand","embeddable":true,"href":"https:\/\/antcube.shop\/pl\/wp-json\/wp\/v2\/product_brand?post=8718"},{"taxonomy":"product_cat","embeddable":true,"href":"https:\/\/antcube.shop\/pl\/wp-json\/wp\/v2\/product_cat?post=8718"},{"taxonomy":"product_tag","embeddable":true,"href":"https:\/\/antcube.shop\/pl\/wp-json\/wp\/v2\/product_tag?post=8718"}],"curies":[{"name":"wp","href":"https:\/\/api.w.org\/{rel}","templated":true}]}}